{"id":8900,"date":"2022-05-23T15:42:48","date_gmt":"2022-05-23T15:42:48","guid":{"rendered":"https:\/\/affectionate-mestorf.212-227-211-20.plesk.page\/index.php\/product\/laptop-de-marque-hp-de-model-17-by3xxx-pas-chere-au-cameroun\/"},"modified":"2022-05-23T15:42:48","modified_gmt":"2022-05-23T15:42:48","slug":"laptop-de-marque-hp-de-model-17-by3xxx-pas-chere-au-cameroun","status":"publish","type":"product","link":"https:\/\/affectionate-mestorf.212-227-211-20.plesk.page\/index.php\/product\/laptop-de-marque-hp-de-model-17-by3xxx-pas-chere-au-cameroun\/","title":{"rendered":"LAPTOP DE MARQUE HP DE MODEL 17-by3xxx PAS CHERE AU CAMEROUN"},"content":{"rendered":"<p>LAPTOP HP 17<br \/>\n Processeur: Intel CORE I7 @1.3Ghz 10\u00e9me G\u00e9n\u00e9ration<br \/>\n RAM: 8 Go\/DD: 1To \/Ecran: 17\u2019\u2019<br \/>\n Carte Graphique INTEL : 4 Go<br \/>\n Carte Graphique d\u00e9di\u00e9e : 128 Mo<br \/>\n Wifi\/Webca\/Lecteur de carte M\u00e9moire 3 en1\/Lecteur DVD<br \/>\n Port: 3 USB3.0\/HDMI\/RJ45<br \/>\n Sortie : Casque, Micro<br \/>\n SE : Windows 10 Home<br \/>\n Clavier Pav\u00e9 num\u00e9rique<\/p>\n","protected":false},"excerpt":{"rendered":"<p>Model:<br \/>\n 17-BY3XXX<br \/>\n Operating System:<br \/>\n Windows 10 Home<br \/>\n Type:<br \/>\n Notebook\/Laptop<br \/>\n Processor Speed:<br \/>\n 1.3 GHz<br \/>\n Hard Drive Capacity:<br \/>\n 1 TB<br \/>\n Storage Type:<br \/>\n HDD (Hard Disk Drive)<br \/>\n Brand:<br \/>\n HP<br \/>\n Processor:<br \/>\n Intel Core i7 10th Gen.<br \/>\n Screen Size:<br \/>\n 17.3 in<\/p>\n","protected":false},"featured_media":8899,"template":"","meta":[],"product_cat":[217],"product_tag":[],"class_list":["post-8900","product","type-product","status-publish","has-post-thumbnail","hentry","product_cat-ordinateur"],"yoast_head":"<!-- This site is optimized with the Yoast SEO plugin v19.9 - https:\/\/yoast.com\/wordpress\/plugins\/seo\/ -->\n<title>LAPTOP DE MARQUE HP DE MODEL 17-by3xxx PAS CHERE AU CAMEROUN - Dream Millenium Computer<\/title>\n<meta name=\"robots\" content=\"index, follow, max-snippet:-1, max-image-preview:large, max-video-preview:-1\" \/>\n<link rel=\"canonical\" href=\"https:\/\/affectionate-mestorf.212-227-211-20.plesk.page\/index.php\/product\/laptop-de-marque-hp-de-model-17-by3xxx-pas-chere-au-cameroun\/\" \/>\n<meta property=\"og:locale\" content=\"fr_FR\" \/>\n<meta property=\"og:type\" content=\"article\" \/>\n<meta property=\"og:title\" content=\"LAPTOP DE MARQUE HP DE MODEL 17-by3xxx PAS CHERE AU CAMEROUN - Dream Millenium Computer\" \/>\n<meta property=\"og:description\" content=\"Model:  17-BY3XXX  Operating System:  Windows 10 Home  Type:  Notebook\/Laptop  Processor Speed:  1.3 GHz  Hard Drive Capacity:  1 TB  Storage Type:  HDD (Hard Disk Drive)  Brand:  HP  Processor:  Intel Core i7 10th Gen.  Screen Size:  17.3 in\" \/>\n<meta property=\"og:url\" content=\"https:\/\/affectionate-mestorf.212-227-211-20.plesk.page\/index.php\/product\/laptop-de-marque-hp-de-model-17-by3xxx-pas-chere-au-cameroun\/\" \/>\n<meta property=\"og:site_name\" content=\"Dream Millenium Computer\" \/>\n<meta name=\"twitter:card\" content=\"summary_large_image\" \/>\n<script type=\"application\/ld+json\" class=\"yoast-schema-graph\">{\"@context\":\"https:\/\/schema.org\",\"@graph\":[{\"@type\":\"WebPage\",\"@id\":\"https:\/\/affectionate-mestorf.212-227-211-20.plesk.page\/index.php\/product\/laptop-de-marque-hp-de-model-17-by3xxx-pas-chere-au-cameroun\/\",\"url\":\"https:\/\/affectionate-mestorf.212-227-211-20.plesk.page\/index.php\/product\/laptop-de-marque-hp-de-model-17-by3xxx-pas-chere-au-cameroun\/\",\"name\":\"LAPTOP DE MARQUE HP DE MODEL 17-by3xxx PAS CHERE AU CAMEROUN - Dream Millenium Computer\",\"isPartOf\":{\"@id\":\"https:\/\/affectionate-mestorf.212-227-211-20.plesk.page\/#website\"},\"datePublished\":\"2022-05-23T15:42:48+00:00\",\"dateModified\":\"2022-05-23T15:42:48+00:00\",\"breadcrumb\":{\"@id\":\"https:\/\/affectionate-mestorf.212-227-211-20.plesk.page\/index.php\/product\/laptop-de-marque-hp-de-model-17-by3xxx-pas-chere-au-cameroun\/#breadcrumb\"},\"inLanguage\":\"fr-FR\",\"potentialAction\":[{\"@type\":\"ReadAction\",\"target\":[\"https:\/\/affectionate-mestorf.212-227-211-20.plesk.page\/index.php\/product\/laptop-de-marque-hp-de-model-17-by3xxx-pas-chere-au-cameroun\/\"]}]},{\"@type\":\"BreadcrumbList\",\"@id\":\"https:\/\/affectionate-mestorf.212-227-211-20.plesk.page\/index.php\/product\/laptop-de-marque-hp-de-model-17-by3xxx-pas-chere-au-cameroun\/#breadcrumb\",\"itemListElement\":[{\"@type\":\"ListItem\",\"position\":1,\"name\":\"Home\",\"item\":\"https:\/\/affectionate-mestorf.212-227-211-20.plesk.page\/\"},{\"@type\":\"ListItem\",\"position\":2,\"name\":\"Shop\",\"item\":\"https:\/\/affectionate-mestorf.212-227-211-20.plesk.page\/index.php\/shop\/\"},{\"@type\":\"ListItem\",\"position\":3,\"name\":\"LAPTOP DE MARQUE HP DE MODEL 17-by3xxx PAS CHERE AU CAMEROUN\"}]},{\"@type\":\"WebSite\",\"@id\":\"https:\/\/affectionate-mestorf.212-227-211-20.plesk.page\/#website\",\"url\":\"https:\/\/affectionate-mestorf.212-227-211-20.plesk.page\/\",\"name\":\"Dream Millenium Computer\",\"description\":\"Vous servir, Notre R\u00eave\",\"potentialAction\":[{\"@type\":\"SearchAction\",\"target\":{\"@type\":\"EntryPoint\",\"urlTemplate\":\"https:\/\/affectionate-mestorf.212-227-211-20.plesk.page\/?s={search_term_string}\"},\"query-input\":\"required name=search_term_string\"}],\"inLanguage\":\"fr-FR\"}]}<\/script>\n<!-- \/ Yoast SEO plugin. -->","yoast_head_json":{"title":"LAPTOP DE MARQUE HP DE MODEL 17-by3xxx PAS CHERE AU CAMEROUN - Dream Millenium Computer","robots":{"index":"index","follow":"follow","max-snippet":"max-snippet:-1","max-image-preview":"max-image-preview:large","max-video-preview":"max-video-preview:-1"},"canonical":"https:\/\/affectionate-mestorf.212-227-211-20.plesk.page\/index.php\/product\/laptop-de-marque-hp-de-model-17-by3xxx-pas-chere-au-cameroun\/","og_locale":"fr_FR","og_type":"article","og_title":"LAPTOP DE MARQUE HP DE MODEL 17-by3xxx PAS CHERE AU CAMEROUN - Dream Millenium Computer","og_description":"Model:  17-BY3XXX  Operating System:  Windows 10 Home  Type:  Notebook\/Laptop  Processor Speed:  1.3 GHz  Hard Drive Capacity:  1 TB  Storage Type:  HDD (Hard Disk Drive)  Brand:  HP  Processor:  Intel Core i7 10th Gen.  Screen Size:  17.3 in","og_url":"https:\/\/affectionate-mestorf.212-227-211-20.plesk.page\/index.php\/product\/laptop-de-marque-hp-de-model-17-by3xxx-pas-chere-au-cameroun\/","og_site_name":"Dream Millenium Computer","twitter_card":"summary_large_image","schema":{"@context":"https:\/\/schema.org","@graph":[{"@type":"WebPage","@id":"https:\/\/affectionate-mestorf.212-227-211-20.plesk.page\/index.php\/product\/laptop-de-marque-hp-de-model-17-by3xxx-pas-chere-au-cameroun\/","url":"https:\/\/affectionate-mestorf.212-227-211-20.plesk.page\/index.php\/product\/laptop-de-marque-hp-de-model-17-by3xxx-pas-chere-au-cameroun\/","name":"LAPTOP DE MARQUE HP DE MODEL 17-by3xxx PAS CHERE AU CAMEROUN - Dream Millenium Computer","isPartOf":{"@id":"https:\/\/affectionate-mestorf.212-227-211-20.plesk.page\/#website"},"datePublished":"2022-05-23T15:42:48+00:00","dateModified":"2022-05-23T15:42:48+00:00","breadcrumb":{"@id":"https:\/\/affectionate-mestorf.212-227-211-20.plesk.page\/index.php\/product\/laptop-de-marque-hp-de-model-17-by3xxx-pas-chere-au-cameroun\/#breadcrumb"},"inLanguage":"fr-FR","potentialAction":[{"@type":"ReadAction","target":["https:\/\/affectionate-mestorf.212-227-211-20.plesk.page\/index.php\/product\/laptop-de-marque-hp-de-model-17-by3xxx-pas-chere-au-cameroun\/"]}]},{"@type":"BreadcrumbList","@id":"https:\/\/affectionate-mestorf.212-227-211-20.plesk.page\/index.php\/product\/laptop-de-marque-hp-de-model-17-by3xxx-pas-chere-au-cameroun\/#breadcrumb","itemListElement":[{"@type":"ListItem","position":1,"name":"Home","item":"https:\/\/affectionate-mestorf.212-227-211-20.plesk.page\/"},{"@type":"ListItem","position":2,"name":"Shop","item":"https:\/\/affectionate-mestorf.212-227-211-20.plesk.page\/index.php\/shop\/"},{"@type":"ListItem","position":3,"name":"LAPTOP DE MARQUE HP DE MODEL 17-by3xxx PAS CHERE AU CAMEROUN"}]},{"@type":"WebSite","@id":"https:\/\/affectionate-mestorf.212-227-211-20.plesk.page\/#website","url":"https:\/\/affectionate-mestorf.212-227-211-20.plesk.page\/","name":"Dream Millenium Computer","description":"Vous servir, Notre R\u00eave","potentialAction":[{"@type":"SearchAction","target":{"@type":"EntryPoint","urlTemplate":"https:\/\/affectionate-mestorf.212-227-211-20.plesk.page\/?s={search_term_string}"},"query-input":"required name=search_term_string"}],"inLanguage":"fr-FR"}]}},"_links":{"self":[{"href":"https:\/\/affectionate-mestorf.212-227-211-20.plesk.page\/index.php\/wp-json\/wp\/v2\/product\/8900","targetHints":{"allow":["GET"]}}],"collection":[{"href":"https:\/\/affectionate-mestorf.212-227-211-20.plesk.page\/index.php\/wp-json\/wp\/v2\/product"}],"about":[{"href":"https:\/\/affectionate-mestorf.212-227-211-20.plesk.page\/index.php\/wp-json\/wp\/v2\/types\/product"}],"wp:featuredmedia":[{"embeddable":true,"href":"https:\/\/affectionate-mestorf.212-227-211-20.plesk.page\/index.php\/wp-json\/wp\/v2\/media\/8899"}],"wp:attachment":[{"href":"https:\/\/affectionate-mestorf.212-227-211-20.plesk.page\/index.php\/wp-json\/wp\/v2\/media?parent=8900"}],"wp:term":[{"taxonomy":"product_cat","embeddable":true,"href":"https:\/\/affectionate-mestorf.212-227-211-20.plesk.page\/index.php\/wp-json\/wp\/v2\/product_cat?post=8900"},{"taxonomy":"product_tag","embeddable":true,"href":"https:\/\/affectionate-mestorf.212-227-211-20.plesk.page\/index.php\/wp-json\/wp\/v2\/product_tag?post=8900"}],"curies":[{"name":"wp","href":"https:\/\/api.w.org\/{rel}","templated":true}]}}