{"id":8890,"date":"2022-05-23T15:42:45","date_gmt":"2022-05-23T15:42:45","guid":{"rendered":"https:\/\/affectionate-mestorf.212-227-211-20.plesk.page\/index.php\/product\/laptop-de-marque-lenovo-de-model-thinkbook-15-g2-itl-20vea0mnak-pas-chere-au-cameroun\/"},"modified":"2022-05-23T15:42:45","modified_gmt":"2022-05-23T15:42:45","slug":"laptop-de-marque-lenovo-de-model-thinkbook-15-g2-itl-20vea0mnak-pas-chere-au-cameroun","status":"publish","type":"product","link":"https:\/\/affectionate-mestorf.212-227-211-20.plesk.page\/index.php\/product\/laptop-de-marque-lenovo-de-model-thinkbook-15-g2-itl-20vea0mnak-pas-chere-au-cameroun\/","title":{"rendered":"LAPTOP DE MARQUE LENOVO DE MODEL THINKBOOK 15 G2 ITL (20VEA0MNAK) PAS CHERE AU CAMEROUN"},"content":{"rendered":"<p>LAPTOP LENOVO THINKBOOK 15 G2<br \/>\n Processeur: Intel CORE I5 @2.4Ghz 11\u00e9me G\u00e9n\u00e9ration<br \/>\n RAM: 4Go\/DD: 256Go SSD\/Ecran: 15.6 FHD<br \/>\n Carte Graphique INTEL : 4 Go<br \/>\n Wifi\/Webcam\/DVD-RW\/Lecteur de carte M\u00e9moire 3 en1<br \/>\n Port: 2 USB3.0\/HDMI\/USB type c<br \/>\n Sortie : Casque, Micro<br \/>\n SE : FREE DOS<br \/>\n Clavier Pav\u00e9 num\u00e9rique<\/p>\n","protected":false},"excerpt":{"rendered":"<p>Donnez un coup de fouet \u00e0 votre entreprise avec le Lenovo ThinkBook 15 Gen 2 (Intel) de 39,62 cm (15,6<\/p>\n","protected":false},"featured_media":8889,"template":"","meta":[],"product_cat":[217],"product_tag":[],"class_list":["post-8890","product","type-product","status-publish","has-post-thumbnail","hentry","product_cat-ordinateur"],"yoast_head":"<!-- This site is optimized with the Yoast SEO plugin v19.9 - https:\/\/yoast.com\/wordpress\/plugins\/seo\/ -->\n<title>LAPTOP DE MARQUE LENOVO DE MODEL THINKBOOK 15 G2 ITL (20VEA0MNAK) PAS CHERE AU CAMEROUN - Dream Millenium Computer<\/title>\n<meta name=\"robots\" content=\"index, follow, max-snippet:-1, max-image-preview:large, max-video-preview:-1\" \/>\n<link rel=\"canonical\" href=\"https:\/\/affectionate-mestorf.212-227-211-20.plesk.page\/index.php\/product\/laptop-de-marque-lenovo-de-model-thinkbook-15-g2-itl-20vea0mnak-pas-chere-au-cameroun\/\" \/>\n<meta property=\"og:locale\" content=\"fr_FR\" \/>\n<meta property=\"og:type\" content=\"article\" \/>\n<meta property=\"og:title\" content=\"LAPTOP DE MARQUE LENOVO DE MODEL THINKBOOK 15 G2 ITL (20VEA0MNAK) PAS CHERE AU CAMEROUN - Dream Millenium Computer\" \/>\n<meta property=\"og:description\" content=\"Donnez un coup de fouet \u00e0 votre entreprise avec le Lenovo ThinkBook 15 Gen 2 (Intel) de 39,62 cm (15,6\" \/>\n<meta property=\"og:url\" content=\"https:\/\/affectionate-mestorf.212-227-211-20.plesk.page\/index.php\/product\/laptop-de-marque-lenovo-de-model-thinkbook-15-g2-itl-20vea0mnak-pas-chere-au-cameroun\/\" \/>\n<meta property=\"og:site_name\" content=\"Dream Millenium Computer\" \/>\n<meta name=\"twitter:card\" content=\"summary_large_image\" \/>\n<script type=\"application\/ld+json\" class=\"yoast-schema-graph\">{\"@context\":\"https:\/\/schema.org\",\"@graph\":[{\"@type\":\"WebPage\",\"@id\":\"https:\/\/affectionate-mestorf.212-227-211-20.plesk.page\/index.php\/product\/laptop-de-marque-lenovo-de-model-thinkbook-15-g2-itl-20vea0mnak-pas-chere-au-cameroun\/\",\"url\":\"https:\/\/affectionate-mestorf.212-227-211-20.plesk.page\/index.php\/product\/laptop-de-marque-lenovo-de-model-thinkbook-15-g2-itl-20vea0mnak-pas-chere-au-cameroun\/\",\"name\":\"LAPTOP DE MARQUE LENOVO DE MODEL THINKBOOK 15 G2 ITL (20VEA0MNAK) PAS CHERE AU CAMEROUN - Dream Millenium Computer\",\"isPartOf\":{\"@id\":\"https:\/\/affectionate-mestorf.212-227-211-20.plesk.page\/#website\"},\"datePublished\":\"2022-05-23T15:42:45+00:00\",\"dateModified\":\"2022-05-23T15:42:45+00:00\",\"breadcrumb\":{\"@id\":\"https:\/\/affectionate-mestorf.212-227-211-20.plesk.page\/index.php\/product\/laptop-de-marque-lenovo-de-model-thinkbook-15-g2-itl-20vea0mnak-pas-chere-au-cameroun\/#breadcrumb\"},\"inLanguage\":\"fr-FR\",\"potentialAction\":[{\"@type\":\"ReadAction\",\"target\":[\"https:\/\/affectionate-mestorf.212-227-211-20.plesk.page\/index.php\/product\/laptop-de-marque-lenovo-de-model-thinkbook-15-g2-itl-20vea0mnak-pas-chere-au-cameroun\/\"]}]},{\"@type\":\"BreadcrumbList\",\"@id\":\"https:\/\/affectionate-mestorf.212-227-211-20.plesk.page\/index.php\/product\/laptop-de-marque-lenovo-de-model-thinkbook-15-g2-itl-20vea0mnak-pas-chere-au-cameroun\/#breadcrumb\",\"itemListElement\":[{\"@type\":\"ListItem\",\"position\":1,\"name\":\"Home\",\"item\":\"https:\/\/affectionate-mestorf.212-227-211-20.plesk.page\/\"},{\"@type\":\"ListItem\",\"position\":2,\"name\":\"Shop\",\"item\":\"https:\/\/affectionate-mestorf.212-227-211-20.plesk.page\/index.php\/shop\/\"},{\"@type\":\"ListItem\",\"position\":3,\"name\":\"LAPTOP DE MARQUE LENOVO DE MODEL THINKBOOK 15 G2 ITL (20VEA0MNAK) PAS CHERE AU CAMEROUN\"}]},{\"@type\":\"WebSite\",\"@id\":\"https:\/\/affectionate-mestorf.212-227-211-20.plesk.page\/#website\",\"url\":\"https:\/\/affectionate-mestorf.212-227-211-20.plesk.page\/\",\"name\":\"Dream Millenium Computer\",\"description\":\"Vous servir, Notre R\u00eave\",\"potentialAction\":[{\"@type\":\"SearchAction\",\"target\":{\"@type\":\"EntryPoint\",\"urlTemplate\":\"https:\/\/affectionate-mestorf.212-227-211-20.plesk.page\/?s={search_term_string}\"},\"query-input\":\"required name=search_term_string\"}],\"inLanguage\":\"fr-FR\"}]}<\/script>\n<!-- \/ Yoast SEO plugin. -->","yoast_head_json":{"title":"LAPTOP DE MARQUE LENOVO DE MODEL THINKBOOK 15 G2 ITL (20VEA0MNAK) PAS CHERE AU CAMEROUN - Dream Millenium Computer","robots":{"index":"index","follow":"follow","max-snippet":"max-snippet:-1","max-image-preview":"max-image-preview:large","max-video-preview":"max-video-preview:-1"},"canonical":"https:\/\/affectionate-mestorf.212-227-211-20.plesk.page\/index.php\/product\/laptop-de-marque-lenovo-de-model-thinkbook-15-g2-itl-20vea0mnak-pas-chere-au-cameroun\/","og_locale":"fr_FR","og_type":"article","og_title":"LAPTOP DE MARQUE LENOVO DE MODEL THINKBOOK 15 G2 ITL (20VEA0MNAK) PAS CHERE AU CAMEROUN - Dream Millenium Computer","og_description":"Donnez un coup de fouet \u00e0 votre entreprise avec le Lenovo ThinkBook 15 Gen 2 (Intel) de 39,62 cm (15,6","og_url":"https:\/\/affectionate-mestorf.212-227-211-20.plesk.page\/index.php\/product\/laptop-de-marque-lenovo-de-model-thinkbook-15-g2-itl-20vea0mnak-pas-chere-au-cameroun\/","og_site_name":"Dream Millenium Computer","twitter_card":"summary_large_image","schema":{"@context":"https:\/\/schema.org","@graph":[{"@type":"WebPage","@id":"https:\/\/affectionate-mestorf.212-227-211-20.plesk.page\/index.php\/product\/laptop-de-marque-lenovo-de-model-thinkbook-15-g2-itl-20vea0mnak-pas-chere-au-cameroun\/","url":"https:\/\/affectionate-mestorf.212-227-211-20.plesk.page\/index.php\/product\/laptop-de-marque-lenovo-de-model-thinkbook-15-g2-itl-20vea0mnak-pas-chere-au-cameroun\/","name":"LAPTOP DE MARQUE LENOVO DE MODEL THINKBOOK 15 G2 ITL (20VEA0MNAK) PAS CHERE AU CAMEROUN - Dream Millenium Computer","isPartOf":{"@id":"https:\/\/affectionate-mestorf.212-227-211-20.plesk.page\/#website"},"datePublished":"2022-05-23T15:42:45+00:00","dateModified":"2022-05-23T15:42:45+00:00","breadcrumb":{"@id":"https:\/\/affectionate-mestorf.212-227-211-20.plesk.page\/index.php\/product\/laptop-de-marque-lenovo-de-model-thinkbook-15-g2-itl-20vea0mnak-pas-chere-au-cameroun\/#breadcrumb"},"inLanguage":"fr-FR","potentialAction":[{"@type":"ReadAction","target":["https:\/\/affectionate-mestorf.212-227-211-20.plesk.page\/index.php\/product\/laptop-de-marque-lenovo-de-model-thinkbook-15-g2-itl-20vea0mnak-pas-chere-au-cameroun\/"]}]},{"@type":"BreadcrumbList","@id":"https:\/\/affectionate-mestorf.212-227-211-20.plesk.page\/index.php\/product\/laptop-de-marque-lenovo-de-model-thinkbook-15-g2-itl-20vea0mnak-pas-chere-au-cameroun\/#breadcrumb","itemListElement":[{"@type":"ListItem","position":1,"name":"Home","item":"https:\/\/affectionate-mestorf.212-227-211-20.plesk.page\/"},{"@type":"ListItem","position":2,"name":"Shop","item":"https:\/\/affectionate-mestorf.212-227-211-20.plesk.page\/index.php\/shop\/"},{"@type":"ListItem","position":3,"name":"LAPTOP DE MARQUE LENOVO DE MODEL THINKBOOK 15 G2 ITL (20VEA0MNAK) PAS CHERE AU CAMEROUN"}]},{"@type":"WebSite","@id":"https:\/\/affectionate-mestorf.212-227-211-20.plesk.page\/#website","url":"https:\/\/affectionate-mestorf.212-227-211-20.plesk.page\/","name":"Dream Millenium Computer","description":"Vous servir, Notre R\u00eave","potentialAction":[{"@type":"SearchAction","target":{"@type":"EntryPoint","urlTemplate":"https:\/\/affectionate-mestorf.212-227-211-20.plesk.page\/?s={search_term_string}"},"query-input":"required name=search_term_string"}],"inLanguage":"fr-FR"}]}},"_links":{"self":[{"href":"https:\/\/affectionate-mestorf.212-227-211-20.plesk.page\/index.php\/wp-json\/wp\/v2\/product\/8890","targetHints":{"allow":["GET"]}}],"collection":[{"href":"https:\/\/affectionate-mestorf.212-227-211-20.plesk.page\/index.php\/wp-json\/wp\/v2\/product"}],"about":[{"href":"https:\/\/affectionate-mestorf.212-227-211-20.plesk.page\/index.php\/wp-json\/wp\/v2\/types\/product"}],"wp:featuredmedia":[{"embeddable":true,"href":"https:\/\/affectionate-mestorf.212-227-211-20.plesk.page\/index.php\/wp-json\/wp\/v2\/media\/8889"}],"wp:attachment":[{"href":"https:\/\/affectionate-mestorf.212-227-211-20.plesk.page\/index.php\/wp-json\/wp\/v2\/media?parent=8890"}],"wp:term":[{"taxonomy":"product_cat","embeddable":true,"href":"https:\/\/affectionate-mestorf.212-227-211-20.plesk.page\/index.php\/wp-json\/wp\/v2\/product_cat?post=8890"},{"taxonomy":"product_tag","embeddable":true,"href":"https:\/\/affectionate-mestorf.212-227-211-20.plesk.page\/index.php\/wp-json\/wp\/v2\/product_tag?post=8890"}],"curies":[{"name":"wp","href":"https:\/\/api.w.org\/{rel}","templated":true}]}}