{"id":8888,"date":"2022-05-23T15:42:44","date_gmt":"2022-05-23T15:42:44","guid":{"rendered":"https:\/\/affectionate-mestorf.212-227-211-20.plesk.page\/index.php\/product\/laptop-de-marque-lenovo-de-model-v14-pas-chere-au-cameroun-2\/"},"modified":"2022-05-23T15:42:44","modified_gmt":"2022-05-23T15:42:44","slug":"laptop-de-marque-lenovo-de-model-v14-pas-chere-au-cameroun-2","status":"publish","type":"product","link":"https:\/\/affectionate-mestorf.212-227-211-20.plesk.page\/index.php\/product\/laptop-de-marque-lenovo-de-model-v14-pas-chere-au-cameroun-2\/","title":{"rendered":"LAPTOP DE MARQUE LENOVO DE MODEL V14 PAS CHERE AU CAMEROUN"},"content":{"rendered":"<p>LAPTOP LENOVO V14<br \/>\n Processeur: Intel Core I5 @1.0Ghz 10\u00e9me G\u00e9n\u00e9ration<br \/>\n RAM: 4Go\/DD: 1 To\/Ecran: 14\u2019\u2019<br \/>\n Carte Graphique INTEL GraphicsFamily : 4Go<br \/>\n Carte Graphique D\u00e9di\u00e9e : 128 Mo<br \/>\n Wifi\/Webcam\/Lecteur de carte M\u00e9moire 3 en1<br \/>\n Port: 3 USB3.0\/1 USB type C\/ HDMI\/RJ45<br \/>\n Sortie : Casque, Micro<br \/>\n SE : FreeDos<\/p>\n","protected":false},"excerpt":{"rendered":"<p>Robuste et mobile<\/p>\n<p> A la fois robuste et performant, le PC portable Lenovo V14-IIL est con\u00e7u pour vous permettre de travailler dans de bonnes conditions. Avec sa conception robuste et son \u00e9cran \u00e0 cadre mince, il offre un juste milieu entre confort et mobilit\u00e9. L&rsquo;ordinateur portable Lenovo V14-IIL (82C400SFFR) offre de bonnes performances de travail au quotidien gr\u00e2ce \u00e0 son processeur Intel Core i5-1035G1, ses 8 Go de m\u00e9moire DDR4 et son HDD de 1 To.<\/p>\n","protected":false},"featured_media":8880,"template":"","meta":[],"product_cat":[217],"product_tag":[],"class_list":["post-8888","product","type-product","status-publish","has-post-thumbnail","hentry","product_cat-ordinateur"],"yoast_head":"<!-- This site is optimized with the Yoast SEO plugin v19.9 - https:\/\/yoast.com\/wordpress\/plugins\/seo\/ -->\n<title>LAPTOP DE MARQUE LENOVO DE MODEL V14 PAS CHERE AU CAMEROUN - Dream Millenium Computer<\/title>\n<meta name=\"robots\" content=\"index, follow, max-snippet:-1, max-image-preview:large, max-video-preview:-1\" \/>\n<link rel=\"canonical\" href=\"https:\/\/affectionate-mestorf.212-227-211-20.plesk.page\/index.php\/product\/laptop-de-marque-lenovo-de-model-v14-pas-chere-au-cameroun-2\/\" \/>\n<meta property=\"og:locale\" content=\"fr_FR\" \/>\n<meta property=\"og:type\" content=\"article\" \/>\n<meta property=\"og:title\" content=\"LAPTOP DE MARQUE LENOVO DE MODEL V14 PAS CHERE AU CAMEROUN - Dream Millenium Computer\" \/>\n<meta property=\"og:description\" content=\"Robuste et mobile   A la fois robuste et performant, le PC portable Lenovo V14-IIL est con\u00e7u pour vous permettre de travailler dans de bonnes conditions. Avec sa conception robuste et son \u00e9cran \u00e0 cadre mince, il offre un juste milieu entre confort et mobilit\u00e9. L&#039;ordinateur portable Lenovo V14-IIL (82C400SFFR) offre de bonnes performances de travail au quotidien gr\u00e2ce \u00e0 son processeur Intel Core i5-1035G1, ses 8 Go de m\u00e9moire DDR4 et son HDD de 1 To.\" \/>\n<meta property=\"og:url\" content=\"https:\/\/affectionate-mestorf.212-227-211-20.plesk.page\/index.php\/product\/laptop-de-marque-lenovo-de-model-v14-pas-chere-au-cameroun-2\/\" \/>\n<meta property=\"og:site_name\" content=\"Dream Millenium Computer\" \/>\n<meta name=\"twitter:card\" content=\"summary_large_image\" \/>\n<script type=\"application\/ld+json\" class=\"yoast-schema-graph\">{\"@context\":\"https:\/\/schema.org\",\"@graph\":[{\"@type\":\"WebPage\",\"@id\":\"https:\/\/affectionate-mestorf.212-227-211-20.plesk.page\/index.php\/product\/laptop-de-marque-lenovo-de-model-v14-pas-chere-au-cameroun-2\/\",\"url\":\"https:\/\/affectionate-mestorf.212-227-211-20.plesk.page\/index.php\/product\/laptop-de-marque-lenovo-de-model-v14-pas-chere-au-cameroun-2\/\",\"name\":\"LAPTOP DE MARQUE LENOVO DE MODEL V14 PAS CHERE AU CAMEROUN - Dream Millenium Computer\",\"isPartOf\":{\"@id\":\"https:\/\/affectionate-mestorf.212-227-211-20.plesk.page\/#website\"},\"datePublished\":\"2022-05-23T15:42:44+00:00\",\"dateModified\":\"2022-05-23T15:42:44+00:00\",\"breadcrumb\":{\"@id\":\"https:\/\/affectionate-mestorf.212-227-211-20.plesk.page\/index.php\/product\/laptop-de-marque-lenovo-de-model-v14-pas-chere-au-cameroun-2\/#breadcrumb\"},\"inLanguage\":\"fr-FR\",\"potentialAction\":[{\"@type\":\"ReadAction\",\"target\":[\"https:\/\/affectionate-mestorf.212-227-211-20.plesk.page\/index.php\/product\/laptop-de-marque-lenovo-de-model-v14-pas-chere-au-cameroun-2\/\"]}]},{\"@type\":\"BreadcrumbList\",\"@id\":\"https:\/\/affectionate-mestorf.212-227-211-20.plesk.page\/index.php\/product\/laptop-de-marque-lenovo-de-model-v14-pas-chere-au-cameroun-2\/#breadcrumb\",\"itemListElement\":[{\"@type\":\"ListItem\",\"position\":1,\"name\":\"Home\",\"item\":\"https:\/\/affectionate-mestorf.212-227-211-20.plesk.page\/\"},{\"@type\":\"ListItem\",\"position\":2,\"name\":\"Shop\",\"item\":\"https:\/\/affectionate-mestorf.212-227-211-20.plesk.page\/index.php\/shop\/\"},{\"@type\":\"ListItem\",\"position\":3,\"name\":\"LAPTOP DE MARQUE LENOVO DE MODEL V14 PAS CHERE AU CAMEROUN\"}]},{\"@type\":\"WebSite\",\"@id\":\"https:\/\/affectionate-mestorf.212-227-211-20.plesk.page\/#website\",\"url\":\"https:\/\/affectionate-mestorf.212-227-211-20.plesk.page\/\",\"name\":\"Dream Millenium Computer\",\"description\":\"Vous servir, Notre R\u00eave\",\"potentialAction\":[{\"@type\":\"SearchAction\",\"target\":{\"@type\":\"EntryPoint\",\"urlTemplate\":\"https:\/\/affectionate-mestorf.212-227-211-20.plesk.page\/?s={search_term_string}\"},\"query-input\":\"required name=search_term_string\"}],\"inLanguage\":\"fr-FR\"}]}<\/script>\n<!-- \/ Yoast SEO plugin. -->","yoast_head_json":{"title":"LAPTOP DE MARQUE LENOVO DE MODEL V14 PAS CHERE AU CAMEROUN - Dream Millenium Computer","robots":{"index":"index","follow":"follow","max-snippet":"max-snippet:-1","max-image-preview":"max-image-preview:large","max-video-preview":"max-video-preview:-1"},"canonical":"https:\/\/affectionate-mestorf.212-227-211-20.plesk.page\/index.php\/product\/laptop-de-marque-lenovo-de-model-v14-pas-chere-au-cameroun-2\/","og_locale":"fr_FR","og_type":"article","og_title":"LAPTOP DE MARQUE LENOVO DE MODEL V14 PAS CHERE AU CAMEROUN - Dream Millenium Computer","og_description":"Robuste et mobile   A la fois robuste et performant, le PC portable Lenovo V14-IIL est con\u00e7u pour vous permettre de travailler dans de bonnes conditions. Avec sa conception robuste et son \u00e9cran \u00e0 cadre mince, il offre un juste milieu entre confort et mobilit\u00e9. L'ordinateur portable Lenovo V14-IIL (82C400SFFR) offre de bonnes performances de travail au quotidien gr\u00e2ce \u00e0 son processeur Intel Core i5-1035G1, ses 8 Go de m\u00e9moire DDR4 et son HDD de 1 To.","og_url":"https:\/\/affectionate-mestorf.212-227-211-20.plesk.page\/index.php\/product\/laptop-de-marque-lenovo-de-model-v14-pas-chere-au-cameroun-2\/","og_site_name":"Dream Millenium Computer","twitter_card":"summary_large_image","schema":{"@context":"https:\/\/schema.org","@graph":[{"@type":"WebPage","@id":"https:\/\/affectionate-mestorf.212-227-211-20.plesk.page\/index.php\/product\/laptop-de-marque-lenovo-de-model-v14-pas-chere-au-cameroun-2\/","url":"https:\/\/affectionate-mestorf.212-227-211-20.plesk.page\/index.php\/product\/laptop-de-marque-lenovo-de-model-v14-pas-chere-au-cameroun-2\/","name":"LAPTOP DE MARQUE LENOVO DE MODEL V14 PAS CHERE AU CAMEROUN - Dream Millenium Computer","isPartOf":{"@id":"https:\/\/affectionate-mestorf.212-227-211-20.plesk.page\/#website"},"datePublished":"2022-05-23T15:42:44+00:00","dateModified":"2022-05-23T15:42:44+00:00","breadcrumb":{"@id":"https:\/\/affectionate-mestorf.212-227-211-20.plesk.page\/index.php\/product\/laptop-de-marque-lenovo-de-model-v14-pas-chere-au-cameroun-2\/#breadcrumb"},"inLanguage":"fr-FR","potentialAction":[{"@type":"ReadAction","target":["https:\/\/affectionate-mestorf.212-227-211-20.plesk.page\/index.php\/product\/laptop-de-marque-lenovo-de-model-v14-pas-chere-au-cameroun-2\/"]}]},{"@type":"BreadcrumbList","@id":"https:\/\/affectionate-mestorf.212-227-211-20.plesk.page\/index.php\/product\/laptop-de-marque-lenovo-de-model-v14-pas-chere-au-cameroun-2\/#breadcrumb","itemListElement":[{"@type":"ListItem","position":1,"name":"Home","item":"https:\/\/affectionate-mestorf.212-227-211-20.plesk.page\/"},{"@type":"ListItem","position":2,"name":"Shop","item":"https:\/\/affectionate-mestorf.212-227-211-20.plesk.page\/index.php\/shop\/"},{"@type":"ListItem","position":3,"name":"LAPTOP DE MARQUE LENOVO DE MODEL V14 PAS CHERE AU CAMEROUN"}]},{"@type":"WebSite","@id":"https:\/\/affectionate-mestorf.212-227-211-20.plesk.page\/#website","url":"https:\/\/affectionate-mestorf.212-227-211-20.plesk.page\/","name":"Dream Millenium Computer","description":"Vous servir, Notre R\u00eave","potentialAction":[{"@type":"SearchAction","target":{"@type":"EntryPoint","urlTemplate":"https:\/\/affectionate-mestorf.212-227-211-20.plesk.page\/?s={search_term_string}"},"query-input":"required name=search_term_string"}],"inLanguage":"fr-FR"}]}},"_links":{"self":[{"href":"https:\/\/affectionate-mestorf.212-227-211-20.plesk.page\/index.php\/wp-json\/wp\/v2\/product\/8888","targetHints":{"allow":["GET"]}}],"collection":[{"href":"https:\/\/affectionate-mestorf.212-227-211-20.plesk.page\/index.php\/wp-json\/wp\/v2\/product"}],"about":[{"href":"https:\/\/affectionate-mestorf.212-227-211-20.plesk.page\/index.php\/wp-json\/wp\/v2\/types\/product"}],"wp:featuredmedia":[{"embeddable":true,"href":"https:\/\/affectionate-mestorf.212-227-211-20.plesk.page\/index.php\/wp-json\/wp\/v2\/media\/8880"}],"wp:attachment":[{"href":"https:\/\/affectionate-mestorf.212-227-211-20.plesk.page\/index.php\/wp-json\/wp\/v2\/media?parent=8888"}],"wp:term":[{"taxonomy":"product_cat","embeddable":true,"href":"https:\/\/affectionate-mestorf.212-227-211-20.plesk.page\/index.php\/wp-json\/wp\/v2\/product_cat?post=8888"},{"taxonomy":"product_tag","embeddable":true,"href":"https:\/\/affectionate-mestorf.212-227-211-20.plesk.page\/index.php\/wp-json\/wp\/v2\/product_tag?post=8888"}],"curies":[{"name":"wp","href":"https:\/\/api.w.org\/{rel}","templated":true}]}}