{"id":8887,"date":"2022-05-23T15:42:44","date_gmt":"2022-05-23T15:42:44","guid":{"rendered":"https:\/\/affectionate-mestorf.212-227-211-20.plesk.page\/index.php\/product\/laptop-de-marque-hp-de-model-pavillon-15-cs3153cl-pas-chere-au-cameroun\/"},"modified":"2022-05-23T15:42:44","modified_gmt":"2022-05-23T15:42:44","slug":"laptop-de-marque-hp-de-model-pavillon-15-cs3153cl-pas-chere-au-cameroun","status":"publish","type":"product","link":"https:\/\/affectionate-mestorf.212-227-211-20.plesk.page\/index.php\/product\/laptop-de-marque-hp-de-model-pavillon-15-cs3153cl-pas-chere-au-cameroun\/","title":{"rendered":"LAPTOP DE MARQUE HP DE MODEL PAVILLON 15-cs3153cl PAS CHERE AU CAMEROUN"},"content":{"rendered":"<p>LAPTOP HP PAVILLON 15<br \/>\n Processeur: Intel Core I5 @1.0Ghz 10\u00e9me G\u00e9n\u00e9ration<br \/>\n RAM: 12Go\/DD: 512 Go SSD\/Ecran: 15.6\u2019\u2019 TouchScreen<br \/>\n Carte Graphique INTEL GraphicsFamily : 6Go<br \/>\n Carte Graphique D\u00e9di\u00e9e : 128 Mo<br \/>\n Wifi\/Webcam\/Lecteur de carte M\u00e9moire 3 en1<br \/>\n Port: 2 USB3.0\/1 USB type C\/ HDMI\/RJ45<br \/>\n Sortie : Casque, Micro<br \/>\n SE : Windows Home<\/p>\n","protected":false},"excerpt":{"rendered":"<p>De la performance dans un petit format, c\u2019est ce que vous offre la marque HP avec son Pavilion 15 CS3153CL. L\u2019ordinateur portable est pourvu d\u2019un puissant disque dur SSD de 512 Go en plus d\u2019une m\u00e9moire vive (Ram) de 12 Go. Le processeur Intel Core i5 offre une longueur d\u2019avance cot\u00e9 performance. L\u2019appareil convient pour les professionnelles des montages photo, les jeux vid\u00e9o et aussi pour le travail de bureau.<\/p>\n","protected":false},"featured_media":8886,"template":"","meta":[],"product_cat":[217],"product_tag":[],"class_list":["post-8887","product","type-product","status-publish","has-post-thumbnail","hentry","product_cat-ordinateur"],"yoast_head":"<!-- This site is optimized with the Yoast SEO plugin v19.9 - https:\/\/yoast.com\/wordpress\/plugins\/seo\/ -->\n<title>LAPTOP DE MARQUE HP DE MODEL PAVILLON 15-cs3153cl PAS CHERE AU CAMEROUN - Dream Millenium Computer<\/title>\n<meta name=\"robots\" content=\"index, follow, max-snippet:-1, max-image-preview:large, max-video-preview:-1\" \/>\n<link rel=\"canonical\" href=\"https:\/\/affectionate-mestorf.212-227-211-20.plesk.page\/index.php\/product\/laptop-de-marque-hp-de-model-pavillon-15-cs3153cl-pas-chere-au-cameroun\/\" \/>\n<meta property=\"og:locale\" content=\"fr_FR\" \/>\n<meta property=\"og:type\" content=\"article\" \/>\n<meta property=\"og:title\" content=\"LAPTOP DE MARQUE HP DE MODEL PAVILLON 15-cs3153cl PAS CHERE AU CAMEROUN - Dream Millenium Computer\" \/>\n<meta property=\"og:description\" content=\"De la performance dans un petit format, c\u2019est ce que vous offre la marque HP avec son Pavilion 15 CS3153CL. L\u2019ordinateur portable est pourvu d\u2019un puissant disque dur SSD de 512 Go en plus d\u2019une m\u00e9moire vive (Ram) de 12 Go. Le processeur Intel Core i5 offre une longueur d\u2019avance cot\u00e9 performance. L\u2019appareil convient pour les professionnelles des montages photo, les jeux vid\u00e9o et aussi pour le travail de bureau.\" \/>\n<meta property=\"og:url\" content=\"https:\/\/affectionate-mestorf.212-227-211-20.plesk.page\/index.php\/product\/laptop-de-marque-hp-de-model-pavillon-15-cs3153cl-pas-chere-au-cameroun\/\" \/>\n<meta property=\"og:site_name\" content=\"Dream Millenium Computer\" \/>\n<meta name=\"twitter:card\" content=\"summary_large_image\" \/>\n<script type=\"application\/ld+json\" class=\"yoast-schema-graph\">{\"@context\":\"https:\/\/schema.org\",\"@graph\":[{\"@type\":\"WebPage\",\"@id\":\"https:\/\/affectionate-mestorf.212-227-211-20.plesk.page\/index.php\/product\/laptop-de-marque-hp-de-model-pavillon-15-cs3153cl-pas-chere-au-cameroun\/\",\"url\":\"https:\/\/affectionate-mestorf.212-227-211-20.plesk.page\/index.php\/product\/laptop-de-marque-hp-de-model-pavillon-15-cs3153cl-pas-chere-au-cameroun\/\",\"name\":\"LAPTOP DE MARQUE HP DE MODEL PAVILLON 15-cs3153cl PAS CHERE AU CAMEROUN - Dream Millenium Computer\",\"isPartOf\":{\"@id\":\"https:\/\/affectionate-mestorf.212-227-211-20.plesk.page\/#website\"},\"datePublished\":\"2022-05-23T15:42:44+00:00\",\"dateModified\":\"2022-05-23T15:42:44+00:00\",\"breadcrumb\":{\"@id\":\"https:\/\/affectionate-mestorf.212-227-211-20.plesk.page\/index.php\/product\/laptop-de-marque-hp-de-model-pavillon-15-cs3153cl-pas-chere-au-cameroun\/#breadcrumb\"},\"inLanguage\":\"fr-FR\",\"potentialAction\":[{\"@type\":\"ReadAction\",\"target\":[\"https:\/\/affectionate-mestorf.212-227-211-20.plesk.page\/index.php\/product\/laptop-de-marque-hp-de-model-pavillon-15-cs3153cl-pas-chere-au-cameroun\/\"]}]},{\"@type\":\"BreadcrumbList\",\"@id\":\"https:\/\/affectionate-mestorf.212-227-211-20.plesk.page\/index.php\/product\/laptop-de-marque-hp-de-model-pavillon-15-cs3153cl-pas-chere-au-cameroun\/#breadcrumb\",\"itemListElement\":[{\"@type\":\"ListItem\",\"position\":1,\"name\":\"Home\",\"item\":\"https:\/\/affectionate-mestorf.212-227-211-20.plesk.page\/\"},{\"@type\":\"ListItem\",\"position\":2,\"name\":\"Shop\",\"item\":\"https:\/\/affectionate-mestorf.212-227-211-20.plesk.page\/index.php\/shop\/\"},{\"@type\":\"ListItem\",\"position\":3,\"name\":\"LAPTOP DE MARQUE HP DE MODEL PAVILLON 15-cs3153cl PAS CHERE AU CAMEROUN\"}]},{\"@type\":\"WebSite\",\"@id\":\"https:\/\/affectionate-mestorf.212-227-211-20.plesk.page\/#website\",\"url\":\"https:\/\/affectionate-mestorf.212-227-211-20.plesk.page\/\",\"name\":\"Dream Millenium Computer\",\"description\":\"Vous servir, Notre R\u00eave\",\"potentialAction\":[{\"@type\":\"SearchAction\",\"target\":{\"@type\":\"EntryPoint\",\"urlTemplate\":\"https:\/\/affectionate-mestorf.212-227-211-20.plesk.page\/?s={search_term_string}\"},\"query-input\":\"required name=search_term_string\"}],\"inLanguage\":\"fr-FR\"}]}<\/script>\n<!-- \/ Yoast SEO plugin. -->","yoast_head_json":{"title":"LAPTOP DE MARQUE HP DE MODEL PAVILLON 15-cs3153cl PAS CHERE AU CAMEROUN - Dream Millenium Computer","robots":{"index":"index","follow":"follow","max-snippet":"max-snippet:-1","max-image-preview":"max-image-preview:large","max-video-preview":"max-video-preview:-1"},"canonical":"https:\/\/affectionate-mestorf.212-227-211-20.plesk.page\/index.php\/product\/laptop-de-marque-hp-de-model-pavillon-15-cs3153cl-pas-chere-au-cameroun\/","og_locale":"fr_FR","og_type":"article","og_title":"LAPTOP DE MARQUE HP DE MODEL PAVILLON 15-cs3153cl PAS CHERE AU CAMEROUN - Dream Millenium Computer","og_description":"De la performance dans un petit format, c\u2019est ce que vous offre la marque HP avec son Pavilion 15 CS3153CL. L\u2019ordinateur portable est pourvu d\u2019un puissant disque dur SSD de 512 Go en plus d\u2019une m\u00e9moire vive (Ram) de 12 Go. Le processeur Intel Core i5 offre une longueur d\u2019avance cot\u00e9 performance. L\u2019appareil convient pour les professionnelles des montages photo, les jeux vid\u00e9o et aussi pour le travail de bureau.","og_url":"https:\/\/affectionate-mestorf.212-227-211-20.plesk.page\/index.php\/product\/laptop-de-marque-hp-de-model-pavillon-15-cs3153cl-pas-chere-au-cameroun\/","og_site_name":"Dream Millenium Computer","twitter_card":"summary_large_image","schema":{"@context":"https:\/\/schema.org","@graph":[{"@type":"WebPage","@id":"https:\/\/affectionate-mestorf.212-227-211-20.plesk.page\/index.php\/product\/laptop-de-marque-hp-de-model-pavillon-15-cs3153cl-pas-chere-au-cameroun\/","url":"https:\/\/affectionate-mestorf.212-227-211-20.plesk.page\/index.php\/product\/laptop-de-marque-hp-de-model-pavillon-15-cs3153cl-pas-chere-au-cameroun\/","name":"LAPTOP DE MARQUE HP DE MODEL PAVILLON 15-cs3153cl PAS CHERE AU CAMEROUN - Dream Millenium Computer","isPartOf":{"@id":"https:\/\/affectionate-mestorf.212-227-211-20.plesk.page\/#website"},"datePublished":"2022-05-23T15:42:44+00:00","dateModified":"2022-05-23T15:42:44+00:00","breadcrumb":{"@id":"https:\/\/affectionate-mestorf.212-227-211-20.plesk.page\/index.php\/product\/laptop-de-marque-hp-de-model-pavillon-15-cs3153cl-pas-chere-au-cameroun\/#breadcrumb"},"inLanguage":"fr-FR","potentialAction":[{"@type":"ReadAction","target":["https:\/\/affectionate-mestorf.212-227-211-20.plesk.page\/index.php\/product\/laptop-de-marque-hp-de-model-pavillon-15-cs3153cl-pas-chere-au-cameroun\/"]}]},{"@type":"BreadcrumbList","@id":"https:\/\/affectionate-mestorf.212-227-211-20.plesk.page\/index.php\/product\/laptop-de-marque-hp-de-model-pavillon-15-cs3153cl-pas-chere-au-cameroun\/#breadcrumb","itemListElement":[{"@type":"ListItem","position":1,"name":"Home","item":"https:\/\/affectionate-mestorf.212-227-211-20.plesk.page\/"},{"@type":"ListItem","position":2,"name":"Shop","item":"https:\/\/affectionate-mestorf.212-227-211-20.plesk.page\/index.php\/shop\/"},{"@type":"ListItem","position":3,"name":"LAPTOP DE MARQUE HP DE MODEL PAVILLON 15-cs3153cl PAS CHERE AU CAMEROUN"}]},{"@type":"WebSite","@id":"https:\/\/affectionate-mestorf.212-227-211-20.plesk.page\/#website","url":"https:\/\/affectionate-mestorf.212-227-211-20.plesk.page\/","name":"Dream Millenium Computer","description":"Vous servir, Notre R\u00eave","potentialAction":[{"@type":"SearchAction","target":{"@type":"EntryPoint","urlTemplate":"https:\/\/affectionate-mestorf.212-227-211-20.plesk.page\/?s={search_term_string}"},"query-input":"required name=search_term_string"}],"inLanguage":"fr-FR"}]}},"_links":{"self":[{"href":"https:\/\/affectionate-mestorf.212-227-211-20.plesk.page\/index.php\/wp-json\/wp\/v2\/product\/8887","targetHints":{"allow":["GET"]}}],"collection":[{"href":"https:\/\/affectionate-mestorf.212-227-211-20.plesk.page\/index.php\/wp-json\/wp\/v2\/product"}],"about":[{"href":"https:\/\/affectionate-mestorf.212-227-211-20.plesk.page\/index.php\/wp-json\/wp\/v2\/types\/product"}],"wp:featuredmedia":[{"embeddable":true,"href":"https:\/\/affectionate-mestorf.212-227-211-20.plesk.page\/index.php\/wp-json\/wp\/v2\/media\/8886"}],"wp:attachment":[{"href":"https:\/\/affectionate-mestorf.212-227-211-20.plesk.page\/index.php\/wp-json\/wp\/v2\/media?parent=8887"}],"wp:term":[{"taxonomy":"product_cat","embeddable":true,"href":"https:\/\/affectionate-mestorf.212-227-211-20.plesk.page\/index.php\/wp-json\/wp\/v2\/product_cat?post=8887"},{"taxonomy":"product_tag","embeddable":true,"href":"https:\/\/affectionate-mestorf.212-227-211-20.plesk.page\/index.php\/wp-json\/wp\/v2\/product_tag?post=8887"}],"curies":[{"name":"wp","href":"https:\/\/api.w.org\/{rel}","templated":true}]}}