{"id":8885,"date":"2022-05-23T15:42:44","date_gmt":"2022-05-23T15:42:44","guid":{"rendered":"https:\/\/affectionate-mestorf.212-227-211-20.plesk.page\/index.php\/product\/laptop-de-marque-hp-de-model-250-g7-pas-chere-au-cameroun\/"},"modified":"2022-05-23T15:42:44","modified_gmt":"2022-05-23T15:42:44","slug":"laptop-de-marque-hp-de-model-250-g7-pas-chere-au-cameroun","status":"publish","type":"product","link":"https:\/\/affectionate-mestorf.212-227-211-20.plesk.page\/index.php\/product\/laptop-de-marque-hp-de-model-250-g7-pas-chere-au-cameroun\/","title":{"rendered":"LAPTOP DE MARQUE HP DE MODEL 250 G7 PAS CHERE AU CAMEROUN"},"content":{"rendered":"<p>LAPTOP 250 G7<br \/>\n Processeur: Intel Core I5 @1.8Ghz 8\u00e9me G\u00e9n\u00e9ration<br \/>\n RAM: 4Go\/DD: 500 Go\/Ecran: 15.6\u2019\u2019<br \/>\n Carte Graphique INTEL GraphicsFamily : 4Go<br \/>\n Wifi\/Webcam\/DVD-RW\/Lecteur de carte M\u00e9moire 3 en1<br \/>\n Port: 3 USB3.0\/HDMI\/RJ45<br \/>\n Sortie : Casque, Micro<br \/>\n SE : FREEDOS<br \/>\n Clavier Pav\u00e9 num\u00e9rique<\/p>\n","protected":false},"excerpt":{"rendered":"<p>Utilisez le PC portable HP 250 G7 au quotidien pour toutes vos t\u00e2ches professionnelles courantes. El\u00e9gant et polyvalent, cet ordinateur portable HP dispose d&rsquo;un \u00e9cran de 15.6 pouces HD offrant un juste milieu entre confort et mobilit\u00e9. Equip\u00e9 d&rsquo;un processeur Intel Core i5-8265U, de 4 Go de m\u00e9moire DDR4 et d&rsquo;un HDD de 500 Go, le PC portable HP 250 G7 (6BP64EA) offre d&rsquo;excellentes performances et un fonctionnement rapide.<\/p>\n","protected":false},"featured_media":8884,"template":"","meta":[],"product_cat":[217],"product_tag":[],"class_list":["post-8885","product","type-product","status-publish","has-post-thumbnail","hentry","product_cat-ordinateur"],"yoast_head":"<!-- This site is optimized with the Yoast SEO plugin v19.9 - https:\/\/yoast.com\/wordpress\/plugins\/seo\/ -->\n<title>LAPTOP DE MARQUE HP DE MODEL 250 G7 PAS CHERE AU CAMEROUN - Dream Millenium Computer<\/title>\n<meta name=\"robots\" content=\"index, follow, max-snippet:-1, max-image-preview:large, max-video-preview:-1\" \/>\n<link rel=\"canonical\" href=\"https:\/\/affectionate-mestorf.212-227-211-20.plesk.page\/index.php\/product\/laptop-de-marque-hp-de-model-250-g7-pas-chere-au-cameroun\/\" \/>\n<meta property=\"og:locale\" content=\"fr_FR\" \/>\n<meta property=\"og:type\" content=\"article\" \/>\n<meta property=\"og:title\" content=\"LAPTOP DE MARQUE HP DE MODEL 250 G7 PAS CHERE AU CAMEROUN - Dream Millenium Computer\" \/>\n<meta property=\"og:description\" content=\"Utilisez le PC portable HP 250 G7 au quotidien pour toutes vos t\u00e2ches professionnelles courantes. El\u00e9gant et polyvalent, cet ordinateur portable HP dispose d&#039;un \u00e9cran de 15.6 pouces HD offrant un juste milieu entre confort et mobilit\u00e9. Equip\u00e9 d&#039;un processeur Intel Core i5-8265U, de 4 Go de m\u00e9moire DDR4 et d&#039;un HDD de 500 Go, le PC portable HP 250 G7 (6BP64EA) offre d&#039;excellentes performances et un fonctionnement rapide.\" \/>\n<meta property=\"og:url\" content=\"https:\/\/affectionate-mestorf.212-227-211-20.plesk.page\/index.php\/product\/laptop-de-marque-hp-de-model-250-g7-pas-chere-au-cameroun\/\" \/>\n<meta property=\"og:site_name\" content=\"Dream Millenium Computer\" \/>\n<meta name=\"twitter:card\" content=\"summary_large_image\" \/>\n<script type=\"application\/ld+json\" class=\"yoast-schema-graph\">{\"@context\":\"https:\/\/schema.org\",\"@graph\":[{\"@type\":\"WebPage\",\"@id\":\"https:\/\/affectionate-mestorf.212-227-211-20.plesk.page\/index.php\/product\/laptop-de-marque-hp-de-model-250-g7-pas-chere-au-cameroun\/\",\"url\":\"https:\/\/affectionate-mestorf.212-227-211-20.plesk.page\/index.php\/product\/laptop-de-marque-hp-de-model-250-g7-pas-chere-au-cameroun\/\",\"name\":\"LAPTOP DE MARQUE HP DE MODEL 250 G7 PAS CHERE AU CAMEROUN - Dream Millenium Computer\",\"isPartOf\":{\"@id\":\"https:\/\/affectionate-mestorf.212-227-211-20.plesk.page\/#website\"},\"datePublished\":\"2022-05-23T15:42:44+00:00\",\"dateModified\":\"2022-05-23T15:42:44+00:00\",\"breadcrumb\":{\"@id\":\"https:\/\/affectionate-mestorf.212-227-211-20.plesk.page\/index.php\/product\/laptop-de-marque-hp-de-model-250-g7-pas-chere-au-cameroun\/#breadcrumb\"},\"inLanguage\":\"fr-FR\",\"potentialAction\":[{\"@type\":\"ReadAction\",\"target\":[\"https:\/\/affectionate-mestorf.212-227-211-20.plesk.page\/index.php\/product\/laptop-de-marque-hp-de-model-250-g7-pas-chere-au-cameroun\/\"]}]},{\"@type\":\"BreadcrumbList\",\"@id\":\"https:\/\/affectionate-mestorf.212-227-211-20.plesk.page\/index.php\/product\/laptop-de-marque-hp-de-model-250-g7-pas-chere-au-cameroun\/#breadcrumb\",\"itemListElement\":[{\"@type\":\"ListItem\",\"position\":1,\"name\":\"Home\",\"item\":\"https:\/\/affectionate-mestorf.212-227-211-20.plesk.page\/\"},{\"@type\":\"ListItem\",\"position\":2,\"name\":\"Shop\",\"item\":\"https:\/\/affectionate-mestorf.212-227-211-20.plesk.page\/index.php\/shop\/\"},{\"@type\":\"ListItem\",\"position\":3,\"name\":\"LAPTOP DE MARQUE HP DE MODEL 250 G7 PAS CHERE AU CAMEROUN\"}]},{\"@type\":\"WebSite\",\"@id\":\"https:\/\/affectionate-mestorf.212-227-211-20.plesk.page\/#website\",\"url\":\"https:\/\/affectionate-mestorf.212-227-211-20.plesk.page\/\",\"name\":\"Dream Millenium Computer\",\"description\":\"Vous servir, Notre R\u00eave\",\"potentialAction\":[{\"@type\":\"SearchAction\",\"target\":{\"@type\":\"EntryPoint\",\"urlTemplate\":\"https:\/\/affectionate-mestorf.212-227-211-20.plesk.page\/?s={search_term_string}\"},\"query-input\":\"required name=search_term_string\"}],\"inLanguage\":\"fr-FR\"}]}<\/script>\n<!-- \/ Yoast SEO plugin. -->","yoast_head_json":{"title":"LAPTOP DE MARQUE HP DE MODEL 250 G7 PAS CHERE AU CAMEROUN - Dream Millenium Computer","robots":{"index":"index","follow":"follow","max-snippet":"max-snippet:-1","max-image-preview":"max-image-preview:large","max-video-preview":"max-video-preview:-1"},"canonical":"https:\/\/affectionate-mestorf.212-227-211-20.plesk.page\/index.php\/product\/laptop-de-marque-hp-de-model-250-g7-pas-chere-au-cameroun\/","og_locale":"fr_FR","og_type":"article","og_title":"LAPTOP DE MARQUE HP DE MODEL 250 G7 PAS CHERE AU CAMEROUN - Dream Millenium Computer","og_description":"Utilisez le PC portable HP 250 G7 au quotidien pour toutes vos t\u00e2ches professionnelles courantes. El\u00e9gant et polyvalent, cet ordinateur portable HP dispose d'un \u00e9cran de 15.6 pouces HD offrant un juste milieu entre confort et mobilit\u00e9. Equip\u00e9 d'un processeur Intel Core i5-8265U, de 4 Go de m\u00e9moire DDR4 et d'un HDD de 500 Go, le PC portable HP 250 G7 (6BP64EA) offre d'excellentes performances et un fonctionnement rapide.","og_url":"https:\/\/affectionate-mestorf.212-227-211-20.plesk.page\/index.php\/product\/laptop-de-marque-hp-de-model-250-g7-pas-chere-au-cameroun\/","og_site_name":"Dream Millenium Computer","twitter_card":"summary_large_image","schema":{"@context":"https:\/\/schema.org","@graph":[{"@type":"WebPage","@id":"https:\/\/affectionate-mestorf.212-227-211-20.plesk.page\/index.php\/product\/laptop-de-marque-hp-de-model-250-g7-pas-chere-au-cameroun\/","url":"https:\/\/affectionate-mestorf.212-227-211-20.plesk.page\/index.php\/product\/laptop-de-marque-hp-de-model-250-g7-pas-chere-au-cameroun\/","name":"LAPTOP DE MARQUE HP DE MODEL 250 G7 PAS CHERE AU CAMEROUN - Dream Millenium Computer","isPartOf":{"@id":"https:\/\/affectionate-mestorf.212-227-211-20.plesk.page\/#website"},"datePublished":"2022-05-23T15:42:44+00:00","dateModified":"2022-05-23T15:42:44+00:00","breadcrumb":{"@id":"https:\/\/affectionate-mestorf.212-227-211-20.plesk.page\/index.php\/product\/laptop-de-marque-hp-de-model-250-g7-pas-chere-au-cameroun\/#breadcrumb"},"inLanguage":"fr-FR","potentialAction":[{"@type":"ReadAction","target":["https:\/\/affectionate-mestorf.212-227-211-20.plesk.page\/index.php\/product\/laptop-de-marque-hp-de-model-250-g7-pas-chere-au-cameroun\/"]}]},{"@type":"BreadcrumbList","@id":"https:\/\/affectionate-mestorf.212-227-211-20.plesk.page\/index.php\/product\/laptop-de-marque-hp-de-model-250-g7-pas-chere-au-cameroun\/#breadcrumb","itemListElement":[{"@type":"ListItem","position":1,"name":"Home","item":"https:\/\/affectionate-mestorf.212-227-211-20.plesk.page\/"},{"@type":"ListItem","position":2,"name":"Shop","item":"https:\/\/affectionate-mestorf.212-227-211-20.plesk.page\/index.php\/shop\/"},{"@type":"ListItem","position":3,"name":"LAPTOP DE MARQUE HP DE MODEL 250 G7 PAS CHERE AU CAMEROUN"}]},{"@type":"WebSite","@id":"https:\/\/affectionate-mestorf.212-227-211-20.plesk.page\/#website","url":"https:\/\/affectionate-mestorf.212-227-211-20.plesk.page\/","name":"Dream Millenium Computer","description":"Vous servir, Notre R\u00eave","potentialAction":[{"@type":"SearchAction","target":{"@type":"EntryPoint","urlTemplate":"https:\/\/affectionate-mestorf.212-227-211-20.plesk.page\/?s={search_term_string}"},"query-input":"required name=search_term_string"}],"inLanguage":"fr-FR"}]}},"_links":{"self":[{"href":"https:\/\/affectionate-mestorf.212-227-211-20.plesk.page\/index.php\/wp-json\/wp\/v2\/product\/8885","targetHints":{"allow":["GET"]}}],"collection":[{"href":"https:\/\/affectionate-mestorf.212-227-211-20.plesk.page\/index.php\/wp-json\/wp\/v2\/product"}],"about":[{"href":"https:\/\/affectionate-mestorf.212-227-211-20.plesk.page\/index.php\/wp-json\/wp\/v2\/types\/product"}],"wp:featuredmedia":[{"embeddable":true,"href":"https:\/\/affectionate-mestorf.212-227-211-20.plesk.page\/index.php\/wp-json\/wp\/v2\/media\/8884"}],"wp:attachment":[{"href":"https:\/\/affectionate-mestorf.212-227-211-20.plesk.page\/index.php\/wp-json\/wp\/v2\/media?parent=8885"}],"wp:term":[{"taxonomy":"product_cat","embeddable":true,"href":"https:\/\/affectionate-mestorf.212-227-211-20.plesk.page\/index.php\/wp-json\/wp\/v2\/product_cat?post=8885"},{"taxonomy":"product_tag","embeddable":true,"href":"https:\/\/affectionate-mestorf.212-227-211-20.plesk.page\/index.php\/wp-json\/wp\/v2\/product_tag?post=8885"}],"curies":[{"name":"wp","href":"https:\/\/api.w.org\/{rel}","templated":true}]}}