{"id":8877,"date":"2022-05-23T15:42:42","date_gmt":"2022-05-23T15:42:42","guid":{"rendered":"https:\/\/affectionate-mestorf.212-227-211-20.plesk.page\/index.php\/product\/laptop-de-marque-hp-de-model-15-dw1024wm-pas-chere-au-cameroun\/"},"modified":"2022-05-23T15:42:42","modified_gmt":"2022-05-23T15:42:42","slug":"laptop-de-marque-hp-de-model-15-dw1024wm-pas-chere-au-cameroun","status":"publish","type":"product","link":"https:\/\/affectionate-mestorf.212-227-211-20.plesk.page\/index.php\/product\/laptop-de-marque-hp-de-model-15-dw1024wm-pas-chere-au-cameroun\/","title":{"rendered":"LAPTOP DE MARQUE HP DE MODEL 15-dw1024wm PAS CHERE AU CAMEROUN"},"content":{"rendered":"<p>LAPTOP HP 15<br \/>\n Processeur: Intel Core I3@3.2 GHz 10eme g\u00e9neration<br \/>\n RAM: 4 Go\/DD: 125 Go SSD \/Ecran: 15.6\u2019\u2019<br \/>\n Carte Graphique Intel: 2 Go<br \/>\n Carte graphique d\u00e9di\u00e9e : 128Mo<br \/>\n Wifi\/Webcam\/Lecteur de carte M\u00e9moire 3 en1<br \/>\n Port: 2USB3.0\/1 USB TYPE C\/HDMI\/RJ45<br \/>\n Sortie : Casque<br \/>\n SE : Windows Home<\/p>\n","protected":false},"excerpt":{"rendered":"<p>Place \u00e0 l\u2019ordinateur portable HP 15 pour vous \u00e9pauler lors de vos d\u00e9placements. Il pr\u00e9sente un grand \u00e9cran HD de 15.6 pouces pour distinguer plus de couleur et de d\u00e9tail. Un processeur Intel Core i3 embarqu\u00e9 avec un disque dur SSD de 128 Go permet de mettre fin aux temps de latence qui ralentissent tellement souvent les PC standard. Enfin un syst\u00e8me d\u2019exploitation Windows 10 et une batterie longue dur\u00e9e font du HP 15-DW1024WM un alli\u00e9 de taille pour les affaires et le divertissement.<\/p>\n","protected":false},"featured_media":8876,"template":"","meta":[],"product_cat":[217],"product_tag":[],"class_list":["post-8877","product","type-product","status-publish","has-post-thumbnail","hentry","product_cat-ordinateur"],"yoast_head":"<!-- This site is optimized with the Yoast SEO plugin v19.9 - https:\/\/yoast.com\/wordpress\/plugins\/seo\/ -->\n<title>LAPTOP DE MARQUE HP DE MODEL 15-dw1024wm PAS CHERE AU CAMEROUN - Dream Millenium Computer<\/title>\n<meta name=\"robots\" content=\"index, follow, max-snippet:-1, max-image-preview:large, max-video-preview:-1\" \/>\n<link rel=\"canonical\" href=\"https:\/\/affectionate-mestorf.212-227-211-20.plesk.page\/index.php\/product\/laptop-de-marque-hp-de-model-15-dw1024wm-pas-chere-au-cameroun\/\" \/>\n<meta property=\"og:locale\" content=\"fr_FR\" \/>\n<meta property=\"og:type\" content=\"article\" \/>\n<meta property=\"og:title\" content=\"LAPTOP DE MARQUE HP DE MODEL 15-dw1024wm PAS CHERE AU CAMEROUN - Dream Millenium Computer\" \/>\n<meta property=\"og:description\" content=\"Place \u00e0 l\u2019ordinateur portable HP 15 pour vous \u00e9pauler lors de vos d\u00e9placements. Il pr\u00e9sente un grand \u00e9cran HD de 15.6 pouces pour distinguer plus de couleur et de d\u00e9tail. Un processeur Intel Core i3 embarqu\u00e9 avec un disque dur SSD de 128 Go permet de mettre fin aux temps de latence qui ralentissent tellement souvent les PC standard. Enfin un syst\u00e8me d\u2019exploitation Windows 10 et une batterie longue dur\u00e9e font du HP 15-DW1024WM un alli\u00e9 de taille pour les affaires et le divertissement.\" \/>\n<meta property=\"og:url\" content=\"https:\/\/affectionate-mestorf.212-227-211-20.plesk.page\/index.php\/product\/laptop-de-marque-hp-de-model-15-dw1024wm-pas-chere-au-cameroun\/\" \/>\n<meta property=\"og:site_name\" content=\"Dream Millenium Computer\" \/>\n<meta name=\"twitter:card\" content=\"summary_large_image\" \/>\n<script type=\"application\/ld+json\" class=\"yoast-schema-graph\">{\"@context\":\"https:\/\/schema.org\",\"@graph\":[{\"@type\":\"WebPage\",\"@id\":\"https:\/\/affectionate-mestorf.212-227-211-20.plesk.page\/index.php\/product\/laptop-de-marque-hp-de-model-15-dw1024wm-pas-chere-au-cameroun\/\",\"url\":\"https:\/\/affectionate-mestorf.212-227-211-20.plesk.page\/index.php\/product\/laptop-de-marque-hp-de-model-15-dw1024wm-pas-chere-au-cameroun\/\",\"name\":\"LAPTOP DE MARQUE HP DE MODEL 15-dw1024wm PAS CHERE AU CAMEROUN - Dream Millenium Computer\",\"isPartOf\":{\"@id\":\"https:\/\/affectionate-mestorf.212-227-211-20.plesk.page\/#website\"},\"datePublished\":\"2022-05-23T15:42:42+00:00\",\"dateModified\":\"2022-05-23T15:42:42+00:00\",\"breadcrumb\":{\"@id\":\"https:\/\/affectionate-mestorf.212-227-211-20.plesk.page\/index.php\/product\/laptop-de-marque-hp-de-model-15-dw1024wm-pas-chere-au-cameroun\/#breadcrumb\"},\"inLanguage\":\"fr-FR\",\"potentialAction\":[{\"@type\":\"ReadAction\",\"target\":[\"https:\/\/affectionate-mestorf.212-227-211-20.plesk.page\/index.php\/product\/laptop-de-marque-hp-de-model-15-dw1024wm-pas-chere-au-cameroun\/\"]}]},{\"@type\":\"BreadcrumbList\",\"@id\":\"https:\/\/affectionate-mestorf.212-227-211-20.plesk.page\/index.php\/product\/laptop-de-marque-hp-de-model-15-dw1024wm-pas-chere-au-cameroun\/#breadcrumb\",\"itemListElement\":[{\"@type\":\"ListItem\",\"position\":1,\"name\":\"Home\",\"item\":\"https:\/\/affectionate-mestorf.212-227-211-20.plesk.page\/\"},{\"@type\":\"ListItem\",\"position\":2,\"name\":\"Shop\",\"item\":\"https:\/\/affectionate-mestorf.212-227-211-20.plesk.page\/index.php\/shop\/\"},{\"@type\":\"ListItem\",\"position\":3,\"name\":\"LAPTOP DE MARQUE HP DE MODEL 15-dw1024wm PAS CHERE AU CAMEROUN\"}]},{\"@type\":\"WebSite\",\"@id\":\"https:\/\/affectionate-mestorf.212-227-211-20.plesk.page\/#website\",\"url\":\"https:\/\/affectionate-mestorf.212-227-211-20.plesk.page\/\",\"name\":\"Dream Millenium Computer\",\"description\":\"Vous servir, Notre R\u00eave\",\"potentialAction\":[{\"@type\":\"SearchAction\",\"target\":{\"@type\":\"EntryPoint\",\"urlTemplate\":\"https:\/\/affectionate-mestorf.212-227-211-20.plesk.page\/?s={search_term_string}\"},\"query-input\":\"required name=search_term_string\"}],\"inLanguage\":\"fr-FR\"}]}<\/script>\n<!-- \/ Yoast SEO plugin. -->","yoast_head_json":{"title":"LAPTOP DE MARQUE HP DE MODEL 15-dw1024wm PAS CHERE AU CAMEROUN - Dream Millenium Computer","robots":{"index":"index","follow":"follow","max-snippet":"max-snippet:-1","max-image-preview":"max-image-preview:large","max-video-preview":"max-video-preview:-1"},"canonical":"https:\/\/affectionate-mestorf.212-227-211-20.plesk.page\/index.php\/product\/laptop-de-marque-hp-de-model-15-dw1024wm-pas-chere-au-cameroun\/","og_locale":"fr_FR","og_type":"article","og_title":"LAPTOP DE MARQUE HP DE MODEL 15-dw1024wm PAS CHERE AU CAMEROUN - Dream Millenium Computer","og_description":"Place \u00e0 l\u2019ordinateur portable HP 15 pour vous \u00e9pauler lors de vos d\u00e9placements. Il pr\u00e9sente un grand \u00e9cran HD de 15.6 pouces pour distinguer plus de couleur et de d\u00e9tail. Un processeur Intel Core i3 embarqu\u00e9 avec un disque dur SSD de 128 Go permet de mettre fin aux temps de latence qui ralentissent tellement souvent les PC standard. Enfin un syst\u00e8me d\u2019exploitation Windows 10 et une batterie longue dur\u00e9e font du HP 15-DW1024WM un alli\u00e9 de taille pour les affaires et le divertissement.","og_url":"https:\/\/affectionate-mestorf.212-227-211-20.plesk.page\/index.php\/product\/laptop-de-marque-hp-de-model-15-dw1024wm-pas-chere-au-cameroun\/","og_site_name":"Dream Millenium Computer","twitter_card":"summary_large_image","schema":{"@context":"https:\/\/schema.org","@graph":[{"@type":"WebPage","@id":"https:\/\/affectionate-mestorf.212-227-211-20.plesk.page\/index.php\/product\/laptop-de-marque-hp-de-model-15-dw1024wm-pas-chere-au-cameroun\/","url":"https:\/\/affectionate-mestorf.212-227-211-20.plesk.page\/index.php\/product\/laptop-de-marque-hp-de-model-15-dw1024wm-pas-chere-au-cameroun\/","name":"LAPTOP DE MARQUE HP DE MODEL 15-dw1024wm PAS CHERE AU CAMEROUN - Dream Millenium Computer","isPartOf":{"@id":"https:\/\/affectionate-mestorf.212-227-211-20.plesk.page\/#website"},"datePublished":"2022-05-23T15:42:42+00:00","dateModified":"2022-05-23T15:42:42+00:00","breadcrumb":{"@id":"https:\/\/affectionate-mestorf.212-227-211-20.plesk.page\/index.php\/product\/laptop-de-marque-hp-de-model-15-dw1024wm-pas-chere-au-cameroun\/#breadcrumb"},"inLanguage":"fr-FR","potentialAction":[{"@type":"ReadAction","target":["https:\/\/affectionate-mestorf.212-227-211-20.plesk.page\/index.php\/product\/laptop-de-marque-hp-de-model-15-dw1024wm-pas-chere-au-cameroun\/"]}]},{"@type":"BreadcrumbList","@id":"https:\/\/affectionate-mestorf.212-227-211-20.plesk.page\/index.php\/product\/laptop-de-marque-hp-de-model-15-dw1024wm-pas-chere-au-cameroun\/#breadcrumb","itemListElement":[{"@type":"ListItem","position":1,"name":"Home","item":"https:\/\/affectionate-mestorf.212-227-211-20.plesk.page\/"},{"@type":"ListItem","position":2,"name":"Shop","item":"https:\/\/affectionate-mestorf.212-227-211-20.plesk.page\/index.php\/shop\/"},{"@type":"ListItem","position":3,"name":"LAPTOP DE MARQUE HP DE MODEL 15-dw1024wm PAS CHERE AU CAMEROUN"}]},{"@type":"WebSite","@id":"https:\/\/affectionate-mestorf.212-227-211-20.plesk.page\/#website","url":"https:\/\/affectionate-mestorf.212-227-211-20.plesk.page\/","name":"Dream Millenium Computer","description":"Vous servir, Notre R\u00eave","potentialAction":[{"@type":"SearchAction","target":{"@type":"EntryPoint","urlTemplate":"https:\/\/affectionate-mestorf.212-227-211-20.plesk.page\/?s={search_term_string}"},"query-input":"required name=search_term_string"}],"inLanguage":"fr-FR"}]}},"_links":{"self":[{"href":"https:\/\/affectionate-mestorf.212-227-211-20.plesk.page\/index.php\/wp-json\/wp\/v2\/product\/8877","targetHints":{"allow":["GET"]}}],"collection":[{"href":"https:\/\/affectionate-mestorf.212-227-211-20.plesk.page\/index.php\/wp-json\/wp\/v2\/product"}],"about":[{"href":"https:\/\/affectionate-mestorf.212-227-211-20.plesk.page\/index.php\/wp-json\/wp\/v2\/types\/product"}],"wp:featuredmedia":[{"embeddable":true,"href":"https:\/\/affectionate-mestorf.212-227-211-20.plesk.page\/index.php\/wp-json\/wp\/v2\/media\/8876"}],"wp:attachment":[{"href":"https:\/\/affectionate-mestorf.212-227-211-20.plesk.page\/index.php\/wp-json\/wp\/v2\/media?parent=8877"}],"wp:term":[{"taxonomy":"product_cat","embeddable":true,"href":"https:\/\/affectionate-mestorf.212-227-211-20.plesk.page\/index.php\/wp-json\/wp\/v2\/product_cat?post=8877"},{"taxonomy":"product_tag","embeddable":true,"href":"https:\/\/affectionate-mestorf.212-227-211-20.plesk.page\/index.php\/wp-json\/wp\/v2\/product_tag?post=8877"}],"curies":[{"name":"wp","href":"https:\/\/api.w.org\/{rel}","templated":true}]}}