{"id":8875,"date":"2022-05-23T15:42:42","date_gmt":"2022-05-23T15:42:42","guid":{"rendered":"https:\/\/affectionate-mestorf.212-227-211-20.plesk.page\/index.php\/product\/laptop-de-marque-lenovo-de-model-v15-pas-chere-au-cameroun\/"},"modified":"2022-05-23T15:42:42","modified_gmt":"2022-05-23T15:42:42","slug":"laptop-de-marque-lenovo-de-model-v15-pas-chere-au-cameroun","status":"publish","type":"product","link":"https:\/\/affectionate-mestorf.212-227-211-20.plesk.page\/index.php\/product\/laptop-de-marque-lenovo-de-model-v15-pas-chere-au-cameroun\/","title":{"rendered":"LAPTOP DE MARQUE LENOVO DE MODEL V15 PAS CHERE AU CAMEROUN"},"content":{"rendered":"<p>LAPTOP LENOVO V15<br \/>\n Processeur: Intel Core I3@1.6 GHz 10eme g\u00e9neration<br \/>\n RAM: 4 Go\/DD: 1 To \/Ecran: 15.6\u2019\u2019<br \/>\n Carte Graphique Intel: 2 Go<br \/>\n Carte graphique d\u00e9di\u00e9e : 128 Mo<br \/>\n Wifi\/Webcam\/Lecteur de carte M\u00e9moire 3 en1<br \/>\n Port: 2USB3.0\/1 USB TYPE C\/HDMI\/RJ45<br \/>\n Sortie : Casque<br \/>\n SE : FreeDos<\/p>\n","protected":false},"excerpt":{"rendered":"<p>A la fois robuste et performant, le PC portable Lenovo V15-IIL est con\u00e7u pour vous permettre de travailler dans de bonnes conditions. Avec sa conception robuste et son \u00e9cran \u00e0 cadre mince, il offre un juste milieu entre confort et mobilit\u00e9. L\u2019ordinateur portable Lenovo V15 offre de bonnes performances de travail au quotidien gr\u00e2ce \u00e0 son processeur Intel Core i3-1035G1, ses 4 Go de m\u00e9moire DDR4 et son disque de 1 To.<\/p>\n","protected":false},"featured_media":8874,"template":"","meta":[],"product_cat":[217],"product_tag":[],"class_list":["post-8875","product","type-product","status-publish","has-post-thumbnail","hentry","product_cat-ordinateur"],"yoast_head":"<!-- This site is optimized with the Yoast SEO plugin v19.9 - https:\/\/yoast.com\/wordpress\/plugins\/seo\/ -->\n<title>LAPTOP DE MARQUE LENOVO DE MODEL V15 PAS CHERE AU CAMEROUN - Dream Millenium Computer<\/title>\n<meta name=\"robots\" content=\"index, follow, max-snippet:-1, max-image-preview:large, max-video-preview:-1\" \/>\n<link rel=\"canonical\" href=\"https:\/\/affectionate-mestorf.212-227-211-20.plesk.page\/index.php\/product\/laptop-de-marque-lenovo-de-model-v15-pas-chere-au-cameroun\/\" \/>\n<meta property=\"og:locale\" content=\"fr_FR\" \/>\n<meta property=\"og:type\" content=\"article\" \/>\n<meta property=\"og:title\" content=\"LAPTOP DE MARQUE LENOVO DE MODEL V15 PAS CHERE AU CAMEROUN - Dream Millenium Computer\" \/>\n<meta property=\"og:description\" content=\"A la fois robuste et performant, le PC portable Lenovo V15-IIL est con\u00e7u pour vous permettre de travailler dans de bonnes conditions. Avec sa conception robuste et son \u00e9cran \u00e0 cadre mince, il offre un juste milieu entre confort et mobilit\u00e9. L\u2019ordinateur portable Lenovo V15 offre de bonnes performances de travail au quotidien gr\u00e2ce \u00e0 son processeur Intel Core i3-1035G1, ses 4 Go de m\u00e9moire DDR4 et son disque de 1 To.\" \/>\n<meta property=\"og:url\" content=\"https:\/\/affectionate-mestorf.212-227-211-20.plesk.page\/index.php\/product\/laptop-de-marque-lenovo-de-model-v15-pas-chere-au-cameroun\/\" \/>\n<meta property=\"og:site_name\" content=\"Dream Millenium Computer\" \/>\n<meta name=\"twitter:card\" content=\"summary_large_image\" \/>\n<script type=\"application\/ld+json\" class=\"yoast-schema-graph\">{\"@context\":\"https:\/\/schema.org\",\"@graph\":[{\"@type\":\"WebPage\",\"@id\":\"https:\/\/affectionate-mestorf.212-227-211-20.plesk.page\/index.php\/product\/laptop-de-marque-lenovo-de-model-v15-pas-chere-au-cameroun\/\",\"url\":\"https:\/\/affectionate-mestorf.212-227-211-20.plesk.page\/index.php\/product\/laptop-de-marque-lenovo-de-model-v15-pas-chere-au-cameroun\/\",\"name\":\"LAPTOP DE MARQUE LENOVO DE MODEL V15 PAS CHERE AU CAMEROUN - Dream Millenium Computer\",\"isPartOf\":{\"@id\":\"https:\/\/affectionate-mestorf.212-227-211-20.plesk.page\/#website\"},\"datePublished\":\"2022-05-23T15:42:42+00:00\",\"dateModified\":\"2022-05-23T15:42:42+00:00\",\"breadcrumb\":{\"@id\":\"https:\/\/affectionate-mestorf.212-227-211-20.plesk.page\/index.php\/product\/laptop-de-marque-lenovo-de-model-v15-pas-chere-au-cameroun\/#breadcrumb\"},\"inLanguage\":\"fr-FR\",\"potentialAction\":[{\"@type\":\"ReadAction\",\"target\":[\"https:\/\/affectionate-mestorf.212-227-211-20.plesk.page\/index.php\/product\/laptop-de-marque-lenovo-de-model-v15-pas-chere-au-cameroun\/\"]}]},{\"@type\":\"BreadcrumbList\",\"@id\":\"https:\/\/affectionate-mestorf.212-227-211-20.plesk.page\/index.php\/product\/laptop-de-marque-lenovo-de-model-v15-pas-chere-au-cameroun\/#breadcrumb\",\"itemListElement\":[{\"@type\":\"ListItem\",\"position\":1,\"name\":\"Home\",\"item\":\"https:\/\/affectionate-mestorf.212-227-211-20.plesk.page\/\"},{\"@type\":\"ListItem\",\"position\":2,\"name\":\"Shop\",\"item\":\"https:\/\/affectionate-mestorf.212-227-211-20.plesk.page\/index.php\/shop\/\"},{\"@type\":\"ListItem\",\"position\":3,\"name\":\"LAPTOP DE MARQUE LENOVO DE MODEL V15 PAS CHERE AU CAMEROUN\"}]},{\"@type\":\"WebSite\",\"@id\":\"https:\/\/affectionate-mestorf.212-227-211-20.plesk.page\/#website\",\"url\":\"https:\/\/affectionate-mestorf.212-227-211-20.plesk.page\/\",\"name\":\"Dream Millenium Computer\",\"description\":\"Vous servir, Notre R\u00eave\",\"potentialAction\":[{\"@type\":\"SearchAction\",\"target\":{\"@type\":\"EntryPoint\",\"urlTemplate\":\"https:\/\/affectionate-mestorf.212-227-211-20.plesk.page\/?s={search_term_string}\"},\"query-input\":\"required name=search_term_string\"}],\"inLanguage\":\"fr-FR\"}]}<\/script>\n<!-- \/ Yoast SEO plugin. -->","yoast_head_json":{"title":"LAPTOP DE MARQUE LENOVO DE MODEL V15 PAS CHERE AU CAMEROUN - Dream Millenium Computer","robots":{"index":"index","follow":"follow","max-snippet":"max-snippet:-1","max-image-preview":"max-image-preview:large","max-video-preview":"max-video-preview:-1"},"canonical":"https:\/\/affectionate-mestorf.212-227-211-20.plesk.page\/index.php\/product\/laptop-de-marque-lenovo-de-model-v15-pas-chere-au-cameroun\/","og_locale":"fr_FR","og_type":"article","og_title":"LAPTOP DE MARQUE LENOVO DE MODEL V15 PAS CHERE AU CAMEROUN - Dream Millenium Computer","og_description":"A la fois robuste et performant, le PC portable Lenovo V15-IIL est con\u00e7u pour vous permettre de travailler dans de bonnes conditions. Avec sa conception robuste et son \u00e9cran \u00e0 cadre mince, il offre un juste milieu entre confort et mobilit\u00e9. L\u2019ordinateur portable Lenovo V15 offre de bonnes performances de travail au quotidien gr\u00e2ce \u00e0 son processeur Intel Core i3-1035G1, ses 4 Go de m\u00e9moire DDR4 et son disque de 1 To.","og_url":"https:\/\/affectionate-mestorf.212-227-211-20.plesk.page\/index.php\/product\/laptop-de-marque-lenovo-de-model-v15-pas-chere-au-cameroun\/","og_site_name":"Dream Millenium Computer","twitter_card":"summary_large_image","schema":{"@context":"https:\/\/schema.org","@graph":[{"@type":"WebPage","@id":"https:\/\/affectionate-mestorf.212-227-211-20.plesk.page\/index.php\/product\/laptop-de-marque-lenovo-de-model-v15-pas-chere-au-cameroun\/","url":"https:\/\/affectionate-mestorf.212-227-211-20.plesk.page\/index.php\/product\/laptop-de-marque-lenovo-de-model-v15-pas-chere-au-cameroun\/","name":"LAPTOP DE MARQUE LENOVO DE MODEL V15 PAS CHERE AU CAMEROUN - Dream Millenium Computer","isPartOf":{"@id":"https:\/\/affectionate-mestorf.212-227-211-20.plesk.page\/#website"},"datePublished":"2022-05-23T15:42:42+00:00","dateModified":"2022-05-23T15:42:42+00:00","breadcrumb":{"@id":"https:\/\/affectionate-mestorf.212-227-211-20.plesk.page\/index.php\/product\/laptop-de-marque-lenovo-de-model-v15-pas-chere-au-cameroun\/#breadcrumb"},"inLanguage":"fr-FR","potentialAction":[{"@type":"ReadAction","target":["https:\/\/affectionate-mestorf.212-227-211-20.plesk.page\/index.php\/product\/laptop-de-marque-lenovo-de-model-v15-pas-chere-au-cameroun\/"]}]},{"@type":"BreadcrumbList","@id":"https:\/\/affectionate-mestorf.212-227-211-20.plesk.page\/index.php\/product\/laptop-de-marque-lenovo-de-model-v15-pas-chere-au-cameroun\/#breadcrumb","itemListElement":[{"@type":"ListItem","position":1,"name":"Home","item":"https:\/\/affectionate-mestorf.212-227-211-20.plesk.page\/"},{"@type":"ListItem","position":2,"name":"Shop","item":"https:\/\/affectionate-mestorf.212-227-211-20.plesk.page\/index.php\/shop\/"},{"@type":"ListItem","position":3,"name":"LAPTOP DE MARQUE LENOVO DE MODEL V15 PAS CHERE AU CAMEROUN"}]},{"@type":"WebSite","@id":"https:\/\/affectionate-mestorf.212-227-211-20.plesk.page\/#website","url":"https:\/\/affectionate-mestorf.212-227-211-20.plesk.page\/","name":"Dream Millenium Computer","description":"Vous servir, Notre R\u00eave","potentialAction":[{"@type":"SearchAction","target":{"@type":"EntryPoint","urlTemplate":"https:\/\/affectionate-mestorf.212-227-211-20.plesk.page\/?s={search_term_string}"},"query-input":"required name=search_term_string"}],"inLanguage":"fr-FR"}]}},"_links":{"self":[{"href":"https:\/\/affectionate-mestorf.212-227-211-20.plesk.page\/index.php\/wp-json\/wp\/v2\/product\/8875","targetHints":{"allow":["GET"]}}],"collection":[{"href":"https:\/\/affectionate-mestorf.212-227-211-20.plesk.page\/index.php\/wp-json\/wp\/v2\/product"}],"about":[{"href":"https:\/\/affectionate-mestorf.212-227-211-20.plesk.page\/index.php\/wp-json\/wp\/v2\/types\/product"}],"wp:featuredmedia":[{"embeddable":true,"href":"https:\/\/affectionate-mestorf.212-227-211-20.plesk.page\/index.php\/wp-json\/wp\/v2\/media\/8874"}],"wp:attachment":[{"href":"https:\/\/affectionate-mestorf.212-227-211-20.plesk.page\/index.php\/wp-json\/wp\/v2\/media?parent=8875"}],"wp:term":[{"taxonomy":"product_cat","embeddable":true,"href":"https:\/\/affectionate-mestorf.212-227-211-20.plesk.page\/index.php\/wp-json\/wp\/v2\/product_cat?post=8875"},{"taxonomy":"product_tag","embeddable":true,"href":"https:\/\/affectionate-mestorf.212-227-211-20.plesk.page\/index.php\/wp-json\/wp\/v2\/product_tag?post=8875"}],"curies":[{"name":"wp","href":"https:\/\/api.w.org\/{rel}","templated":true}]}}