{"id":8871,"date":"2022-05-23T15:42:41","date_gmt":"2022-05-23T15:42:41","guid":{"rendered":"https:\/\/affectionate-mestorf.212-227-211-20.plesk.page\/index.php\/product\/laptop-de-marque-hp-de-model-15-da3017cy-pas-chere-au-cameroun\/"},"modified":"2022-05-23T15:42:41","modified_gmt":"2022-05-23T15:42:41","slug":"laptop-de-marque-hp-de-model-15-da3017cy-pas-chere-au-cameroun","status":"publish","type":"product","link":"https:\/\/affectionate-mestorf.212-227-211-20.plesk.page\/index.php\/product\/laptop-de-marque-hp-de-model-15-da3017cy-pas-chere-au-cameroun\/","title":{"rendered":"LAPTOP DE MARQUE HP DE MODEL 15-da3017cy PAS CHERE AU CAMEROUN"},"content":{"rendered":"<p>LAPTOP 15<br \/>\n Processeur: Intel Core I5 @1.0Ghz 10\u00e9me G\u00e9n\u00e9ration<br \/>\n RAM: 12Go\/DD: 2To\/Ecran: 15.6\u2019\u2019<br \/>\n Carte Graphique INTEL GraphicsFamily : 6Go<br \/>\n Wifi\/Webcam\/DVD-RW\/Lecteur de carte M\u00e9moire 3 en1<br \/>\n Port: 3 USB3.0\/HDMI\/RJ45<br \/>\n Sortie : Casque, Micro<br \/>\n SE : Windows Home<br \/>\n Clavier Pav\u00e9 num\u00e9rique<\/p>\n","protected":false},"excerpt":{"rendered":"<p>Hp notebook 15-da3017cy<br \/>\n intel core i5 10\u00e8me g\u00e9n\u00e9ration couleur rose<br \/>\n disque dur : 2000gb *(2 tera)*<br \/>\n ram : 12gb, po 1.0ghz up to 3.6ghz.<br \/>\n ecran \u00ab\u00a015.6\u00a0\u00bb tactile , clavier lumineux<br \/>\n (haut-parleur ; webcam ; wifi ; bluetooth ; usb 3.0 port\/ usb 2.0 port ; lecteur cd )<\/p>\n","protected":false},"featured_media":8870,"template":"","meta":[],"product_cat":[217],"product_tag":[],"class_list":["post-8871","product","type-product","status-publish","has-post-thumbnail","hentry","product_cat-ordinateur"],"yoast_head":"<!-- This site is optimized with the Yoast SEO plugin v19.9 - https:\/\/yoast.com\/wordpress\/plugins\/seo\/ -->\n<title>LAPTOP DE MARQUE HP DE MODEL 15-da3017cy PAS CHERE AU CAMEROUN - Dream Millenium Computer<\/title>\n<meta name=\"robots\" content=\"index, follow, max-snippet:-1, max-image-preview:large, max-video-preview:-1\" \/>\n<link rel=\"canonical\" href=\"https:\/\/affectionate-mestorf.212-227-211-20.plesk.page\/index.php\/product\/laptop-de-marque-hp-de-model-15-da3017cy-pas-chere-au-cameroun\/\" \/>\n<meta property=\"og:locale\" content=\"fr_FR\" \/>\n<meta property=\"og:type\" content=\"article\" \/>\n<meta property=\"og:title\" content=\"LAPTOP DE MARQUE HP DE MODEL 15-da3017cy PAS CHERE AU CAMEROUN - Dream Millenium Computer\" \/>\n<meta property=\"og:description\" content=\"Hp notebook 15-da3017cy  intel core i5 10\u00e8me g\u00e9n\u00e9ration couleur rose  disque dur : 2000gb *(2 tera)*  ram : 12gb, po 1.0ghz up to 3.6ghz.  ecran &quot;15.6&quot; tactile , clavier lumineux  (haut-parleur ; webcam ; wifi ; bluetooth ; usb 3.0 port\/ usb 2.0 port ; lecteur cd )\" \/>\n<meta property=\"og:url\" content=\"https:\/\/affectionate-mestorf.212-227-211-20.plesk.page\/index.php\/product\/laptop-de-marque-hp-de-model-15-da3017cy-pas-chere-au-cameroun\/\" \/>\n<meta property=\"og:site_name\" content=\"Dream Millenium Computer\" \/>\n<meta name=\"twitter:card\" content=\"summary_large_image\" \/>\n<script type=\"application\/ld+json\" class=\"yoast-schema-graph\">{\"@context\":\"https:\/\/schema.org\",\"@graph\":[{\"@type\":\"WebPage\",\"@id\":\"https:\/\/affectionate-mestorf.212-227-211-20.plesk.page\/index.php\/product\/laptop-de-marque-hp-de-model-15-da3017cy-pas-chere-au-cameroun\/\",\"url\":\"https:\/\/affectionate-mestorf.212-227-211-20.plesk.page\/index.php\/product\/laptop-de-marque-hp-de-model-15-da3017cy-pas-chere-au-cameroun\/\",\"name\":\"LAPTOP DE MARQUE HP DE MODEL 15-da3017cy PAS CHERE AU CAMEROUN - Dream Millenium Computer\",\"isPartOf\":{\"@id\":\"https:\/\/affectionate-mestorf.212-227-211-20.plesk.page\/#website\"},\"datePublished\":\"2022-05-23T15:42:41+00:00\",\"dateModified\":\"2022-05-23T15:42:41+00:00\",\"breadcrumb\":{\"@id\":\"https:\/\/affectionate-mestorf.212-227-211-20.plesk.page\/index.php\/product\/laptop-de-marque-hp-de-model-15-da3017cy-pas-chere-au-cameroun\/#breadcrumb\"},\"inLanguage\":\"fr-FR\",\"potentialAction\":[{\"@type\":\"ReadAction\",\"target\":[\"https:\/\/affectionate-mestorf.212-227-211-20.plesk.page\/index.php\/product\/laptop-de-marque-hp-de-model-15-da3017cy-pas-chere-au-cameroun\/\"]}]},{\"@type\":\"BreadcrumbList\",\"@id\":\"https:\/\/affectionate-mestorf.212-227-211-20.plesk.page\/index.php\/product\/laptop-de-marque-hp-de-model-15-da3017cy-pas-chere-au-cameroun\/#breadcrumb\",\"itemListElement\":[{\"@type\":\"ListItem\",\"position\":1,\"name\":\"Home\",\"item\":\"https:\/\/affectionate-mestorf.212-227-211-20.plesk.page\/\"},{\"@type\":\"ListItem\",\"position\":2,\"name\":\"Shop\",\"item\":\"https:\/\/affectionate-mestorf.212-227-211-20.plesk.page\/index.php\/shop\/\"},{\"@type\":\"ListItem\",\"position\":3,\"name\":\"LAPTOP DE MARQUE HP DE MODEL 15-da3017cy PAS CHERE AU CAMEROUN\"}]},{\"@type\":\"WebSite\",\"@id\":\"https:\/\/affectionate-mestorf.212-227-211-20.plesk.page\/#website\",\"url\":\"https:\/\/affectionate-mestorf.212-227-211-20.plesk.page\/\",\"name\":\"Dream Millenium Computer\",\"description\":\"Vous servir, Notre R\u00eave\",\"potentialAction\":[{\"@type\":\"SearchAction\",\"target\":{\"@type\":\"EntryPoint\",\"urlTemplate\":\"https:\/\/affectionate-mestorf.212-227-211-20.plesk.page\/?s={search_term_string}\"},\"query-input\":\"required name=search_term_string\"}],\"inLanguage\":\"fr-FR\"}]}<\/script>\n<!-- \/ Yoast SEO plugin. -->","yoast_head_json":{"title":"LAPTOP DE MARQUE HP DE MODEL 15-da3017cy PAS CHERE AU CAMEROUN - Dream Millenium Computer","robots":{"index":"index","follow":"follow","max-snippet":"max-snippet:-1","max-image-preview":"max-image-preview:large","max-video-preview":"max-video-preview:-1"},"canonical":"https:\/\/affectionate-mestorf.212-227-211-20.plesk.page\/index.php\/product\/laptop-de-marque-hp-de-model-15-da3017cy-pas-chere-au-cameroun\/","og_locale":"fr_FR","og_type":"article","og_title":"LAPTOP DE MARQUE HP DE MODEL 15-da3017cy PAS CHERE AU CAMEROUN - Dream Millenium Computer","og_description":"Hp notebook 15-da3017cy  intel core i5 10\u00e8me g\u00e9n\u00e9ration couleur rose  disque dur : 2000gb *(2 tera)*  ram : 12gb, po 1.0ghz up to 3.6ghz.  ecran \"15.6\" tactile , clavier lumineux  (haut-parleur ; webcam ; wifi ; bluetooth ; usb 3.0 port\/ usb 2.0 port ; lecteur cd )","og_url":"https:\/\/affectionate-mestorf.212-227-211-20.plesk.page\/index.php\/product\/laptop-de-marque-hp-de-model-15-da3017cy-pas-chere-au-cameroun\/","og_site_name":"Dream Millenium Computer","twitter_card":"summary_large_image","schema":{"@context":"https:\/\/schema.org","@graph":[{"@type":"WebPage","@id":"https:\/\/affectionate-mestorf.212-227-211-20.plesk.page\/index.php\/product\/laptop-de-marque-hp-de-model-15-da3017cy-pas-chere-au-cameroun\/","url":"https:\/\/affectionate-mestorf.212-227-211-20.plesk.page\/index.php\/product\/laptop-de-marque-hp-de-model-15-da3017cy-pas-chere-au-cameroun\/","name":"LAPTOP DE MARQUE HP DE MODEL 15-da3017cy PAS CHERE AU CAMEROUN - Dream Millenium Computer","isPartOf":{"@id":"https:\/\/affectionate-mestorf.212-227-211-20.plesk.page\/#website"},"datePublished":"2022-05-23T15:42:41+00:00","dateModified":"2022-05-23T15:42:41+00:00","breadcrumb":{"@id":"https:\/\/affectionate-mestorf.212-227-211-20.plesk.page\/index.php\/product\/laptop-de-marque-hp-de-model-15-da3017cy-pas-chere-au-cameroun\/#breadcrumb"},"inLanguage":"fr-FR","potentialAction":[{"@type":"ReadAction","target":["https:\/\/affectionate-mestorf.212-227-211-20.plesk.page\/index.php\/product\/laptop-de-marque-hp-de-model-15-da3017cy-pas-chere-au-cameroun\/"]}]},{"@type":"BreadcrumbList","@id":"https:\/\/affectionate-mestorf.212-227-211-20.plesk.page\/index.php\/product\/laptop-de-marque-hp-de-model-15-da3017cy-pas-chere-au-cameroun\/#breadcrumb","itemListElement":[{"@type":"ListItem","position":1,"name":"Home","item":"https:\/\/affectionate-mestorf.212-227-211-20.plesk.page\/"},{"@type":"ListItem","position":2,"name":"Shop","item":"https:\/\/affectionate-mestorf.212-227-211-20.plesk.page\/index.php\/shop\/"},{"@type":"ListItem","position":3,"name":"LAPTOP DE MARQUE HP DE MODEL 15-da3017cy PAS CHERE AU CAMEROUN"}]},{"@type":"WebSite","@id":"https:\/\/affectionate-mestorf.212-227-211-20.plesk.page\/#website","url":"https:\/\/affectionate-mestorf.212-227-211-20.plesk.page\/","name":"Dream Millenium Computer","description":"Vous servir, Notre R\u00eave","potentialAction":[{"@type":"SearchAction","target":{"@type":"EntryPoint","urlTemplate":"https:\/\/affectionate-mestorf.212-227-211-20.plesk.page\/?s={search_term_string}"},"query-input":"required name=search_term_string"}],"inLanguage":"fr-FR"}]}},"_links":{"self":[{"href":"https:\/\/affectionate-mestorf.212-227-211-20.plesk.page\/index.php\/wp-json\/wp\/v2\/product\/8871","targetHints":{"allow":["GET"]}}],"collection":[{"href":"https:\/\/affectionate-mestorf.212-227-211-20.plesk.page\/index.php\/wp-json\/wp\/v2\/product"}],"about":[{"href":"https:\/\/affectionate-mestorf.212-227-211-20.plesk.page\/index.php\/wp-json\/wp\/v2\/types\/product"}],"wp:featuredmedia":[{"embeddable":true,"href":"https:\/\/affectionate-mestorf.212-227-211-20.plesk.page\/index.php\/wp-json\/wp\/v2\/media\/8870"}],"wp:attachment":[{"href":"https:\/\/affectionate-mestorf.212-227-211-20.plesk.page\/index.php\/wp-json\/wp\/v2\/media?parent=8871"}],"wp:term":[{"taxonomy":"product_cat","embeddable":true,"href":"https:\/\/affectionate-mestorf.212-227-211-20.plesk.page\/index.php\/wp-json\/wp\/v2\/product_cat?post=8871"},{"taxonomy":"product_tag","embeddable":true,"href":"https:\/\/affectionate-mestorf.212-227-211-20.plesk.page\/index.php\/wp-json\/wp\/v2\/product_tag?post=8871"}],"curies":[{"name":"wp","href":"https:\/\/api.w.org\/{rel}","templated":true}]}}