{"id":8766,"date":"2022-05-22T18:33:46","date_gmt":"2022-05-22T18:33:46","guid":{"rendered":"https:\/\/affectionate-mestorf.212-227-211-20.plesk.page\/index.php\/product\/imprimante-a-caisse-de-marque-epson-de-model-tmt20-pas-chere-au-cameroun\/"},"modified":"2022-05-24T13:25:08","modified_gmt":"2022-05-24T13:25:08","slug":"imprimante-a-caisse-de-marque-epson-de-model-tmt20-pas-chere-au-cameroun","status":"publish","type":"product","link":"https:\/\/affectionate-mestorf.212-227-211-20.plesk.page\/index.php\/product\/imprimante-a-caisse-de-marque-epson-de-model-tmt20-pas-chere-au-cameroun\/","title":{"rendered":"IMPRIMANTE A CAISSE DE MARQUE EPSON DE MODEL TMT20 PAS CHERE AU CAMEROUN"},"content":{"rendered":"<p>TECHNOLOGIE D\u2019IMPRESSION Impression thermique<br \/>\n CARACTERISTIQUES D\u2019IMPRESSION<br \/>\n Police 9&#215;17 (Font B) \/ 12&#215;24 (Font A)<br \/>\n Nombre de colonnes : Largeur de papier 80 mm : 48 \/ 64, Largeur de papier 58 mm : 35 \/ 46<br \/>\n Taille des caract\u00e8res (mm) 0,88 (L) \u00d7 2,13 (H) \/ 1,25 (L) \u00d7 3 (H)<br \/>\n Jeux de caract\u00e8res 95 Alphanum\u00e9riques, 18 jeux internationaux, 128\u00d743 graphique<br \/>\n Code-barres : UPC-A, UPC-E, JAN13(EAN13), JAN8(EAN), CODE39, ITF,<br \/>\n CODABAR(NW-7), CODE93, CODE128, GS1-128, GS1 DataBar<br \/>\n Code bidimensionnel : PDF417, QRCode, MaxiCode, 2D GS1 DataBar,<br \/>\n Composite Symbology<br \/>\n Caract\u00e8res par pouce*2 22,6 cpp \/ 16,9 cpp<br \/>\n INTERFACES USB ou S\u00e9rie (option d\u2019usine) + tiroir<br \/>\n RECEPTION MEMOIRE TAMPON DES<br \/>\n DONNEES<br \/>\n 4 Ko ou 45 octets<br \/>\n VITESSE D\u2019IMPRESSION Max. 150 mm\/s<br \/>\n PAPIER THERMIQUE<br \/>\n Dimensions (mm) Papier en rouleau : 79,5 \u00b1 0,5 (L) \u00d7 dia. 83,0 \/ 57,5 \u00b1 0,5 (L) \u00d7 dia. 83.0<br \/>\n ALIMENTATION 100 &#8211; 240V c.a., 50 \/ 60 Hz<br \/>\n Consommation \u00e9lectrique 1,0 A<br \/>\n Alimentation \u00e9lectrique Interne (c\u00e2ble CA compris)<br \/>\n Fonction tiroir Gestion de 2 tiroirs possible<br \/>\n FIABILITE<br \/>\n Dur\u00e9e de vie m\u00e9canisme imprimante 15 millions de lignes<br \/>\n Dur\u00e9e de vie massicot automatique 1,5 millions de coupes<br \/>\n MTBF 360 000 heures<br \/>\n MCBF 60 000 000 lignes<br \/>\n DIMENSIONS GLOBALES (l x p x h) 140\u00d7199\u00d7146 mm<br \/>\n POIDS (environ) 1,7 kg<br \/>\n NORMES EMC FCC, VCCI, marquage CE, AS \/ NZS CISPR22 classe A, GOST-R<br \/>\n NORMES DE SECURITE UL \/ CSA \/ EN \/ T\u00dcV \/ GOST-R<br \/>\n OPTIONS Ruban de fixation, buzzer externe<br \/>\n ACCESSOIRES STANDARD Papier en rouleau \u00d7 1 rouleau (pour contr\u00f4ler le mouvement initial de l\u2019imprimante),<br \/>\n CD-ROM (Pilotes, utilitaires)*3, Cache d\u2019interrupteur, cache d\u2019interrupteur<br \/>\n imperm\u00e9able, support mural, vis pour support mural, pieds en caoutchouc pour<br \/>\n installation verticale, panneau de commande pour installation verticale, guide-papier<br \/>\n de 58 mm de largeur, c\u00e2ble d\u2019interface, c\u00e2ble secteur<br \/>\n INSTALLATION Horizontal \/ vertical \/ vertical avec support mural \/ support mura<\/p>\n","protected":false},"excerpt":{"rendered":"<p>Jeu de caract\u00e8res: 95 alphanum\u00e9riques, 18 internationaux, 128 x 43 graphiques<br \/>\n  Jeu de caract\u00e8res d\u2019imprimerie : ANK<br \/>\n  Caract\u00e8res par pouce : 22,6 cpp \/ 16,9 cpp<br \/>\n  Densit\u00e9 de points : 203 DPI (ppp) x 203 DPI (ppp)<br \/>\n  Impression couleur : Noir<br \/>\n  Caract\u00e8res d\u2019imprimerie : Texte (y compris symbole de l\u2019Euro), Graphique, Code-barres<br \/>\n  Largeur de papier 80 mm, 48 \/ 64<br \/>\n  Interface USB 2.0 + S\u00e9rie<br \/>\n  Kit de fixation murale fourni<br \/>\n  Vitesse d&rsquo;impression : 200 mm par seconde<br \/>\n  M\u00e9moire cache de 4 Ko<br \/>\n  Alimentation 24 V int\u00e9gr\u00e9e<br \/>\n  Imprimante \u00e9conomique, certifi\u00e9e Energy Star<br \/>\n  Coloris : Dark Grey<\/p>\n","protected":false},"featured_media":8728,"template":"","meta":[],"product_cat":[204],"product_tag":[],"class_list":["post-8766","product","type-product","status-publish","has-post-thumbnail","hentry","product_cat-imprimante"],"yoast_head":"<!-- This site is optimized with the Yoast SEO plugin v19.9 - https:\/\/yoast.com\/wordpress\/plugins\/seo\/ -->\n<title>IMPRIMANTE A CAISSE DE MARQUE EPSON DE MODEL TMT20 PAS CHERE AU CAMEROUN - Dream Millenium Computer<\/title>\n<meta name=\"robots\" content=\"index, follow, max-snippet:-1, max-image-preview:large, max-video-preview:-1\" \/>\n<link rel=\"canonical\" href=\"https:\/\/affectionate-mestorf.212-227-211-20.plesk.page\/index.php\/product\/imprimante-a-caisse-de-marque-epson-de-model-tmt20-pas-chere-au-cameroun\/\" \/>\n<meta property=\"og:locale\" content=\"fr_FR\" \/>\n<meta property=\"og:type\" content=\"article\" \/>\n<meta property=\"og:title\" content=\"IMPRIMANTE A CAISSE DE MARQUE EPSON DE MODEL TMT20 PAS CHERE AU CAMEROUN - Dream Millenium Computer\" \/>\n<meta property=\"og:description\" content=\"Jeu de caract\u00e8res: 95 alphanum\u00e9riques, 18 internationaux, 128 x 43 graphiques  Jeu de caract\u00e8res d\u2019imprimerie : ANK  Caract\u00e8res par pouce : 22,6 cpp \/ 16,9 cpp  Densit\u00e9 de points : 203 DPI (ppp) x 203 DPI (ppp)  Impression couleur : Noir  Caract\u00e8res d\u2019imprimerie : Texte (y compris symbole de l\u2019Euro), Graphique, Code-barres  Largeur de papier 80 mm, 48 \/ 64  Interface USB 2.0 + S\u00e9rie  Kit de fixation murale fourni  Vitesse d&#039;impression : 200 mm par seconde  M\u00e9moire cache de 4 Ko  Alimentation 24 V int\u00e9gr\u00e9e  Imprimante \u00e9conomique, certifi\u00e9e Energy Star  Coloris : Dark Grey\" \/>\n<meta property=\"og:url\" content=\"https:\/\/affectionate-mestorf.212-227-211-20.plesk.page\/index.php\/product\/imprimante-a-caisse-de-marque-epson-de-model-tmt20-pas-chere-au-cameroun\/\" \/>\n<meta property=\"og:site_name\" content=\"Dream Millenium Computer\" \/>\n<meta property=\"article:modified_time\" content=\"2022-05-24T13:25:08+00:00\" \/>\n<meta name=\"twitter:card\" content=\"summary_large_image\" \/>\n<meta name=\"twitter:label1\" content=\"Dur\u00e9e de lecture estim\u00e9e\" \/>\n\t<meta name=\"twitter:data1\" content=\"1 minute\" \/>\n<script type=\"application\/ld+json\" class=\"yoast-schema-graph\">{\"@context\":\"https:\/\/schema.org\",\"@graph\":[{\"@type\":\"WebPage\",\"@id\":\"https:\/\/affectionate-mestorf.212-227-211-20.plesk.page\/index.php\/product\/imprimante-a-caisse-de-marque-epson-de-model-tmt20-pas-chere-au-cameroun\/\",\"url\":\"https:\/\/affectionate-mestorf.212-227-211-20.plesk.page\/index.php\/product\/imprimante-a-caisse-de-marque-epson-de-model-tmt20-pas-chere-au-cameroun\/\",\"name\":\"IMPRIMANTE A CAISSE DE MARQUE EPSON DE MODEL TMT20 PAS CHERE AU CAMEROUN - Dream Millenium Computer\",\"isPartOf\":{\"@id\":\"https:\/\/affectionate-mestorf.212-227-211-20.plesk.page\/#website\"},\"datePublished\":\"2022-05-22T18:33:46+00:00\",\"dateModified\":\"2022-05-24T13:25:08+00:00\",\"breadcrumb\":{\"@id\":\"https:\/\/affectionate-mestorf.212-227-211-20.plesk.page\/index.php\/product\/imprimante-a-caisse-de-marque-epson-de-model-tmt20-pas-chere-au-cameroun\/#breadcrumb\"},\"inLanguage\":\"fr-FR\",\"potentialAction\":[{\"@type\":\"ReadAction\",\"target\":[\"https:\/\/affectionate-mestorf.212-227-211-20.plesk.page\/index.php\/product\/imprimante-a-caisse-de-marque-epson-de-model-tmt20-pas-chere-au-cameroun\/\"]}]},{\"@type\":\"BreadcrumbList\",\"@id\":\"https:\/\/affectionate-mestorf.212-227-211-20.plesk.page\/index.php\/product\/imprimante-a-caisse-de-marque-epson-de-model-tmt20-pas-chere-au-cameroun\/#breadcrumb\",\"itemListElement\":[{\"@type\":\"ListItem\",\"position\":1,\"name\":\"Home\",\"item\":\"https:\/\/affectionate-mestorf.212-227-211-20.plesk.page\/\"},{\"@type\":\"ListItem\",\"position\":2,\"name\":\"Shop\",\"item\":\"https:\/\/affectionate-mestorf.212-227-211-20.plesk.page\/index.php\/shop\/\"},{\"@type\":\"ListItem\",\"position\":3,\"name\":\"IMPRIMANTE A CAISSE DE MARQUE EPSON DE MODEL TMT20 PAS CHERE AU CAMEROUN\"}]},{\"@type\":\"WebSite\",\"@id\":\"https:\/\/affectionate-mestorf.212-227-211-20.plesk.page\/#website\",\"url\":\"https:\/\/affectionate-mestorf.212-227-211-20.plesk.page\/\",\"name\":\"Dream Millenium Computer\",\"description\":\"Vous servir, Notre R\u00eave\",\"potentialAction\":[{\"@type\":\"SearchAction\",\"target\":{\"@type\":\"EntryPoint\",\"urlTemplate\":\"https:\/\/affectionate-mestorf.212-227-211-20.plesk.page\/?s={search_term_string}\"},\"query-input\":\"required name=search_term_string\"}],\"inLanguage\":\"fr-FR\"}]}<\/script>\n<!-- \/ Yoast SEO plugin. -->","yoast_head_json":{"title":"IMPRIMANTE A CAISSE DE MARQUE EPSON DE MODEL TMT20 PAS CHERE AU CAMEROUN - Dream Millenium Computer","robots":{"index":"index","follow":"follow","max-snippet":"max-snippet:-1","max-image-preview":"max-image-preview:large","max-video-preview":"max-video-preview:-1"},"canonical":"https:\/\/affectionate-mestorf.212-227-211-20.plesk.page\/index.php\/product\/imprimante-a-caisse-de-marque-epson-de-model-tmt20-pas-chere-au-cameroun\/","og_locale":"fr_FR","og_type":"article","og_title":"IMPRIMANTE A CAISSE DE MARQUE EPSON DE MODEL TMT20 PAS CHERE AU CAMEROUN - Dream Millenium Computer","og_description":"Jeu de caract\u00e8res: 95 alphanum\u00e9riques, 18 internationaux, 128 x 43 graphiques  Jeu de caract\u00e8res d\u2019imprimerie : ANK  Caract\u00e8res par pouce : 22,6 cpp \/ 16,9 cpp  Densit\u00e9 de points : 203 DPI (ppp) x 203 DPI (ppp)  Impression couleur : Noir  Caract\u00e8res d\u2019imprimerie : Texte (y compris symbole de l\u2019Euro), Graphique, Code-barres  Largeur de papier 80 mm, 48 \/ 64  Interface USB 2.0 + S\u00e9rie  Kit de fixation murale fourni  Vitesse d'impression : 200 mm par seconde  M\u00e9moire cache de 4 Ko  Alimentation 24 V int\u00e9gr\u00e9e  Imprimante \u00e9conomique, certifi\u00e9e Energy Star  Coloris : Dark Grey","og_url":"https:\/\/affectionate-mestorf.212-227-211-20.plesk.page\/index.php\/product\/imprimante-a-caisse-de-marque-epson-de-model-tmt20-pas-chere-au-cameroun\/","og_site_name":"Dream Millenium Computer","article_modified_time":"2022-05-24T13:25:08+00:00","twitter_card":"summary_large_image","twitter_misc":{"Dur\u00e9e de lecture estim\u00e9e":"1 minute"},"schema":{"@context":"https:\/\/schema.org","@graph":[{"@type":"WebPage","@id":"https:\/\/affectionate-mestorf.212-227-211-20.plesk.page\/index.php\/product\/imprimante-a-caisse-de-marque-epson-de-model-tmt20-pas-chere-au-cameroun\/","url":"https:\/\/affectionate-mestorf.212-227-211-20.plesk.page\/index.php\/product\/imprimante-a-caisse-de-marque-epson-de-model-tmt20-pas-chere-au-cameroun\/","name":"IMPRIMANTE A CAISSE DE MARQUE EPSON DE MODEL TMT20 PAS CHERE AU CAMEROUN - Dream Millenium Computer","isPartOf":{"@id":"https:\/\/affectionate-mestorf.212-227-211-20.plesk.page\/#website"},"datePublished":"2022-05-22T18:33:46+00:00","dateModified":"2022-05-24T13:25:08+00:00","breadcrumb":{"@id":"https:\/\/affectionate-mestorf.212-227-211-20.plesk.page\/index.php\/product\/imprimante-a-caisse-de-marque-epson-de-model-tmt20-pas-chere-au-cameroun\/#breadcrumb"},"inLanguage":"fr-FR","potentialAction":[{"@type":"ReadAction","target":["https:\/\/affectionate-mestorf.212-227-211-20.plesk.page\/index.php\/product\/imprimante-a-caisse-de-marque-epson-de-model-tmt20-pas-chere-au-cameroun\/"]}]},{"@type":"BreadcrumbList","@id":"https:\/\/affectionate-mestorf.212-227-211-20.plesk.page\/index.php\/product\/imprimante-a-caisse-de-marque-epson-de-model-tmt20-pas-chere-au-cameroun\/#breadcrumb","itemListElement":[{"@type":"ListItem","position":1,"name":"Home","item":"https:\/\/affectionate-mestorf.212-227-211-20.plesk.page\/"},{"@type":"ListItem","position":2,"name":"Shop","item":"https:\/\/affectionate-mestorf.212-227-211-20.plesk.page\/index.php\/shop\/"},{"@type":"ListItem","position":3,"name":"IMPRIMANTE A CAISSE DE MARQUE EPSON DE MODEL TMT20 PAS CHERE AU CAMEROUN"}]},{"@type":"WebSite","@id":"https:\/\/affectionate-mestorf.212-227-211-20.plesk.page\/#website","url":"https:\/\/affectionate-mestorf.212-227-211-20.plesk.page\/","name":"Dream Millenium Computer","description":"Vous servir, Notre R\u00eave","potentialAction":[{"@type":"SearchAction","target":{"@type":"EntryPoint","urlTemplate":"https:\/\/affectionate-mestorf.212-227-211-20.plesk.page\/?s={search_term_string}"},"query-input":"required name=search_term_string"}],"inLanguage":"fr-FR"}]}},"_links":{"self":[{"href":"https:\/\/affectionate-mestorf.212-227-211-20.plesk.page\/index.php\/wp-json\/wp\/v2\/product\/8766","targetHints":{"allow":["GET"]}}],"collection":[{"href":"https:\/\/affectionate-mestorf.212-227-211-20.plesk.page\/index.php\/wp-json\/wp\/v2\/product"}],"about":[{"href":"https:\/\/affectionate-mestorf.212-227-211-20.plesk.page\/index.php\/wp-json\/wp\/v2\/types\/product"}],"wp:featuredmedia":[{"embeddable":true,"href":"https:\/\/affectionate-mestorf.212-227-211-20.plesk.page\/index.php\/wp-json\/wp\/v2\/media\/8728"}],"wp:attachment":[{"href":"https:\/\/affectionate-mestorf.212-227-211-20.plesk.page\/index.php\/wp-json\/wp\/v2\/media?parent=8766"}],"wp:term":[{"taxonomy":"product_cat","embeddable":true,"href":"https:\/\/affectionate-mestorf.212-227-211-20.plesk.page\/index.php\/wp-json\/wp\/v2\/product_cat?post=8766"},{"taxonomy":"product_tag","embeddable":true,"href":"https:\/\/affectionate-mestorf.212-227-211-20.plesk.page\/index.php\/wp-json\/wp\/v2\/product_tag?post=8766"}],"curies":[{"name":"wp","href":"https:\/\/api.w.org\/{rel}","templated":true}]}}