{"id":8765,"date":"2022-05-22T18:33:46","date_gmt":"2022-05-22T18:33:46","guid":{"rendered":"https:\/\/affectionate-mestorf.212-227-211-20.plesk.page\/index.php\/product\/imprimante-de-marque-canon-de-model-ir-3125i-pas-chere-au-cameroun\/"},"modified":"2022-05-22T18:33:46","modified_gmt":"2022-05-22T18:33:46","slug":"imprimante-de-marque-canon-de-model-ir-3125i-pas-chere-au-cameroun","status":"publish","type":"product","link":"https:\/\/affectionate-mestorf.212-227-211-20.plesk.page\/index.php\/product\/imprimante-de-marque-canon-de-model-ir-3125i-pas-chere-au-cameroun\/","title":{"rendered":"IMPRIMANTE DE MARQUE CANON DE MODEL IR 3125i PAS CHERE AU CAMEROUN"},"content":{"rendered":"<p>Technologie d&rsquo;impression Laser couleur A3<br \/>\n Fonctions Imprime ; Scan ; Copie<br \/>\n Cartouches d&rsquo;impression Canon C-EXV 54 NOIR (15500 PAGES) Canon C-EXV 54 CYAN, MAGENTE, YELLOW (8500 PAGES)<br \/>\n Vitesse d&rsquo;impression Jusqu&rsquo;\u00e0 25 ppm<br \/>\n Qualit\u00e9 d&rsquo;impression Jusqu&rsquo;\u00e0 600 x 600 ppp<br \/>\n Connectivit\u00e9 1 port USB haut d\u00e9bit 2.0, 1 port Ethernet Gigabit, 1 ports USB h\u00f4tes externes<br \/>\n Impression recto\/verso Automatique <\/p>\n<p> Ecran Ecran LCD 5 pouces<br \/>\n Capacit\u00e9 bac papier bac multifonction de 250 feuilles, unit\u00e9 d&rsquo;impression recto verso automatique pour l&rsquo;impression recto verso<br \/>\n Formats de supports pris en charge Bac universel 1 : A4, A5, A6, B5 (JIS), B6 (JIS), RA4, 10 x 15 cm, enveloppe (ISO DL, ISO C5, ISO C6, ISO B5)<br \/>\n Types de support pris en charge Papier (normal, couleur, en-t\u00eate, ordinaire, pr\u00e9imprim\u00e9, perfor\u00e9, recycl\u00e9, rugueux, l\u00e9ger), enveloppes, \u00e9tiquettes, papier cartonn\u00e9, transparents, \u00e9tiquettes de rayon, d\u00e9fini par l&rsquo;utilisateur<br \/>\n Dimensions (l x p x h) 565 x 664 x 880 mm<br \/>\n Poids net 67,3 kg<br \/>\n M\u00e9moire install\u00e9e 2 Go<br \/>\n Processeur 800 MHz<br \/>\n C\u00e2ble fourni Non, acheter un c\u00e2ble USB s\u00e9par\u00e9ment<\/p>\n","protected":false},"excerpt":{"rendered":"<p>Canon imageRUNNER C3125i<\/p>\n<p> Solution \u00e9conomique et facile \u00e0 utiliser pour tous vos besoins en mati\u00e8re de traitement de documents.<br \/>\n Aper\u00e7u de l&rsquo;imprimante imageRUNNER C3125i<br \/>\n \u2022 Vitesse d&rsquo;impression : 25 ppm (A4)<br \/>\n \u2022 Impression, copie, scan, envoi, sauvegarde et t\u00e9l\u00e9copie en option<br \/>\n \u2022 \u00c9cran tactile couleur WVGA 5 pouces (12,7 cm)<br \/>\n \u2022 Impression recto verso automatique et DADF standard<br \/>\n \u2022 Connectivit\u00e9 r\u00e9seau, Wi-Fi, USB, par code QR et NFC<br \/>\n \u2022 Module de finition interne et agrafeuse 3-en-1 en option<br \/>\n \u2022 Capacit\u00e9 d&rsquo;alimentation maximale de 2300 feuilles<\/p>\n","protected":false},"featured_media":8726,"template":"","meta":[],"product_cat":[204],"product_tag":[],"class_list":["post-8765","product","type-product","status-publish","has-post-thumbnail","hentry","product_cat-imprimante"],"yoast_head":"<!-- This site is optimized with the Yoast SEO plugin v19.9 - https:\/\/yoast.com\/wordpress\/plugins\/seo\/ -->\n<title>IMPRIMANTE DE MARQUE CANON DE MODEL IR 3125i PAS CHERE AU CAMEROUN - Dream Millenium Computer<\/title>\n<meta name=\"robots\" content=\"index, follow, max-snippet:-1, max-image-preview:large, max-video-preview:-1\" \/>\n<link rel=\"canonical\" href=\"https:\/\/affectionate-mestorf.212-227-211-20.plesk.page\/index.php\/product\/imprimante-de-marque-canon-de-model-ir-3125i-pas-chere-au-cameroun\/\" \/>\n<meta property=\"og:locale\" content=\"fr_FR\" \/>\n<meta property=\"og:type\" content=\"article\" \/>\n<meta property=\"og:title\" content=\"IMPRIMANTE DE MARQUE CANON DE MODEL IR 3125i PAS CHERE AU CAMEROUN - Dream Millenium Computer\" \/>\n<meta property=\"og:description\" content=\"Canon imageRUNNER C3125i   Solution \u00e9conomique et facile \u00e0 utiliser pour tous vos besoins en mati\u00e8re de traitement de documents.  Aper\u00e7u de l&#039;imprimante imageRUNNER C3125i  \u2022 Vitesse d&#039;impression : 25 ppm (A4)  \u2022 Impression, copie, scan, envoi, sauvegarde et t\u00e9l\u00e9copie en option  \u2022 \u00c9cran tactile couleur WVGA 5 pouces (12,7 cm)  \u2022 Impression recto verso automatique et DADF standard  \u2022 Connectivit\u00e9 r\u00e9seau, Wi-Fi, USB, par code QR et NFC  \u2022 Module de finition interne et agrafeuse 3-en-1 en option  \u2022 Capacit\u00e9 d&#039;alimentation maximale de 2300 feuilles\" \/>\n<meta property=\"og:url\" content=\"https:\/\/affectionate-mestorf.212-227-211-20.plesk.page\/index.php\/product\/imprimante-de-marque-canon-de-model-ir-3125i-pas-chere-au-cameroun\/\" \/>\n<meta property=\"og:site_name\" content=\"Dream Millenium Computer\" \/>\n<meta name=\"twitter:card\" content=\"summary_large_image\" \/>\n<meta name=\"twitter:label1\" content=\"Dur\u00e9e de lecture estim\u00e9e\" \/>\n\t<meta name=\"twitter:data1\" content=\"1 minute\" \/>\n<script type=\"application\/ld+json\" class=\"yoast-schema-graph\">{\"@context\":\"https:\/\/schema.org\",\"@graph\":[{\"@type\":\"WebPage\",\"@id\":\"https:\/\/affectionate-mestorf.212-227-211-20.plesk.page\/index.php\/product\/imprimante-de-marque-canon-de-model-ir-3125i-pas-chere-au-cameroun\/\",\"url\":\"https:\/\/affectionate-mestorf.212-227-211-20.plesk.page\/index.php\/product\/imprimante-de-marque-canon-de-model-ir-3125i-pas-chere-au-cameroun\/\",\"name\":\"IMPRIMANTE DE MARQUE CANON DE MODEL IR 3125i PAS CHERE AU CAMEROUN - Dream Millenium Computer\",\"isPartOf\":{\"@id\":\"https:\/\/affectionate-mestorf.212-227-211-20.plesk.page\/#website\"},\"datePublished\":\"2022-05-22T18:33:46+00:00\",\"dateModified\":\"2022-05-22T18:33:46+00:00\",\"breadcrumb\":{\"@id\":\"https:\/\/affectionate-mestorf.212-227-211-20.plesk.page\/index.php\/product\/imprimante-de-marque-canon-de-model-ir-3125i-pas-chere-au-cameroun\/#breadcrumb\"},\"inLanguage\":\"fr-FR\",\"potentialAction\":[{\"@type\":\"ReadAction\",\"target\":[\"https:\/\/affectionate-mestorf.212-227-211-20.plesk.page\/index.php\/product\/imprimante-de-marque-canon-de-model-ir-3125i-pas-chere-au-cameroun\/\"]}]},{\"@type\":\"BreadcrumbList\",\"@id\":\"https:\/\/affectionate-mestorf.212-227-211-20.plesk.page\/index.php\/product\/imprimante-de-marque-canon-de-model-ir-3125i-pas-chere-au-cameroun\/#breadcrumb\",\"itemListElement\":[{\"@type\":\"ListItem\",\"position\":1,\"name\":\"Home\",\"item\":\"https:\/\/affectionate-mestorf.212-227-211-20.plesk.page\/\"},{\"@type\":\"ListItem\",\"position\":2,\"name\":\"Shop\",\"item\":\"https:\/\/affectionate-mestorf.212-227-211-20.plesk.page\/index.php\/shop\/\"},{\"@type\":\"ListItem\",\"position\":3,\"name\":\"IMPRIMANTE DE MARQUE CANON DE MODEL IR 3125i PAS CHERE AU CAMEROUN\"}]},{\"@type\":\"WebSite\",\"@id\":\"https:\/\/affectionate-mestorf.212-227-211-20.plesk.page\/#website\",\"url\":\"https:\/\/affectionate-mestorf.212-227-211-20.plesk.page\/\",\"name\":\"Dream Millenium Computer\",\"description\":\"Vous servir, Notre R\u00eave\",\"potentialAction\":[{\"@type\":\"SearchAction\",\"target\":{\"@type\":\"EntryPoint\",\"urlTemplate\":\"https:\/\/affectionate-mestorf.212-227-211-20.plesk.page\/?s={search_term_string}\"},\"query-input\":\"required name=search_term_string\"}],\"inLanguage\":\"fr-FR\"}]}<\/script>\n<!-- \/ Yoast SEO plugin. -->","yoast_head_json":{"title":"IMPRIMANTE DE MARQUE CANON DE MODEL IR 3125i PAS CHERE AU CAMEROUN - Dream Millenium Computer","robots":{"index":"index","follow":"follow","max-snippet":"max-snippet:-1","max-image-preview":"max-image-preview:large","max-video-preview":"max-video-preview:-1"},"canonical":"https:\/\/affectionate-mestorf.212-227-211-20.plesk.page\/index.php\/product\/imprimante-de-marque-canon-de-model-ir-3125i-pas-chere-au-cameroun\/","og_locale":"fr_FR","og_type":"article","og_title":"IMPRIMANTE DE MARQUE CANON DE MODEL IR 3125i PAS CHERE AU CAMEROUN - Dream Millenium Computer","og_description":"Canon imageRUNNER C3125i   Solution \u00e9conomique et facile \u00e0 utiliser pour tous vos besoins en mati\u00e8re de traitement de documents.  Aper\u00e7u de l'imprimante imageRUNNER C3125i  \u2022 Vitesse d'impression : 25 ppm (A4)  \u2022 Impression, copie, scan, envoi, sauvegarde et t\u00e9l\u00e9copie en option  \u2022 \u00c9cran tactile couleur WVGA 5 pouces (12,7 cm)  \u2022 Impression recto verso automatique et DADF standard  \u2022 Connectivit\u00e9 r\u00e9seau, Wi-Fi, USB, par code QR et NFC  \u2022 Module de finition interne et agrafeuse 3-en-1 en option  \u2022 Capacit\u00e9 d'alimentation maximale de 2300 feuilles","og_url":"https:\/\/affectionate-mestorf.212-227-211-20.plesk.page\/index.php\/product\/imprimante-de-marque-canon-de-model-ir-3125i-pas-chere-au-cameroun\/","og_site_name":"Dream Millenium Computer","twitter_card":"summary_large_image","twitter_misc":{"Dur\u00e9e de lecture estim\u00e9e":"1 minute"},"schema":{"@context":"https:\/\/schema.org","@graph":[{"@type":"WebPage","@id":"https:\/\/affectionate-mestorf.212-227-211-20.plesk.page\/index.php\/product\/imprimante-de-marque-canon-de-model-ir-3125i-pas-chere-au-cameroun\/","url":"https:\/\/affectionate-mestorf.212-227-211-20.plesk.page\/index.php\/product\/imprimante-de-marque-canon-de-model-ir-3125i-pas-chere-au-cameroun\/","name":"IMPRIMANTE DE MARQUE CANON DE MODEL IR 3125i PAS CHERE AU CAMEROUN - Dream Millenium Computer","isPartOf":{"@id":"https:\/\/affectionate-mestorf.212-227-211-20.plesk.page\/#website"},"datePublished":"2022-05-22T18:33:46+00:00","dateModified":"2022-05-22T18:33:46+00:00","breadcrumb":{"@id":"https:\/\/affectionate-mestorf.212-227-211-20.plesk.page\/index.php\/product\/imprimante-de-marque-canon-de-model-ir-3125i-pas-chere-au-cameroun\/#breadcrumb"},"inLanguage":"fr-FR","potentialAction":[{"@type":"ReadAction","target":["https:\/\/affectionate-mestorf.212-227-211-20.plesk.page\/index.php\/product\/imprimante-de-marque-canon-de-model-ir-3125i-pas-chere-au-cameroun\/"]}]},{"@type":"BreadcrumbList","@id":"https:\/\/affectionate-mestorf.212-227-211-20.plesk.page\/index.php\/product\/imprimante-de-marque-canon-de-model-ir-3125i-pas-chere-au-cameroun\/#breadcrumb","itemListElement":[{"@type":"ListItem","position":1,"name":"Home","item":"https:\/\/affectionate-mestorf.212-227-211-20.plesk.page\/"},{"@type":"ListItem","position":2,"name":"Shop","item":"https:\/\/affectionate-mestorf.212-227-211-20.plesk.page\/index.php\/shop\/"},{"@type":"ListItem","position":3,"name":"IMPRIMANTE DE MARQUE CANON DE MODEL IR 3125i PAS CHERE AU CAMEROUN"}]},{"@type":"WebSite","@id":"https:\/\/affectionate-mestorf.212-227-211-20.plesk.page\/#website","url":"https:\/\/affectionate-mestorf.212-227-211-20.plesk.page\/","name":"Dream Millenium Computer","description":"Vous servir, Notre R\u00eave","potentialAction":[{"@type":"SearchAction","target":{"@type":"EntryPoint","urlTemplate":"https:\/\/affectionate-mestorf.212-227-211-20.plesk.page\/?s={search_term_string}"},"query-input":"required name=search_term_string"}],"inLanguage":"fr-FR"}]}},"_links":{"self":[{"href":"https:\/\/affectionate-mestorf.212-227-211-20.plesk.page\/index.php\/wp-json\/wp\/v2\/product\/8765","targetHints":{"allow":["GET"]}}],"collection":[{"href":"https:\/\/affectionate-mestorf.212-227-211-20.plesk.page\/index.php\/wp-json\/wp\/v2\/product"}],"about":[{"href":"https:\/\/affectionate-mestorf.212-227-211-20.plesk.page\/index.php\/wp-json\/wp\/v2\/types\/product"}],"wp:featuredmedia":[{"embeddable":true,"href":"https:\/\/affectionate-mestorf.212-227-211-20.plesk.page\/index.php\/wp-json\/wp\/v2\/media\/8726"}],"wp:attachment":[{"href":"https:\/\/affectionate-mestorf.212-227-211-20.plesk.page\/index.php\/wp-json\/wp\/v2\/media?parent=8765"}],"wp:term":[{"taxonomy":"product_cat","embeddable":true,"href":"https:\/\/affectionate-mestorf.212-227-211-20.plesk.page\/index.php\/wp-json\/wp\/v2\/product_cat?post=8765"},{"taxonomy":"product_tag","embeddable":true,"href":"https:\/\/affectionate-mestorf.212-227-211-20.plesk.page\/index.php\/wp-json\/wp\/v2\/product_tag?post=8765"}],"curies":[{"name":"wp","href":"https:\/\/api.w.org\/{rel}","templated":true}]}}