{"id":8764,"date":"2022-05-22T18:33:45","date_gmt":"2022-05-22T18:33:45","guid":{"rendered":"https:\/\/affectionate-mestorf.212-227-211-20.plesk.page\/index.php\/product\/imprimante-de-marque-canon-de-model-ir-2425-pas-chere-au-cameroun\/"},"modified":"2022-05-22T18:33:45","modified_gmt":"2022-05-22T18:33:45","slug":"imprimante-de-marque-canon-de-model-ir-2425-pas-chere-au-cameroun","status":"publish","type":"product","link":"https:\/\/affectionate-mestorf.212-227-211-20.plesk.page\/index.php\/product\/imprimante-de-marque-canon-de-model-ir-2425-pas-chere-au-cameroun\/","title":{"rendered":"IMPRIMANTE DE MARQUE CANON DE MODEL IR 2425 PAS CHERE AU CAMEROUN"},"content":{"rendered":"<p>Technologie d&rsquo;impression Multifonction Laser Monochrome A3<\/p>\n<p> Fonctions Imprime, Scan, Copie,<br \/>\n Cartouches d&rsquo;impression Toner canon C-EXV- 60 (10 200 pages)<br \/>\n Vitesse d&rsquo;impression Jusqu&rsquo;\u00e0 25 ppm<br \/>\n Qualit\u00e9 d&rsquo;impression Jusqu&rsquo;\u00e0 600 x 600 PPP<br \/>\n Connectivit\u00e9 USB 2.0, R\u00e9seau Ethernet RJ45, Wi-Fi, h\u00f4te USB 2.0<br \/>\n Impression recto\/verso En option<br \/>\n Processeur 1 GHz<br \/>\n M\u00e9moire 2 Go<br \/>\n Capacit\u00e9 bac papier bac multifonction de 250 feuilles<br \/>\n Formats de supports pris en charge Bac universel 1 :A3, A4, A5, A6, B5 (JIS), B6 (JIS), RA4, 10 x 15 cm, enveloppe (ISO DL, ISO C5, ISO C6, ISO B5)<br \/>\n Ecran Ecran LCD 7 Pouces<br \/>\n Types de support pris en charge Enveloppes, papier uni, \u00e9tiquettes, papier recycl\u00e9, papier lourd, papier fin, cartes postales<br \/>\n Poids net 34.2 kg<br \/>\n C\u00e2ble fourni un c\u00e2ble USB non fourni<br \/>\n Consommation 1.5 KW<\/p>\n","protected":false},"excerpt":{"rendered":"<p>imageRUNNER 2425<\/p>\n<p> 25 ppm<br \/>\n Impression, copie, scan, envoi, sauvegarde et t\u00e9l\u00e9copie en option<br \/>\n \u00c9cran tactile couleur WVGA 17,8 cm (7 pouces)<br \/>\n Impression recto-verso automatique<br \/>\n Connectivit\u00e9 r\u00e9seau, Wi-Fi, USB et code QR<br \/>\n D\u00e9marrage s\u00e9curis\u00e9 et technologie SIEM<br \/>\n Capacit\u00e9 d\u2019alimentation maximale de 700 feuilles<br \/>\n NB: SANS ADF<\/p>\n","protected":false},"featured_media":8724,"template":"","meta":[],"product_cat":[204],"product_tag":[],"class_list":["post-8764","product","type-product","status-publish","has-post-thumbnail","hentry","product_cat-imprimante"],"yoast_head":"<!-- This site is optimized with the Yoast SEO plugin v19.9 - https:\/\/yoast.com\/wordpress\/plugins\/seo\/ -->\n<title>IMPRIMANTE DE MARQUE CANON DE MODEL IR 2425 PAS CHERE AU CAMEROUN - Dream Millenium Computer<\/title>\n<meta name=\"robots\" content=\"index, follow, max-snippet:-1, max-image-preview:large, max-video-preview:-1\" \/>\n<link rel=\"canonical\" href=\"https:\/\/affectionate-mestorf.212-227-211-20.plesk.page\/index.php\/product\/imprimante-de-marque-canon-de-model-ir-2425-pas-chere-au-cameroun\/\" \/>\n<meta property=\"og:locale\" content=\"fr_FR\" \/>\n<meta property=\"og:type\" content=\"article\" \/>\n<meta property=\"og:title\" content=\"IMPRIMANTE DE MARQUE CANON DE MODEL IR 2425 PAS CHERE AU CAMEROUN - Dream Millenium Computer\" \/>\n<meta property=\"og:description\" content=\"imageRUNNER 2425   25 ppm  Impression, copie, scan, envoi, sauvegarde et t\u00e9l\u00e9copie en option  \u00c9cran tactile couleur WVGA 17,8 cm (7 pouces)  Impression recto-verso automatique  Connectivit\u00e9 r\u00e9seau, Wi-Fi, USB et code QR  D\u00e9marrage s\u00e9curis\u00e9 et technologie SIEM  Capacit\u00e9 d\u2019alimentation maximale de 700 feuilles  NB: SANS ADF\" \/>\n<meta property=\"og:url\" content=\"https:\/\/affectionate-mestorf.212-227-211-20.plesk.page\/index.php\/product\/imprimante-de-marque-canon-de-model-ir-2425-pas-chere-au-cameroun\/\" \/>\n<meta property=\"og:site_name\" content=\"Dream Millenium Computer\" \/>\n<meta name=\"twitter:card\" content=\"summary_large_image\" \/>\n<meta name=\"twitter:label1\" content=\"Dur\u00e9e de lecture estim\u00e9e\" \/>\n\t<meta name=\"twitter:data1\" content=\"1 minute\" \/>\n<script type=\"application\/ld+json\" class=\"yoast-schema-graph\">{\"@context\":\"https:\/\/schema.org\",\"@graph\":[{\"@type\":\"WebPage\",\"@id\":\"https:\/\/affectionate-mestorf.212-227-211-20.plesk.page\/index.php\/product\/imprimante-de-marque-canon-de-model-ir-2425-pas-chere-au-cameroun\/\",\"url\":\"https:\/\/affectionate-mestorf.212-227-211-20.plesk.page\/index.php\/product\/imprimante-de-marque-canon-de-model-ir-2425-pas-chere-au-cameroun\/\",\"name\":\"IMPRIMANTE DE MARQUE CANON DE MODEL IR 2425 PAS CHERE AU CAMEROUN - Dream Millenium Computer\",\"isPartOf\":{\"@id\":\"https:\/\/affectionate-mestorf.212-227-211-20.plesk.page\/#website\"},\"datePublished\":\"2022-05-22T18:33:45+00:00\",\"dateModified\":\"2022-05-22T18:33:45+00:00\",\"breadcrumb\":{\"@id\":\"https:\/\/affectionate-mestorf.212-227-211-20.plesk.page\/index.php\/product\/imprimante-de-marque-canon-de-model-ir-2425-pas-chere-au-cameroun\/#breadcrumb\"},\"inLanguage\":\"fr-FR\",\"potentialAction\":[{\"@type\":\"ReadAction\",\"target\":[\"https:\/\/affectionate-mestorf.212-227-211-20.plesk.page\/index.php\/product\/imprimante-de-marque-canon-de-model-ir-2425-pas-chere-au-cameroun\/\"]}]},{\"@type\":\"BreadcrumbList\",\"@id\":\"https:\/\/affectionate-mestorf.212-227-211-20.plesk.page\/index.php\/product\/imprimante-de-marque-canon-de-model-ir-2425-pas-chere-au-cameroun\/#breadcrumb\",\"itemListElement\":[{\"@type\":\"ListItem\",\"position\":1,\"name\":\"Home\",\"item\":\"https:\/\/affectionate-mestorf.212-227-211-20.plesk.page\/\"},{\"@type\":\"ListItem\",\"position\":2,\"name\":\"Shop\",\"item\":\"https:\/\/affectionate-mestorf.212-227-211-20.plesk.page\/index.php\/shop\/\"},{\"@type\":\"ListItem\",\"position\":3,\"name\":\"IMPRIMANTE DE MARQUE CANON DE MODEL IR 2425 PAS CHERE AU CAMEROUN\"}]},{\"@type\":\"WebSite\",\"@id\":\"https:\/\/affectionate-mestorf.212-227-211-20.plesk.page\/#website\",\"url\":\"https:\/\/affectionate-mestorf.212-227-211-20.plesk.page\/\",\"name\":\"Dream Millenium Computer\",\"description\":\"Vous servir, Notre R\u00eave\",\"potentialAction\":[{\"@type\":\"SearchAction\",\"target\":{\"@type\":\"EntryPoint\",\"urlTemplate\":\"https:\/\/affectionate-mestorf.212-227-211-20.plesk.page\/?s={search_term_string}\"},\"query-input\":\"required name=search_term_string\"}],\"inLanguage\":\"fr-FR\"}]}<\/script>\n<!-- \/ Yoast SEO plugin. -->","yoast_head_json":{"title":"IMPRIMANTE DE MARQUE CANON DE MODEL IR 2425 PAS CHERE AU CAMEROUN - Dream Millenium Computer","robots":{"index":"index","follow":"follow","max-snippet":"max-snippet:-1","max-image-preview":"max-image-preview:large","max-video-preview":"max-video-preview:-1"},"canonical":"https:\/\/affectionate-mestorf.212-227-211-20.plesk.page\/index.php\/product\/imprimante-de-marque-canon-de-model-ir-2425-pas-chere-au-cameroun\/","og_locale":"fr_FR","og_type":"article","og_title":"IMPRIMANTE DE MARQUE CANON DE MODEL IR 2425 PAS CHERE AU CAMEROUN - Dream Millenium Computer","og_description":"imageRUNNER 2425   25 ppm  Impression, copie, scan, envoi, sauvegarde et t\u00e9l\u00e9copie en option  \u00c9cran tactile couleur WVGA 17,8 cm (7 pouces)  Impression recto-verso automatique  Connectivit\u00e9 r\u00e9seau, Wi-Fi, USB et code QR  D\u00e9marrage s\u00e9curis\u00e9 et technologie SIEM  Capacit\u00e9 d\u2019alimentation maximale de 700 feuilles  NB: SANS ADF","og_url":"https:\/\/affectionate-mestorf.212-227-211-20.plesk.page\/index.php\/product\/imprimante-de-marque-canon-de-model-ir-2425-pas-chere-au-cameroun\/","og_site_name":"Dream Millenium Computer","twitter_card":"summary_large_image","twitter_misc":{"Dur\u00e9e de lecture estim\u00e9e":"1 minute"},"schema":{"@context":"https:\/\/schema.org","@graph":[{"@type":"WebPage","@id":"https:\/\/affectionate-mestorf.212-227-211-20.plesk.page\/index.php\/product\/imprimante-de-marque-canon-de-model-ir-2425-pas-chere-au-cameroun\/","url":"https:\/\/affectionate-mestorf.212-227-211-20.plesk.page\/index.php\/product\/imprimante-de-marque-canon-de-model-ir-2425-pas-chere-au-cameroun\/","name":"IMPRIMANTE DE MARQUE CANON DE MODEL IR 2425 PAS CHERE AU CAMEROUN - Dream Millenium Computer","isPartOf":{"@id":"https:\/\/affectionate-mestorf.212-227-211-20.plesk.page\/#website"},"datePublished":"2022-05-22T18:33:45+00:00","dateModified":"2022-05-22T18:33:45+00:00","breadcrumb":{"@id":"https:\/\/affectionate-mestorf.212-227-211-20.plesk.page\/index.php\/product\/imprimante-de-marque-canon-de-model-ir-2425-pas-chere-au-cameroun\/#breadcrumb"},"inLanguage":"fr-FR","potentialAction":[{"@type":"ReadAction","target":["https:\/\/affectionate-mestorf.212-227-211-20.plesk.page\/index.php\/product\/imprimante-de-marque-canon-de-model-ir-2425-pas-chere-au-cameroun\/"]}]},{"@type":"BreadcrumbList","@id":"https:\/\/affectionate-mestorf.212-227-211-20.plesk.page\/index.php\/product\/imprimante-de-marque-canon-de-model-ir-2425-pas-chere-au-cameroun\/#breadcrumb","itemListElement":[{"@type":"ListItem","position":1,"name":"Home","item":"https:\/\/affectionate-mestorf.212-227-211-20.plesk.page\/"},{"@type":"ListItem","position":2,"name":"Shop","item":"https:\/\/affectionate-mestorf.212-227-211-20.plesk.page\/index.php\/shop\/"},{"@type":"ListItem","position":3,"name":"IMPRIMANTE DE MARQUE CANON DE MODEL IR 2425 PAS CHERE AU CAMEROUN"}]},{"@type":"WebSite","@id":"https:\/\/affectionate-mestorf.212-227-211-20.plesk.page\/#website","url":"https:\/\/affectionate-mestorf.212-227-211-20.plesk.page\/","name":"Dream Millenium Computer","description":"Vous servir, Notre R\u00eave","potentialAction":[{"@type":"SearchAction","target":{"@type":"EntryPoint","urlTemplate":"https:\/\/affectionate-mestorf.212-227-211-20.plesk.page\/?s={search_term_string}"},"query-input":"required name=search_term_string"}],"inLanguage":"fr-FR"}]}},"_links":{"self":[{"href":"https:\/\/affectionate-mestorf.212-227-211-20.plesk.page\/index.php\/wp-json\/wp\/v2\/product\/8764","targetHints":{"allow":["GET"]}}],"collection":[{"href":"https:\/\/affectionate-mestorf.212-227-211-20.plesk.page\/index.php\/wp-json\/wp\/v2\/product"}],"about":[{"href":"https:\/\/affectionate-mestorf.212-227-211-20.plesk.page\/index.php\/wp-json\/wp\/v2\/types\/product"}],"wp:featuredmedia":[{"embeddable":true,"href":"https:\/\/affectionate-mestorf.212-227-211-20.plesk.page\/index.php\/wp-json\/wp\/v2\/media\/8724"}],"wp:attachment":[{"href":"https:\/\/affectionate-mestorf.212-227-211-20.plesk.page\/index.php\/wp-json\/wp\/v2\/media?parent=8764"}],"wp:term":[{"taxonomy":"product_cat","embeddable":true,"href":"https:\/\/affectionate-mestorf.212-227-211-20.plesk.page\/index.php\/wp-json\/wp\/v2\/product_cat?post=8764"},{"taxonomy":"product_tag","embeddable":true,"href":"https:\/\/affectionate-mestorf.212-227-211-20.plesk.page\/index.php\/wp-json\/wp\/v2\/product_tag?post=8764"}],"curies":[{"name":"wp","href":"https:\/\/api.w.org\/{rel}","templated":true}]}}