{"id":8760,"date":"2022-05-22T18:33:43","date_gmt":"2022-05-22T18:33:43","guid":{"rendered":"https:\/\/affectionate-mestorf.212-227-211-20.plesk.page\/index.php\/product\/imprimante-de-marque-hp-de-model-276-dw-pas-chere-au-cameroun\/"},"modified":"2022-05-22T18:33:43","modified_gmt":"2022-05-22T18:33:43","slug":"imprimante-de-marque-hp-de-model-276-dw-pas-chere-au-cameroun","status":"publish","type":"product","link":"https:\/\/affectionate-mestorf.212-227-211-20.plesk.page\/index.php\/product\/imprimante-de-marque-hp-de-model-276-dw-pas-chere-au-cameroun\/","title":{"rendered":"IMPRIMANTE DE MARQUE HP DE MODEL 276 DW PAS CHERE AU CAMEROUN"},"content":{"rendered":"<p>Technologie d&rsquo;impression Impression Officejet<\/p>\n<p> Fonctions Imprime, Scan, Copie, Fax<br \/>\n Cartouches d&rsquo;impression HP 950XL Noir (2300 pages), HP 951XL Cyan, Magenta, Yellow (1500 pages)<br \/>\n Vitesse d&rsquo;impression Jusqu&rsquo;\u00e0 20 ppm<br \/>\n Qualit\u00e9 d&rsquo;impression Jusqu&rsquo;\u00e0 1200 x 1200 PPP<br \/>\n Cycle d&rsquo;utilisation Jusqu&rsquo;\u00e0 30 000 pages (mensuel, A4)<br \/>\n Connectivit\u00e9 USB 2.0 ; R\u00e9seau Ethernet RJ45, Wi-Fi<br \/>\n Impression recto\/verso oui<br \/>\n Processeur 480 MHz<br \/>\n M\u00e9moire 512 Mo<br \/>\n Capacit\u00e9 bac papier bac multifonction de 250 feuilles<br \/>\n Formats de supports pris en charge Bac universel 1 :A4, A5, A6, B5 (JIS), B6 (JIS), RA4, 10 x 15 cm, enveloppe (ISO DL, ISO C5, ISO C6, ISO B5)<br \/>\n Ecran Ecran LCD couleur<br \/>\n Types de support pris en charge Enveloppes, papier uni, \u00e9tiquettes, papier recycl\u00e9, papier lourd, papier fin, cartes postales<br \/>\n Poids net 6.9 kg<br \/>\n C\u00e2ble fourni un c\u00e2ble USB non fourni<br \/>\n Consommation 12.7w<\/p>\n","protected":false},"excerpt":{"rendered":"<p>Con\u00e7ue pour les petites et moyennes entreprises qui souhaitent une impression de qualit\u00e9 professionnelle abordable, avec des connectivit\u00e9s de r\u00e9seau avec ou sans fil et l&rsquo;impression mobile facile.<\/p>\n<p> \u2022 Obtenez un co\u00fbt par page jusqu&rsquo;\u00e0 50 % inf\u00e9rieur aux imprimantes laser avec cette imprimante multifonction facile \u00e0 g\u00e9rer.<br \/>\n \u2022 Prot\u00e9gez votre investissement et choisissez une solution qui peut se d\u00e9velopper avec votre entreprise.<br \/>\n \u2022 Gagnez du temps, simplifiez vos flux de travail et vos t\u00e2ches de bureau.<br \/>\n \u2022 Choisissez HP pour des travaux d&rsquo;impression de groupe de travail fiables &#8211; con\u00e7u pour les volumes pouvant aller jusqu&rsquo;\u00e0 1 500 pages par mois.<br \/>\n \u2022 Connectez, imprimez et restez productif &#8211; que vous soyez au bureau ou en d\u00e9placement.<br \/>\n \u2022 Imprimez des fichiers directement depuis votre cl\u00e9 USB en utilisant le port USB facile d&rsquo;acc\u00e8s.<br \/>\n \u2022 Pr\u00e9servez les ressources sans sacrifier les performances.<br \/>\n \u2022 R\u00e9duisez votre impact \u2013 recyclez facilement vos cartouches d&rsquo;encre HP d&rsquo;origine gratuitement via le programme HP Planet Partners.<\/p>\n","protected":false},"featured_media":8716,"template":"","meta":[],"product_cat":[204],"product_tag":[],"class_list":["post-8760","product","type-product","status-publish","has-post-thumbnail","hentry","product_cat-imprimante"],"yoast_head":"<!-- This site is optimized with the Yoast SEO plugin v19.9 - https:\/\/yoast.com\/wordpress\/plugins\/seo\/ -->\n<title>IMPRIMANTE DE MARQUE HP DE MODEL 276 DW PAS CHERE AU CAMEROUN - Dream Millenium Computer<\/title>\n<meta name=\"robots\" content=\"index, follow, max-snippet:-1, max-image-preview:large, max-video-preview:-1\" \/>\n<link rel=\"canonical\" href=\"https:\/\/affectionate-mestorf.212-227-211-20.plesk.page\/index.php\/product\/imprimante-de-marque-hp-de-model-276-dw-pas-chere-au-cameroun\/\" \/>\n<meta property=\"og:locale\" content=\"fr_FR\" \/>\n<meta property=\"og:type\" content=\"article\" \/>\n<meta property=\"og:title\" content=\"IMPRIMANTE DE MARQUE HP DE MODEL 276 DW PAS CHERE AU CAMEROUN - Dream Millenium Computer\" \/>\n<meta property=\"og:description\" content=\"Con\u00e7ue pour les petites et moyennes entreprises qui souhaitent une impression de qualit\u00e9 professionnelle abordable, avec des connectivit\u00e9s de r\u00e9seau avec ou sans fil et l&#039;impression mobile facile.   \u2022 Obtenez un co\u00fbt par page jusqu&#039;\u00e0 50 % inf\u00e9rieur aux imprimantes laser avec cette imprimante multifonction facile \u00e0 g\u00e9rer.  \u2022 Prot\u00e9gez votre investissement et choisissez une solution qui peut se d\u00e9velopper avec votre entreprise.  \u2022 Gagnez du temps, simplifiez vos flux de travail et vos t\u00e2ches de bureau.  \u2022 Choisissez HP pour des travaux d&#039;impression de groupe de travail fiables - con\u00e7u pour les volumes pouvant aller jusqu&#039;\u00e0 1 500 pages par mois.  \u2022 Connectez, imprimez et restez productif - que vous soyez au bureau ou en d\u00e9placement.  \u2022 Imprimez des fichiers directement depuis votre cl\u00e9 USB en utilisant le port USB facile d&#039;acc\u00e8s.  \u2022 Pr\u00e9servez les ressources sans sacrifier les performances.  \u2022 R\u00e9duisez votre impact \u2013 recyclez facilement vos cartouches d&#039;encre HP d&#039;origine gratuitement via le programme HP Planet Partners.\" \/>\n<meta property=\"og:url\" content=\"https:\/\/affectionate-mestorf.212-227-211-20.plesk.page\/index.php\/product\/imprimante-de-marque-hp-de-model-276-dw-pas-chere-au-cameroun\/\" \/>\n<meta property=\"og:site_name\" content=\"Dream Millenium Computer\" \/>\n<meta name=\"twitter:card\" content=\"summary_large_image\" \/>\n<meta name=\"twitter:label1\" content=\"Dur\u00e9e de lecture estim\u00e9e\" \/>\n\t<meta name=\"twitter:data1\" content=\"1 minute\" \/>\n<script type=\"application\/ld+json\" class=\"yoast-schema-graph\">{\"@context\":\"https:\/\/schema.org\",\"@graph\":[{\"@type\":\"WebPage\",\"@id\":\"https:\/\/affectionate-mestorf.212-227-211-20.plesk.page\/index.php\/product\/imprimante-de-marque-hp-de-model-276-dw-pas-chere-au-cameroun\/\",\"url\":\"https:\/\/affectionate-mestorf.212-227-211-20.plesk.page\/index.php\/product\/imprimante-de-marque-hp-de-model-276-dw-pas-chere-au-cameroun\/\",\"name\":\"IMPRIMANTE DE MARQUE HP DE MODEL 276 DW PAS CHERE AU CAMEROUN - Dream Millenium Computer\",\"isPartOf\":{\"@id\":\"https:\/\/affectionate-mestorf.212-227-211-20.plesk.page\/#website\"},\"datePublished\":\"2022-05-22T18:33:43+00:00\",\"dateModified\":\"2022-05-22T18:33:43+00:00\",\"breadcrumb\":{\"@id\":\"https:\/\/affectionate-mestorf.212-227-211-20.plesk.page\/index.php\/product\/imprimante-de-marque-hp-de-model-276-dw-pas-chere-au-cameroun\/#breadcrumb\"},\"inLanguage\":\"fr-FR\",\"potentialAction\":[{\"@type\":\"ReadAction\",\"target\":[\"https:\/\/affectionate-mestorf.212-227-211-20.plesk.page\/index.php\/product\/imprimante-de-marque-hp-de-model-276-dw-pas-chere-au-cameroun\/\"]}]},{\"@type\":\"BreadcrumbList\",\"@id\":\"https:\/\/affectionate-mestorf.212-227-211-20.plesk.page\/index.php\/product\/imprimante-de-marque-hp-de-model-276-dw-pas-chere-au-cameroun\/#breadcrumb\",\"itemListElement\":[{\"@type\":\"ListItem\",\"position\":1,\"name\":\"Home\",\"item\":\"https:\/\/affectionate-mestorf.212-227-211-20.plesk.page\/\"},{\"@type\":\"ListItem\",\"position\":2,\"name\":\"Shop\",\"item\":\"https:\/\/affectionate-mestorf.212-227-211-20.plesk.page\/index.php\/shop\/\"},{\"@type\":\"ListItem\",\"position\":3,\"name\":\"IMPRIMANTE DE MARQUE HP DE MODEL 276 DW PAS CHERE AU CAMEROUN\"}]},{\"@type\":\"WebSite\",\"@id\":\"https:\/\/affectionate-mestorf.212-227-211-20.plesk.page\/#website\",\"url\":\"https:\/\/affectionate-mestorf.212-227-211-20.plesk.page\/\",\"name\":\"Dream Millenium Computer\",\"description\":\"Vous servir, Notre R\u00eave\",\"potentialAction\":[{\"@type\":\"SearchAction\",\"target\":{\"@type\":\"EntryPoint\",\"urlTemplate\":\"https:\/\/affectionate-mestorf.212-227-211-20.plesk.page\/?s={search_term_string}\"},\"query-input\":\"required name=search_term_string\"}],\"inLanguage\":\"fr-FR\"}]}<\/script>\n<!-- \/ Yoast SEO plugin. -->","yoast_head_json":{"title":"IMPRIMANTE DE MARQUE HP DE MODEL 276 DW PAS CHERE AU CAMEROUN - Dream Millenium Computer","robots":{"index":"index","follow":"follow","max-snippet":"max-snippet:-1","max-image-preview":"max-image-preview:large","max-video-preview":"max-video-preview:-1"},"canonical":"https:\/\/affectionate-mestorf.212-227-211-20.plesk.page\/index.php\/product\/imprimante-de-marque-hp-de-model-276-dw-pas-chere-au-cameroun\/","og_locale":"fr_FR","og_type":"article","og_title":"IMPRIMANTE DE MARQUE HP DE MODEL 276 DW PAS CHERE AU CAMEROUN - Dream Millenium Computer","og_description":"Con\u00e7ue pour les petites et moyennes entreprises qui souhaitent une impression de qualit\u00e9 professionnelle abordable, avec des connectivit\u00e9s de r\u00e9seau avec ou sans fil et l'impression mobile facile.   \u2022 Obtenez un co\u00fbt par page jusqu'\u00e0 50 % inf\u00e9rieur aux imprimantes laser avec cette imprimante multifonction facile \u00e0 g\u00e9rer.  \u2022 Prot\u00e9gez votre investissement et choisissez une solution qui peut se d\u00e9velopper avec votre entreprise.  \u2022 Gagnez du temps, simplifiez vos flux de travail et vos t\u00e2ches de bureau.  \u2022 Choisissez HP pour des travaux d'impression de groupe de travail fiables - con\u00e7u pour les volumes pouvant aller jusqu'\u00e0 1 500 pages par mois.  \u2022 Connectez, imprimez et restez productif - que vous soyez au bureau ou en d\u00e9placement.  \u2022 Imprimez des fichiers directement depuis votre cl\u00e9 USB en utilisant le port USB facile d'acc\u00e8s.  \u2022 Pr\u00e9servez les ressources sans sacrifier les performances.  \u2022 R\u00e9duisez votre impact \u2013 recyclez facilement vos cartouches d'encre HP d'origine gratuitement via le programme HP Planet Partners.","og_url":"https:\/\/affectionate-mestorf.212-227-211-20.plesk.page\/index.php\/product\/imprimante-de-marque-hp-de-model-276-dw-pas-chere-au-cameroun\/","og_site_name":"Dream Millenium Computer","twitter_card":"summary_large_image","twitter_misc":{"Dur\u00e9e de lecture estim\u00e9e":"1 minute"},"schema":{"@context":"https:\/\/schema.org","@graph":[{"@type":"WebPage","@id":"https:\/\/affectionate-mestorf.212-227-211-20.plesk.page\/index.php\/product\/imprimante-de-marque-hp-de-model-276-dw-pas-chere-au-cameroun\/","url":"https:\/\/affectionate-mestorf.212-227-211-20.plesk.page\/index.php\/product\/imprimante-de-marque-hp-de-model-276-dw-pas-chere-au-cameroun\/","name":"IMPRIMANTE DE MARQUE HP DE MODEL 276 DW PAS CHERE AU CAMEROUN - Dream Millenium Computer","isPartOf":{"@id":"https:\/\/affectionate-mestorf.212-227-211-20.plesk.page\/#website"},"datePublished":"2022-05-22T18:33:43+00:00","dateModified":"2022-05-22T18:33:43+00:00","breadcrumb":{"@id":"https:\/\/affectionate-mestorf.212-227-211-20.plesk.page\/index.php\/product\/imprimante-de-marque-hp-de-model-276-dw-pas-chere-au-cameroun\/#breadcrumb"},"inLanguage":"fr-FR","potentialAction":[{"@type":"ReadAction","target":["https:\/\/affectionate-mestorf.212-227-211-20.plesk.page\/index.php\/product\/imprimante-de-marque-hp-de-model-276-dw-pas-chere-au-cameroun\/"]}]},{"@type":"BreadcrumbList","@id":"https:\/\/affectionate-mestorf.212-227-211-20.plesk.page\/index.php\/product\/imprimante-de-marque-hp-de-model-276-dw-pas-chere-au-cameroun\/#breadcrumb","itemListElement":[{"@type":"ListItem","position":1,"name":"Home","item":"https:\/\/affectionate-mestorf.212-227-211-20.plesk.page\/"},{"@type":"ListItem","position":2,"name":"Shop","item":"https:\/\/affectionate-mestorf.212-227-211-20.plesk.page\/index.php\/shop\/"},{"@type":"ListItem","position":3,"name":"IMPRIMANTE DE MARQUE HP DE MODEL 276 DW PAS CHERE AU CAMEROUN"}]},{"@type":"WebSite","@id":"https:\/\/affectionate-mestorf.212-227-211-20.plesk.page\/#website","url":"https:\/\/affectionate-mestorf.212-227-211-20.plesk.page\/","name":"Dream Millenium Computer","description":"Vous servir, Notre R\u00eave","potentialAction":[{"@type":"SearchAction","target":{"@type":"EntryPoint","urlTemplate":"https:\/\/affectionate-mestorf.212-227-211-20.plesk.page\/?s={search_term_string}"},"query-input":"required name=search_term_string"}],"inLanguage":"fr-FR"}]}},"_links":{"self":[{"href":"https:\/\/affectionate-mestorf.212-227-211-20.plesk.page\/index.php\/wp-json\/wp\/v2\/product\/8760","targetHints":{"allow":["GET"]}}],"collection":[{"href":"https:\/\/affectionate-mestorf.212-227-211-20.plesk.page\/index.php\/wp-json\/wp\/v2\/product"}],"about":[{"href":"https:\/\/affectionate-mestorf.212-227-211-20.plesk.page\/index.php\/wp-json\/wp\/v2\/types\/product"}],"wp:featuredmedia":[{"embeddable":true,"href":"https:\/\/affectionate-mestorf.212-227-211-20.plesk.page\/index.php\/wp-json\/wp\/v2\/media\/8716"}],"wp:attachment":[{"href":"https:\/\/affectionate-mestorf.212-227-211-20.plesk.page\/index.php\/wp-json\/wp\/v2\/media?parent=8760"}],"wp:term":[{"taxonomy":"product_cat","embeddable":true,"href":"https:\/\/affectionate-mestorf.212-227-211-20.plesk.page\/index.php\/wp-json\/wp\/v2\/product_cat?post=8760"},{"taxonomy":"product_tag","embeddable":true,"href":"https:\/\/affectionate-mestorf.212-227-211-20.plesk.page\/index.php\/wp-json\/wp\/v2\/product_tag?post=8760"}],"curies":[{"name":"wp","href":"https:\/\/api.w.org\/{rel}","templated":true}]}}