{"id":8755,"date":"2022-05-22T18:33:43","date_gmt":"2022-05-22T18:33:43","guid":{"rendered":"https:\/\/affectionate-mestorf.212-227-211-20.plesk.page\/index.php\/product\/imprimante-de-marque-hp-de-model-m553-dn-pas-chere-au-cameroun\/"},"modified":"2022-05-22T18:33:43","modified_gmt":"2022-05-22T18:33:43","slug":"imprimante-de-marque-hp-de-model-m553-dn-pas-chere-au-cameroun","status":"publish","type":"product","link":"https:\/\/affectionate-mestorf.212-227-211-20.plesk.page\/index.php\/product\/imprimante-de-marque-hp-de-model-m553-dn-pas-chere-au-cameroun\/","title":{"rendered":"IMPRIMANTE DE MARQUE HP DE MODEL M553 dn PAS CHERE AU CAMEROUN"},"content":{"rendered":"<p>Technologie d&rsquo;impression Impression LaserJet Entreprise Couleur<\/p>\n<p> Fonctions Imprime uniquement<br \/>\n Cartouches d&rsquo;impression HP 508A noir (6000 pages), HP 508A Cyan, Magenta, Yellow (5000 pages)<br \/>\n Vitesse d&rsquo;impression Jusqu&rsquo;\u00e0 38 ppm<br \/>\n Qualit\u00e9 d&rsquo;impression Jusqu&rsquo;\u00e0 1200 x 1200 PPP<br \/>\n Cycle d&rsquo;utilisation Jusqu&rsquo;\u00e0 80 000 pages (mensuel, A4)<br \/>\n Connectivit\u00e9 USB 2.0 ; R\u00e9seau Ethernet RJ45 ; h\u00f4te USB 2.0<br \/>\n Impression recto\/verso OUI<br \/>\n Processeur 1.5GHz<br \/>\n M\u00e9moire 1 Go<br \/>\n Capacit\u00e9 bac papier bac multifonction de 250 feuilles<br \/>\n Formats de supports pris en charge Bac universel 1 :A4, A5, A6, B5 (JIS), B6 (JIS), RA4, 10 x 15 cm, enveloppe (ISO DL, ISO C5, ISO C6, ISO B5)<br \/>\n Ecran Ecran LCD couleur<br \/>\n Types de support pris en charge Enveloppes, papier uni, \u00e9tiquettes, papier recycl\u00e9, papier lourd, papier fin, cartes postales<br \/>\n Poids net 27.5 kg<br \/>\n C\u00e2ble fourni un c\u00e2ble USB non fourni<br \/>\n Consommation 617w<\/p>\n","protected":false},"excerpt":{"rendered":"<p>Une imprimante laser couleur fiable et performante.<br \/>\n R\u00e9alisez toutes vos t\u00e2ches quotidiennes avec l&rsquo;imprimante HP Color LaserJet Enterprise M553dn ! Id\u00e9ale pour les petites et moyennes entreprises, cette imprimante laser couleur est compacte et \u00e9conomique. Avec une r\u00e9solution d&rsquo;impression de 1200 x 1200 ppp en couleur (idem en noir et blanc), une vitesse d&rsquo;impression rapide de 38 ppm et l&rsquo;impression recto verso automatique, l&rsquo;imprimante laser couleur HP Color LaserJet Enterprise M553dn permet d&rsquo;ex\u00e9cuter rapidement les t\u00e2ches pour un rendu de qualit\u00e9.<br \/>\n Obtenez les r\u00e9sultats exig\u00e9s par votre entreprise.<br \/>\n Imprimez des documents couleur de grande qualit\u00e9, page apr\u00e8s page, et effectuez des t\u00e2ches d\u2019impression en toute confiance.<br \/>\n G\u00e9rez les t\u00e2ches et les param\u00e8tres rapidement avec l&rsquo;affichage couleur sur 4 lignes et utilisez le clavier \u00e0 10 touches pour l&rsquo;impression avec PIN.<\/p>\n","protected":false},"featured_media":8706,"template":"","meta":[],"product_cat":[204],"product_tag":[],"class_list":["post-8755","product","type-product","status-publish","has-post-thumbnail","hentry","product_cat-imprimante"],"yoast_head":"<!-- This site is optimized with the Yoast SEO plugin v19.9 - https:\/\/yoast.com\/wordpress\/plugins\/seo\/ -->\n<title>IMPRIMANTE DE MARQUE HP DE MODEL M553 dn PAS CHERE AU CAMEROUN - Dream Millenium Computer<\/title>\n<meta name=\"robots\" content=\"index, follow, max-snippet:-1, max-image-preview:large, max-video-preview:-1\" \/>\n<link rel=\"canonical\" href=\"https:\/\/affectionate-mestorf.212-227-211-20.plesk.page\/index.php\/product\/imprimante-de-marque-hp-de-model-m553-dn-pas-chere-au-cameroun\/\" \/>\n<meta property=\"og:locale\" content=\"fr_FR\" \/>\n<meta property=\"og:type\" content=\"article\" \/>\n<meta property=\"og:title\" content=\"IMPRIMANTE DE MARQUE HP DE MODEL M553 dn PAS CHERE AU CAMEROUN - Dream Millenium Computer\" \/>\n<meta property=\"og:description\" content=\"Une imprimante laser couleur fiable et performante.  R\u00e9alisez toutes vos t\u00e2ches quotidiennes avec l&#039;imprimante HP Color LaserJet Enterprise M553dn ! Id\u00e9ale pour les petites et moyennes entreprises, cette imprimante laser couleur est compacte et \u00e9conomique. Avec une r\u00e9solution d&#039;impression de 1200 x 1200 ppp en couleur (idem en noir et blanc), une vitesse d&#039;impression rapide de 38 ppm et l&#039;impression recto verso automatique, l&#039;imprimante laser couleur HP Color LaserJet Enterprise M553dn permet d&#039;ex\u00e9cuter rapidement les t\u00e2ches pour un rendu de qualit\u00e9.  Obtenez les r\u00e9sultats exig\u00e9s par votre entreprise.  Imprimez des documents couleur de grande qualit\u00e9, page apr\u00e8s page, et effectuez des t\u00e2ches d\u2019impression en toute confiance.  G\u00e9rez les t\u00e2ches et les param\u00e8tres rapidement avec l&#039;affichage couleur sur 4 lignes et utilisez le clavier \u00e0 10 touches pour l&#039;impression avec PIN.\" \/>\n<meta property=\"og:url\" content=\"https:\/\/affectionate-mestorf.212-227-211-20.plesk.page\/index.php\/product\/imprimante-de-marque-hp-de-model-m553-dn-pas-chere-au-cameroun\/\" \/>\n<meta property=\"og:site_name\" content=\"Dream Millenium Computer\" \/>\n<meta name=\"twitter:card\" content=\"summary_large_image\" \/>\n<meta name=\"twitter:label1\" content=\"Dur\u00e9e de lecture estim\u00e9e\" \/>\n\t<meta name=\"twitter:data1\" content=\"1 minute\" \/>\n<script type=\"application\/ld+json\" class=\"yoast-schema-graph\">{\"@context\":\"https:\/\/schema.org\",\"@graph\":[{\"@type\":\"WebPage\",\"@id\":\"https:\/\/affectionate-mestorf.212-227-211-20.plesk.page\/index.php\/product\/imprimante-de-marque-hp-de-model-m553-dn-pas-chere-au-cameroun\/\",\"url\":\"https:\/\/affectionate-mestorf.212-227-211-20.plesk.page\/index.php\/product\/imprimante-de-marque-hp-de-model-m553-dn-pas-chere-au-cameroun\/\",\"name\":\"IMPRIMANTE DE MARQUE HP DE MODEL M553 dn PAS CHERE AU CAMEROUN - Dream Millenium Computer\",\"isPartOf\":{\"@id\":\"https:\/\/affectionate-mestorf.212-227-211-20.plesk.page\/#website\"},\"datePublished\":\"2022-05-22T18:33:43+00:00\",\"dateModified\":\"2022-05-22T18:33:43+00:00\",\"breadcrumb\":{\"@id\":\"https:\/\/affectionate-mestorf.212-227-211-20.plesk.page\/index.php\/product\/imprimante-de-marque-hp-de-model-m553-dn-pas-chere-au-cameroun\/#breadcrumb\"},\"inLanguage\":\"fr-FR\",\"potentialAction\":[{\"@type\":\"ReadAction\",\"target\":[\"https:\/\/affectionate-mestorf.212-227-211-20.plesk.page\/index.php\/product\/imprimante-de-marque-hp-de-model-m553-dn-pas-chere-au-cameroun\/\"]}]},{\"@type\":\"BreadcrumbList\",\"@id\":\"https:\/\/affectionate-mestorf.212-227-211-20.plesk.page\/index.php\/product\/imprimante-de-marque-hp-de-model-m553-dn-pas-chere-au-cameroun\/#breadcrumb\",\"itemListElement\":[{\"@type\":\"ListItem\",\"position\":1,\"name\":\"Home\",\"item\":\"https:\/\/affectionate-mestorf.212-227-211-20.plesk.page\/\"},{\"@type\":\"ListItem\",\"position\":2,\"name\":\"Shop\",\"item\":\"https:\/\/affectionate-mestorf.212-227-211-20.plesk.page\/index.php\/shop\/\"},{\"@type\":\"ListItem\",\"position\":3,\"name\":\"IMPRIMANTE DE MARQUE HP DE MODEL M553 dn PAS CHERE AU CAMEROUN\"}]},{\"@type\":\"WebSite\",\"@id\":\"https:\/\/affectionate-mestorf.212-227-211-20.plesk.page\/#website\",\"url\":\"https:\/\/affectionate-mestorf.212-227-211-20.plesk.page\/\",\"name\":\"Dream Millenium Computer\",\"description\":\"Vous servir, Notre R\u00eave\",\"potentialAction\":[{\"@type\":\"SearchAction\",\"target\":{\"@type\":\"EntryPoint\",\"urlTemplate\":\"https:\/\/affectionate-mestorf.212-227-211-20.plesk.page\/?s={search_term_string}\"},\"query-input\":\"required name=search_term_string\"}],\"inLanguage\":\"fr-FR\"}]}<\/script>\n<!-- \/ Yoast SEO plugin. -->","yoast_head_json":{"title":"IMPRIMANTE DE MARQUE HP DE MODEL M553 dn PAS CHERE AU CAMEROUN - Dream Millenium Computer","robots":{"index":"index","follow":"follow","max-snippet":"max-snippet:-1","max-image-preview":"max-image-preview:large","max-video-preview":"max-video-preview:-1"},"canonical":"https:\/\/affectionate-mestorf.212-227-211-20.plesk.page\/index.php\/product\/imprimante-de-marque-hp-de-model-m553-dn-pas-chere-au-cameroun\/","og_locale":"fr_FR","og_type":"article","og_title":"IMPRIMANTE DE MARQUE HP DE MODEL M553 dn PAS CHERE AU CAMEROUN - Dream Millenium Computer","og_description":"Une imprimante laser couleur fiable et performante.  R\u00e9alisez toutes vos t\u00e2ches quotidiennes avec l'imprimante HP Color LaserJet Enterprise M553dn ! Id\u00e9ale pour les petites et moyennes entreprises, cette imprimante laser couleur est compacte et \u00e9conomique. Avec une r\u00e9solution d'impression de 1200 x 1200 ppp en couleur (idem en noir et blanc), une vitesse d'impression rapide de 38 ppm et l'impression recto verso automatique, l'imprimante laser couleur HP Color LaserJet Enterprise M553dn permet d'ex\u00e9cuter rapidement les t\u00e2ches pour un rendu de qualit\u00e9.  Obtenez les r\u00e9sultats exig\u00e9s par votre entreprise.  Imprimez des documents couleur de grande qualit\u00e9, page apr\u00e8s page, et effectuez des t\u00e2ches d\u2019impression en toute confiance.  G\u00e9rez les t\u00e2ches et les param\u00e8tres rapidement avec l'affichage couleur sur 4 lignes et utilisez le clavier \u00e0 10 touches pour l'impression avec PIN.","og_url":"https:\/\/affectionate-mestorf.212-227-211-20.plesk.page\/index.php\/product\/imprimante-de-marque-hp-de-model-m553-dn-pas-chere-au-cameroun\/","og_site_name":"Dream Millenium Computer","twitter_card":"summary_large_image","twitter_misc":{"Dur\u00e9e de lecture estim\u00e9e":"1 minute"},"schema":{"@context":"https:\/\/schema.org","@graph":[{"@type":"WebPage","@id":"https:\/\/affectionate-mestorf.212-227-211-20.plesk.page\/index.php\/product\/imprimante-de-marque-hp-de-model-m553-dn-pas-chere-au-cameroun\/","url":"https:\/\/affectionate-mestorf.212-227-211-20.plesk.page\/index.php\/product\/imprimante-de-marque-hp-de-model-m553-dn-pas-chere-au-cameroun\/","name":"IMPRIMANTE DE MARQUE HP DE MODEL M553 dn PAS CHERE AU CAMEROUN - Dream Millenium Computer","isPartOf":{"@id":"https:\/\/affectionate-mestorf.212-227-211-20.plesk.page\/#website"},"datePublished":"2022-05-22T18:33:43+00:00","dateModified":"2022-05-22T18:33:43+00:00","breadcrumb":{"@id":"https:\/\/affectionate-mestorf.212-227-211-20.plesk.page\/index.php\/product\/imprimante-de-marque-hp-de-model-m553-dn-pas-chere-au-cameroun\/#breadcrumb"},"inLanguage":"fr-FR","potentialAction":[{"@type":"ReadAction","target":["https:\/\/affectionate-mestorf.212-227-211-20.plesk.page\/index.php\/product\/imprimante-de-marque-hp-de-model-m553-dn-pas-chere-au-cameroun\/"]}]},{"@type":"BreadcrumbList","@id":"https:\/\/affectionate-mestorf.212-227-211-20.plesk.page\/index.php\/product\/imprimante-de-marque-hp-de-model-m553-dn-pas-chere-au-cameroun\/#breadcrumb","itemListElement":[{"@type":"ListItem","position":1,"name":"Home","item":"https:\/\/affectionate-mestorf.212-227-211-20.plesk.page\/"},{"@type":"ListItem","position":2,"name":"Shop","item":"https:\/\/affectionate-mestorf.212-227-211-20.plesk.page\/index.php\/shop\/"},{"@type":"ListItem","position":3,"name":"IMPRIMANTE DE MARQUE HP DE MODEL M553 dn PAS CHERE AU CAMEROUN"}]},{"@type":"WebSite","@id":"https:\/\/affectionate-mestorf.212-227-211-20.plesk.page\/#website","url":"https:\/\/affectionate-mestorf.212-227-211-20.plesk.page\/","name":"Dream Millenium Computer","description":"Vous servir, Notre R\u00eave","potentialAction":[{"@type":"SearchAction","target":{"@type":"EntryPoint","urlTemplate":"https:\/\/affectionate-mestorf.212-227-211-20.plesk.page\/?s={search_term_string}"},"query-input":"required name=search_term_string"}],"inLanguage":"fr-FR"}]}},"_links":{"self":[{"href":"https:\/\/affectionate-mestorf.212-227-211-20.plesk.page\/index.php\/wp-json\/wp\/v2\/product\/8755","targetHints":{"allow":["GET"]}}],"collection":[{"href":"https:\/\/affectionate-mestorf.212-227-211-20.plesk.page\/index.php\/wp-json\/wp\/v2\/product"}],"about":[{"href":"https:\/\/affectionate-mestorf.212-227-211-20.plesk.page\/index.php\/wp-json\/wp\/v2\/types\/product"}],"wp:featuredmedia":[{"embeddable":true,"href":"https:\/\/affectionate-mestorf.212-227-211-20.plesk.page\/index.php\/wp-json\/wp\/v2\/media\/8706"}],"wp:attachment":[{"href":"https:\/\/affectionate-mestorf.212-227-211-20.plesk.page\/index.php\/wp-json\/wp\/v2\/media?parent=8755"}],"wp:term":[{"taxonomy":"product_cat","embeddable":true,"href":"https:\/\/affectionate-mestorf.212-227-211-20.plesk.page\/index.php\/wp-json\/wp\/v2\/product_cat?post=8755"},{"taxonomy":"product_tag","embeddable":true,"href":"https:\/\/affectionate-mestorf.212-227-211-20.plesk.page\/index.php\/wp-json\/wp\/v2\/product_tag?post=8755"}],"curies":[{"name":"wp","href":"https:\/\/api.w.org\/{rel}","templated":true}]}}