{"id":8752,"date":"2022-05-22T18:33:42","date_gmt":"2022-05-22T18:33:42","guid":{"rendered":"https:\/\/affectionate-mestorf.212-227-211-20.plesk.page\/index.php\/product\/imprimante-de-marque-epson-de-model-lq-1300-pas-chere-au-cameroun\/"},"modified":"2022-05-22T18:33:42","modified_gmt":"2022-05-22T18:33:42","slug":"imprimante-de-marque-epson-de-model-lq-1300-pas-chere-au-cameroun","status":"publish","type":"product","link":"https:\/\/affectionate-mestorf.212-227-211-20.plesk.page\/index.php\/product\/imprimante-de-marque-epson-de-model-lq-1300-pas-chere-au-cameroun\/","title":{"rendered":"IMPRIMANTE DE MARQUE EPSON DE MODEL LQ 1300 PAS CHERE AU CAMEROUN"},"content":{"rendered":"<p>Technologie d&rsquo;impression Impression Jet d\u2019encre<\/p>\n<p> Fonctions Imprime uniquement A3<br \/>\n Cartouches d&rsquo;impression HP 664 noir (3700 pages) ; 664 Cyan, Magenta, Yellow (2100 pages)<br \/>\n Vitesse d&rsquo;impression Jusqu&rsquo;\u00e0 30 ppm<br \/>\n Qualit\u00e9 d&rsquo;impression Jusqu&rsquo;\u00e0 5760 x 1440 DPI<br \/>\n Cycle d&rsquo;utilisation Jusqu&rsquo;\u00e0 50 000 pages (mensuel, A4)<br \/>\n Connectivit\u00e9 USB 2.0<br \/>\n Impression recto\/verso Non<br \/>\n Processeur non<br \/>\n M\u00e9moire non<br \/>\n Capacit\u00e9 bac papier bac multifonction de 100 feuilles<br \/>\n Formats de supports pris en charge Bac universel 1 : A3, A4, A5, A6, B5 (JIS), B6 (JIS), RA4, 10 x 15 cm, enveloppe (ISO DL, ISO C5, ISO C6, ISO B5)<br \/>\n Ecran Ecran LCD noir\/blanc<br \/>\n Types de support pris en charge Enveloppes, papier uni, \u00e9tiquettes, papier recycl\u00e9, papier lourd, papier fin, cartes postales<br \/>\n Poids net 12.2 kg<br \/>\n C\u00e2ble fourni un c\u00e2ble USB non fourni<br \/>\n Consommation 70 w<\/p>\n","protected":false},"excerpt":{"rendered":"<p>Technologie d&rsquo;impression Impression Jet d\u2019encre Fonctions Imprime uniquement A3 Cartouches d&rsquo;impression HP 664 noir (3700 pages) ; 664 Cyan, Magenta, Yellow (2100 pages) Vitesse d&rsquo;impression Jusqu&rsquo;\u00e0 30 ppm Qualit\u00e9 d&rsquo;impression Jusqu&rsquo;\u00e0 5760 x 1440 DPI Cycle d&rsquo;utilisation Jusqu&rsquo;\u00e0 50 000 &hellip; <a href=\"https:\/\/affectionate-mestorf.212-227-211-20.plesk.page\/index.php\/product\/imprimante-de-marque-epson-de-model-lq-1300-pas-chere-au-cameroun\/\">Readmore<\/a><\/p>\n","protected":false},"featured_media":8700,"template":"","meta":[],"product_cat":[204],"product_tag":[],"class_list":["post-8752","product","type-product","status-publish","has-post-thumbnail","hentry","product_cat-imprimante"],"yoast_head":"<!-- This site is optimized with the Yoast SEO plugin v19.9 - https:\/\/yoast.com\/wordpress\/plugins\/seo\/ -->\n<title>IMPRIMANTE DE MARQUE EPSON DE MODEL LQ 1300 PAS CHERE AU CAMEROUN - Dream Millenium Computer<\/title>\n<meta name=\"robots\" content=\"index, follow, max-snippet:-1, max-image-preview:large, max-video-preview:-1\" \/>\n<link rel=\"canonical\" href=\"https:\/\/affectionate-mestorf.212-227-211-20.plesk.page\/index.php\/product\/imprimante-de-marque-epson-de-model-lq-1300-pas-chere-au-cameroun\/\" \/>\n<meta property=\"og:locale\" content=\"fr_FR\" \/>\n<meta property=\"og:type\" content=\"article\" \/>\n<meta property=\"og:title\" content=\"IMPRIMANTE DE MARQUE EPSON DE MODEL LQ 1300 PAS CHERE AU CAMEROUN - Dream Millenium Computer\" \/>\n<meta property=\"og:description\" content=\"Technologie d&rsquo;impression Impression Jet d\u2019encre Fonctions Imprime uniquement A3 Cartouches d&rsquo;impression HP 664 noir (3700 pages) ; 664 Cyan, Magenta, Yellow (2100 pages) Vitesse d&rsquo;impression Jusqu&rsquo;\u00e0 30 ppm Qualit\u00e9 d&rsquo;impression Jusqu&rsquo;\u00e0 5760 x 1440 DPI Cycle d&rsquo;utilisation Jusqu&rsquo;\u00e0 50 000 &hellip; Readmore\" \/>\n<meta property=\"og:url\" content=\"https:\/\/affectionate-mestorf.212-227-211-20.plesk.page\/index.php\/product\/imprimante-de-marque-epson-de-model-lq-1300-pas-chere-au-cameroun\/\" \/>\n<meta property=\"og:site_name\" content=\"Dream Millenium Computer\" \/>\n<meta name=\"twitter:card\" content=\"summary_large_image\" \/>\n<meta name=\"twitter:label1\" content=\"Dur\u00e9e de lecture estim\u00e9e\" \/>\n\t<meta name=\"twitter:data1\" content=\"1 minute\" \/>\n<script type=\"application\/ld+json\" class=\"yoast-schema-graph\">{\"@context\":\"https:\/\/schema.org\",\"@graph\":[{\"@type\":\"WebPage\",\"@id\":\"https:\/\/affectionate-mestorf.212-227-211-20.plesk.page\/index.php\/product\/imprimante-de-marque-epson-de-model-lq-1300-pas-chere-au-cameroun\/\",\"url\":\"https:\/\/affectionate-mestorf.212-227-211-20.plesk.page\/index.php\/product\/imprimante-de-marque-epson-de-model-lq-1300-pas-chere-au-cameroun\/\",\"name\":\"IMPRIMANTE DE MARQUE EPSON DE MODEL LQ 1300 PAS CHERE AU CAMEROUN - Dream Millenium Computer\",\"isPartOf\":{\"@id\":\"https:\/\/affectionate-mestorf.212-227-211-20.plesk.page\/#website\"},\"datePublished\":\"2022-05-22T18:33:42+00:00\",\"dateModified\":\"2022-05-22T18:33:42+00:00\",\"breadcrumb\":{\"@id\":\"https:\/\/affectionate-mestorf.212-227-211-20.plesk.page\/index.php\/product\/imprimante-de-marque-epson-de-model-lq-1300-pas-chere-au-cameroun\/#breadcrumb\"},\"inLanguage\":\"fr-FR\",\"potentialAction\":[{\"@type\":\"ReadAction\",\"target\":[\"https:\/\/affectionate-mestorf.212-227-211-20.plesk.page\/index.php\/product\/imprimante-de-marque-epson-de-model-lq-1300-pas-chere-au-cameroun\/\"]}]},{\"@type\":\"BreadcrumbList\",\"@id\":\"https:\/\/affectionate-mestorf.212-227-211-20.plesk.page\/index.php\/product\/imprimante-de-marque-epson-de-model-lq-1300-pas-chere-au-cameroun\/#breadcrumb\",\"itemListElement\":[{\"@type\":\"ListItem\",\"position\":1,\"name\":\"Home\",\"item\":\"https:\/\/affectionate-mestorf.212-227-211-20.plesk.page\/\"},{\"@type\":\"ListItem\",\"position\":2,\"name\":\"Shop\",\"item\":\"https:\/\/affectionate-mestorf.212-227-211-20.plesk.page\/index.php\/shop\/\"},{\"@type\":\"ListItem\",\"position\":3,\"name\":\"IMPRIMANTE DE MARQUE EPSON DE MODEL LQ 1300 PAS CHERE AU CAMEROUN\"}]},{\"@type\":\"WebSite\",\"@id\":\"https:\/\/affectionate-mestorf.212-227-211-20.plesk.page\/#website\",\"url\":\"https:\/\/affectionate-mestorf.212-227-211-20.plesk.page\/\",\"name\":\"Dream Millenium Computer\",\"description\":\"Vous servir, Notre R\u00eave\",\"potentialAction\":[{\"@type\":\"SearchAction\",\"target\":{\"@type\":\"EntryPoint\",\"urlTemplate\":\"https:\/\/affectionate-mestorf.212-227-211-20.plesk.page\/?s={search_term_string}\"},\"query-input\":\"required name=search_term_string\"}],\"inLanguage\":\"fr-FR\"}]}<\/script>\n<!-- \/ Yoast SEO plugin. -->","yoast_head_json":{"title":"IMPRIMANTE DE MARQUE EPSON DE MODEL LQ 1300 PAS CHERE AU CAMEROUN - Dream Millenium Computer","robots":{"index":"index","follow":"follow","max-snippet":"max-snippet:-1","max-image-preview":"max-image-preview:large","max-video-preview":"max-video-preview:-1"},"canonical":"https:\/\/affectionate-mestorf.212-227-211-20.plesk.page\/index.php\/product\/imprimante-de-marque-epson-de-model-lq-1300-pas-chere-au-cameroun\/","og_locale":"fr_FR","og_type":"article","og_title":"IMPRIMANTE DE MARQUE EPSON DE MODEL LQ 1300 PAS CHERE AU CAMEROUN - Dream Millenium Computer","og_description":"Technologie d&rsquo;impression Impression Jet d\u2019encre Fonctions Imprime uniquement A3 Cartouches d&rsquo;impression HP 664 noir (3700 pages) ; 664 Cyan, Magenta, Yellow (2100 pages) Vitesse d&rsquo;impression Jusqu&rsquo;\u00e0 30 ppm Qualit\u00e9 d&rsquo;impression Jusqu&rsquo;\u00e0 5760 x 1440 DPI Cycle d&rsquo;utilisation Jusqu&rsquo;\u00e0 50 000 &hellip; Readmore","og_url":"https:\/\/affectionate-mestorf.212-227-211-20.plesk.page\/index.php\/product\/imprimante-de-marque-epson-de-model-lq-1300-pas-chere-au-cameroun\/","og_site_name":"Dream Millenium Computer","twitter_card":"summary_large_image","twitter_misc":{"Dur\u00e9e de lecture estim\u00e9e":"1 minute"},"schema":{"@context":"https:\/\/schema.org","@graph":[{"@type":"WebPage","@id":"https:\/\/affectionate-mestorf.212-227-211-20.plesk.page\/index.php\/product\/imprimante-de-marque-epson-de-model-lq-1300-pas-chere-au-cameroun\/","url":"https:\/\/affectionate-mestorf.212-227-211-20.plesk.page\/index.php\/product\/imprimante-de-marque-epson-de-model-lq-1300-pas-chere-au-cameroun\/","name":"IMPRIMANTE DE MARQUE EPSON DE MODEL LQ 1300 PAS CHERE AU CAMEROUN - Dream Millenium Computer","isPartOf":{"@id":"https:\/\/affectionate-mestorf.212-227-211-20.plesk.page\/#website"},"datePublished":"2022-05-22T18:33:42+00:00","dateModified":"2022-05-22T18:33:42+00:00","breadcrumb":{"@id":"https:\/\/affectionate-mestorf.212-227-211-20.plesk.page\/index.php\/product\/imprimante-de-marque-epson-de-model-lq-1300-pas-chere-au-cameroun\/#breadcrumb"},"inLanguage":"fr-FR","potentialAction":[{"@type":"ReadAction","target":["https:\/\/affectionate-mestorf.212-227-211-20.plesk.page\/index.php\/product\/imprimante-de-marque-epson-de-model-lq-1300-pas-chere-au-cameroun\/"]}]},{"@type":"BreadcrumbList","@id":"https:\/\/affectionate-mestorf.212-227-211-20.plesk.page\/index.php\/product\/imprimante-de-marque-epson-de-model-lq-1300-pas-chere-au-cameroun\/#breadcrumb","itemListElement":[{"@type":"ListItem","position":1,"name":"Home","item":"https:\/\/affectionate-mestorf.212-227-211-20.plesk.page\/"},{"@type":"ListItem","position":2,"name":"Shop","item":"https:\/\/affectionate-mestorf.212-227-211-20.plesk.page\/index.php\/shop\/"},{"@type":"ListItem","position":3,"name":"IMPRIMANTE DE MARQUE EPSON DE MODEL LQ 1300 PAS CHERE AU CAMEROUN"}]},{"@type":"WebSite","@id":"https:\/\/affectionate-mestorf.212-227-211-20.plesk.page\/#website","url":"https:\/\/affectionate-mestorf.212-227-211-20.plesk.page\/","name":"Dream Millenium Computer","description":"Vous servir, Notre R\u00eave","potentialAction":[{"@type":"SearchAction","target":{"@type":"EntryPoint","urlTemplate":"https:\/\/affectionate-mestorf.212-227-211-20.plesk.page\/?s={search_term_string}"},"query-input":"required name=search_term_string"}],"inLanguage":"fr-FR"}]}},"_links":{"self":[{"href":"https:\/\/affectionate-mestorf.212-227-211-20.plesk.page\/index.php\/wp-json\/wp\/v2\/product\/8752","targetHints":{"allow":["GET"]}}],"collection":[{"href":"https:\/\/affectionate-mestorf.212-227-211-20.plesk.page\/index.php\/wp-json\/wp\/v2\/product"}],"about":[{"href":"https:\/\/affectionate-mestorf.212-227-211-20.plesk.page\/index.php\/wp-json\/wp\/v2\/types\/product"}],"wp:featuredmedia":[{"embeddable":true,"href":"https:\/\/affectionate-mestorf.212-227-211-20.plesk.page\/index.php\/wp-json\/wp\/v2\/media\/8700"}],"wp:attachment":[{"href":"https:\/\/affectionate-mestorf.212-227-211-20.plesk.page\/index.php\/wp-json\/wp\/v2\/media?parent=8752"}],"wp:term":[{"taxonomy":"product_cat","embeddable":true,"href":"https:\/\/affectionate-mestorf.212-227-211-20.plesk.page\/index.php\/wp-json\/wp\/v2\/product_cat?post=8752"},{"taxonomy":"product_tag","embeddable":true,"href":"https:\/\/affectionate-mestorf.212-227-211-20.plesk.page\/index.php\/wp-json\/wp\/v2\/product_tag?post=8752"}],"curies":[{"name":"wp","href":"https:\/\/api.w.org\/{rel}","templated":true}]}}