{"id":8751,"date":"2022-05-22T18:33:42","date_gmt":"2022-05-22T18:33:42","guid":{"rendered":"https:\/\/affectionate-mestorf.212-227-211-20.plesk.page\/index.php\/product\/imprimante-de-marque-epson-de-model-lq-2090-pas-chere-au-cameroun\/"},"modified":"2022-05-22T18:33:42","modified_gmt":"2022-05-22T18:33:42","slug":"imprimante-de-marque-epson-de-model-lq-2090-pas-chere-au-cameroun","status":"publish","type":"product","link":"https:\/\/affectionate-mestorf.212-227-211-20.plesk.page\/index.php\/product\/imprimante-de-marque-epson-de-model-lq-2090-pas-chere-au-cameroun\/","title":{"rendered":"IMPRIMANTE DE MARQUE EPSON DE MODEL LQ 2090 PAS CHERE AU CAMEROUN"},"content":{"rendered":"<p>Fonctions Impression<br \/>\n Connectivit\u00e9 Parall\u00e8le, USB 1.1 type B, Interface de type B<br \/>\n Formats de supports pris en charge Papier en feuilles (\u00e0 une ou plusieurs couches), Papier sans fin (\u00e0 une ou plusieurs couches), Etiquettes (\u00e0 une ou plusieurs couches), Papier en rouleaux<br \/>\n Dimensions (l x p x h) 613 x 375 x 172 mm<br \/>\n Poids net 9,5 kg<br \/>\n M\u00e9moire install\u00e9e 128 kB<br \/>\n Syst\u00e8mes d&rsquo;exploitation compatibles Windows XP,Windows 2000, Windows 98<br \/>\n Contenu de la bo\u00eete Pilote et programmes d\u2019aide (CD), Appareil principal, C\u00e2ble \u00e9lectrique, Ruban couleur, Instructions de montage, Logiciel (CD), Mode d\u2019emploi (CD), Document de garantie<br \/>\n Mode d&rsquo;impression Matricielle \u00e0 impact<br \/>\n Logiciels inclus Epson Status Monitor<br \/>\n Emulations ESC\/P2, IBM PPDS, IBM PPDS\/ML<br \/>\n Vitesse d\u2019impression HighSpeed-Draft: 10 cpi: 440 caract\u00e8res par s, 12 cpi: 529 caract\u00e8res par s, Draft: 10 cpi: 330 caract\u00e8res par s, LQ: 10 cpi: 110 caract\u00e8res par s<br \/>\n Nombre des colonnes 136 Colonnes<br \/>\n Aiguilles 24 aiguilles<br \/>\n Dur\u00e9e de vie de la t\u00eate d\u2019impression 400 millions d&rsquo;impacts par aiguille<br \/>\n Rendement du ruban 8000000 Caract\u00e8res Noir LQ<\/p>\n","protected":false},"excerpt":{"rendered":"<p>Les imprimantes id\u00e9ales pour les moyens et grands volumes d&rsquo;impression<\/p>\n<p> Imprimante extr\u00eamement robuste avec un intervalle moyen entre deux pannes de 40 millions de lignes. Sa vitesse \u00e9lev\u00e9e de 529 cps en fait la solution id\u00e9ale pour les volumes d&rsquo;impression moyens \u00e0 importants. L&rsquo;Epson LQ-2090 impressionne par la souplesse de sa gestion du papier, qui permet l&rsquo;alimentation par l&rsquo;avant, le haut, l&rsquo;arri\u00e8re ou le bas. Un guide papier frontal permet l&rsquo;insertion simple de papier petit format par l&rsquo;avant.<\/p>\n","protected":false},"featured_media":8698,"template":"","meta":[],"product_cat":[204],"product_tag":[],"class_list":["post-8751","product","type-product","status-publish","has-post-thumbnail","hentry","product_cat-imprimante"],"yoast_head":"<!-- This site is optimized with the Yoast SEO plugin v19.9 - https:\/\/yoast.com\/wordpress\/plugins\/seo\/ -->\n<title>IMPRIMANTE DE MARQUE EPSON DE MODEL LQ 2090 PAS CHERE AU CAMEROUN - Dream Millenium Computer<\/title>\n<meta name=\"robots\" content=\"index, follow, max-snippet:-1, max-image-preview:large, max-video-preview:-1\" \/>\n<link rel=\"canonical\" href=\"https:\/\/affectionate-mestorf.212-227-211-20.plesk.page\/index.php\/product\/imprimante-de-marque-epson-de-model-lq-2090-pas-chere-au-cameroun\/\" \/>\n<meta property=\"og:locale\" content=\"fr_FR\" \/>\n<meta property=\"og:type\" content=\"article\" \/>\n<meta property=\"og:title\" content=\"IMPRIMANTE DE MARQUE EPSON DE MODEL LQ 2090 PAS CHERE AU CAMEROUN - Dream Millenium Computer\" \/>\n<meta property=\"og:description\" content=\"Les imprimantes id\u00e9ales pour les moyens et grands volumes d&#039;impression   Imprimante extr\u00eamement robuste avec un intervalle moyen entre deux pannes de 40 millions de lignes. Sa vitesse \u00e9lev\u00e9e de 529 cps en fait la solution id\u00e9ale pour les volumes d&#039;impression moyens \u00e0 importants. L&#039;Epson LQ-2090 impressionne par la souplesse de sa gestion du papier, qui permet l&#039;alimentation par l&#039;avant, le haut, l&#039;arri\u00e8re ou le bas. Un guide papier frontal permet l&#039;insertion simple de papier petit format par l&#039;avant.\" \/>\n<meta property=\"og:url\" content=\"https:\/\/affectionate-mestorf.212-227-211-20.plesk.page\/index.php\/product\/imprimante-de-marque-epson-de-model-lq-2090-pas-chere-au-cameroun\/\" \/>\n<meta property=\"og:site_name\" content=\"Dream Millenium Computer\" \/>\n<meta name=\"twitter:card\" content=\"summary_large_image\" \/>\n<meta name=\"twitter:label1\" content=\"Dur\u00e9e de lecture estim\u00e9e\" \/>\n\t<meta name=\"twitter:data1\" content=\"1 minute\" \/>\n<script type=\"application\/ld+json\" class=\"yoast-schema-graph\">{\"@context\":\"https:\/\/schema.org\",\"@graph\":[{\"@type\":\"WebPage\",\"@id\":\"https:\/\/affectionate-mestorf.212-227-211-20.plesk.page\/index.php\/product\/imprimante-de-marque-epson-de-model-lq-2090-pas-chere-au-cameroun\/\",\"url\":\"https:\/\/affectionate-mestorf.212-227-211-20.plesk.page\/index.php\/product\/imprimante-de-marque-epson-de-model-lq-2090-pas-chere-au-cameroun\/\",\"name\":\"IMPRIMANTE DE MARQUE EPSON DE MODEL LQ 2090 PAS CHERE AU CAMEROUN - Dream Millenium Computer\",\"isPartOf\":{\"@id\":\"https:\/\/affectionate-mestorf.212-227-211-20.plesk.page\/#website\"},\"datePublished\":\"2022-05-22T18:33:42+00:00\",\"dateModified\":\"2022-05-22T18:33:42+00:00\",\"breadcrumb\":{\"@id\":\"https:\/\/affectionate-mestorf.212-227-211-20.plesk.page\/index.php\/product\/imprimante-de-marque-epson-de-model-lq-2090-pas-chere-au-cameroun\/#breadcrumb\"},\"inLanguage\":\"fr-FR\",\"potentialAction\":[{\"@type\":\"ReadAction\",\"target\":[\"https:\/\/affectionate-mestorf.212-227-211-20.plesk.page\/index.php\/product\/imprimante-de-marque-epson-de-model-lq-2090-pas-chere-au-cameroun\/\"]}]},{\"@type\":\"BreadcrumbList\",\"@id\":\"https:\/\/affectionate-mestorf.212-227-211-20.plesk.page\/index.php\/product\/imprimante-de-marque-epson-de-model-lq-2090-pas-chere-au-cameroun\/#breadcrumb\",\"itemListElement\":[{\"@type\":\"ListItem\",\"position\":1,\"name\":\"Home\",\"item\":\"https:\/\/affectionate-mestorf.212-227-211-20.plesk.page\/\"},{\"@type\":\"ListItem\",\"position\":2,\"name\":\"Shop\",\"item\":\"https:\/\/affectionate-mestorf.212-227-211-20.plesk.page\/index.php\/shop\/\"},{\"@type\":\"ListItem\",\"position\":3,\"name\":\"IMPRIMANTE DE MARQUE EPSON DE MODEL LQ 2090 PAS CHERE AU CAMEROUN\"}]},{\"@type\":\"WebSite\",\"@id\":\"https:\/\/affectionate-mestorf.212-227-211-20.plesk.page\/#website\",\"url\":\"https:\/\/affectionate-mestorf.212-227-211-20.plesk.page\/\",\"name\":\"Dream Millenium Computer\",\"description\":\"Vous servir, Notre R\u00eave\",\"potentialAction\":[{\"@type\":\"SearchAction\",\"target\":{\"@type\":\"EntryPoint\",\"urlTemplate\":\"https:\/\/affectionate-mestorf.212-227-211-20.plesk.page\/?s={search_term_string}\"},\"query-input\":\"required name=search_term_string\"}],\"inLanguage\":\"fr-FR\"}]}<\/script>\n<!-- \/ Yoast SEO plugin. -->","yoast_head_json":{"title":"IMPRIMANTE DE MARQUE EPSON DE MODEL LQ 2090 PAS CHERE AU CAMEROUN - Dream Millenium Computer","robots":{"index":"index","follow":"follow","max-snippet":"max-snippet:-1","max-image-preview":"max-image-preview:large","max-video-preview":"max-video-preview:-1"},"canonical":"https:\/\/affectionate-mestorf.212-227-211-20.plesk.page\/index.php\/product\/imprimante-de-marque-epson-de-model-lq-2090-pas-chere-au-cameroun\/","og_locale":"fr_FR","og_type":"article","og_title":"IMPRIMANTE DE MARQUE EPSON DE MODEL LQ 2090 PAS CHERE AU CAMEROUN - Dream Millenium Computer","og_description":"Les imprimantes id\u00e9ales pour les moyens et grands volumes d'impression   Imprimante extr\u00eamement robuste avec un intervalle moyen entre deux pannes de 40 millions de lignes. Sa vitesse \u00e9lev\u00e9e de 529 cps en fait la solution id\u00e9ale pour les volumes d'impression moyens \u00e0 importants. L'Epson LQ-2090 impressionne par la souplesse de sa gestion du papier, qui permet l'alimentation par l'avant, le haut, l'arri\u00e8re ou le bas. Un guide papier frontal permet l'insertion simple de papier petit format par l'avant.","og_url":"https:\/\/affectionate-mestorf.212-227-211-20.plesk.page\/index.php\/product\/imprimante-de-marque-epson-de-model-lq-2090-pas-chere-au-cameroun\/","og_site_name":"Dream Millenium Computer","twitter_card":"summary_large_image","twitter_misc":{"Dur\u00e9e de lecture estim\u00e9e":"1 minute"},"schema":{"@context":"https:\/\/schema.org","@graph":[{"@type":"WebPage","@id":"https:\/\/affectionate-mestorf.212-227-211-20.plesk.page\/index.php\/product\/imprimante-de-marque-epson-de-model-lq-2090-pas-chere-au-cameroun\/","url":"https:\/\/affectionate-mestorf.212-227-211-20.plesk.page\/index.php\/product\/imprimante-de-marque-epson-de-model-lq-2090-pas-chere-au-cameroun\/","name":"IMPRIMANTE DE MARQUE EPSON DE MODEL LQ 2090 PAS CHERE AU CAMEROUN - Dream Millenium Computer","isPartOf":{"@id":"https:\/\/affectionate-mestorf.212-227-211-20.plesk.page\/#website"},"datePublished":"2022-05-22T18:33:42+00:00","dateModified":"2022-05-22T18:33:42+00:00","breadcrumb":{"@id":"https:\/\/affectionate-mestorf.212-227-211-20.plesk.page\/index.php\/product\/imprimante-de-marque-epson-de-model-lq-2090-pas-chere-au-cameroun\/#breadcrumb"},"inLanguage":"fr-FR","potentialAction":[{"@type":"ReadAction","target":["https:\/\/affectionate-mestorf.212-227-211-20.plesk.page\/index.php\/product\/imprimante-de-marque-epson-de-model-lq-2090-pas-chere-au-cameroun\/"]}]},{"@type":"BreadcrumbList","@id":"https:\/\/affectionate-mestorf.212-227-211-20.plesk.page\/index.php\/product\/imprimante-de-marque-epson-de-model-lq-2090-pas-chere-au-cameroun\/#breadcrumb","itemListElement":[{"@type":"ListItem","position":1,"name":"Home","item":"https:\/\/affectionate-mestorf.212-227-211-20.plesk.page\/"},{"@type":"ListItem","position":2,"name":"Shop","item":"https:\/\/affectionate-mestorf.212-227-211-20.plesk.page\/index.php\/shop\/"},{"@type":"ListItem","position":3,"name":"IMPRIMANTE DE MARQUE EPSON DE MODEL LQ 2090 PAS CHERE AU CAMEROUN"}]},{"@type":"WebSite","@id":"https:\/\/affectionate-mestorf.212-227-211-20.plesk.page\/#website","url":"https:\/\/affectionate-mestorf.212-227-211-20.plesk.page\/","name":"Dream Millenium Computer","description":"Vous servir, Notre R\u00eave","potentialAction":[{"@type":"SearchAction","target":{"@type":"EntryPoint","urlTemplate":"https:\/\/affectionate-mestorf.212-227-211-20.plesk.page\/?s={search_term_string}"},"query-input":"required name=search_term_string"}],"inLanguage":"fr-FR"}]}},"_links":{"self":[{"href":"https:\/\/affectionate-mestorf.212-227-211-20.plesk.page\/index.php\/wp-json\/wp\/v2\/product\/8751","targetHints":{"allow":["GET"]}}],"collection":[{"href":"https:\/\/affectionate-mestorf.212-227-211-20.plesk.page\/index.php\/wp-json\/wp\/v2\/product"}],"about":[{"href":"https:\/\/affectionate-mestorf.212-227-211-20.plesk.page\/index.php\/wp-json\/wp\/v2\/types\/product"}],"wp:featuredmedia":[{"embeddable":true,"href":"https:\/\/affectionate-mestorf.212-227-211-20.plesk.page\/index.php\/wp-json\/wp\/v2\/media\/8698"}],"wp:attachment":[{"href":"https:\/\/affectionate-mestorf.212-227-211-20.plesk.page\/index.php\/wp-json\/wp\/v2\/media?parent=8751"}],"wp:term":[{"taxonomy":"product_cat","embeddable":true,"href":"https:\/\/affectionate-mestorf.212-227-211-20.plesk.page\/index.php\/wp-json\/wp\/v2\/product_cat?post=8751"},{"taxonomy":"product_tag","embeddable":true,"href":"https:\/\/affectionate-mestorf.212-227-211-20.plesk.page\/index.php\/wp-json\/wp\/v2\/product_tag?post=8751"}],"curies":[{"name":"wp","href":"https:\/\/api.w.org\/{rel}","templated":true}]}}