{"id":8750,"date":"2022-05-22T18:33:42","date_gmt":"2022-05-22T18:33:42","guid":{"rendered":"https:\/\/affectionate-mestorf.212-227-211-20.plesk.page\/index.php\/product\/imprimante-de-marque-epson-de-model-lq-590-pas-chere-au-cameroun\/"},"modified":"2022-05-22T18:33:42","modified_gmt":"2022-05-22T18:33:42","slug":"imprimante-de-marque-epson-de-model-lq-590-pas-chere-au-cameroun","status":"publish","type":"product","link":"https:\/\/affectionate-mestorf.212-227-211-20.plesk.page\/index.php\/product\/imprimante-de-marque-epson-de-model-lq-590-pas-chere-au-cameroun\/","title":{"rendered":"IMPRIMANTE DE MARQUE EPSON DE MODEL LQ 590 PAS CHERE AU CAMEROUN"},"content":{"rendered":"<p>TECHNOLOGIE D&rsquo;IMPRESSION<br \/>\n MODE D\u2019IMPRESSION Matricielle \u00e0 impact<br \/>\n NOMBRE D&rsquo;AIGUILLES 24 aiguilles<br \/>\n NOMBRE DES COLONNES 80 Colonnes<br \/>\n AIGUILLES 24 aiguilles<br \/>\n IMPRESSION<br \/>\n VITESSE D\u2019IMPRESSION<br \/>\n HighSpeed-Draft: 10 cpi: 440 caract\u00e8res par s,<br \/>\n 12 cpi: 529 caract\u00e8res par s, Draft: 10 cpi: 330 caract\u00e8res<br \/>\n par s, LQ: 10 cpi: 110 caract\u00e8res par s<br \/>\n CODES-BARRES Code 128, Code 39, EAN-13, EAN-8, Interleaved 2 of 5,<br \/>\n POSTNET, UPC-A, UPC-E<br \/>\n PERFORATIONS 4 plus un original<br \/>\n TABLES DE CARACTERES PCAPTEC, PC437, PC708, PC720, PC850, PC858, PC864,<br \/>\n PCAR864, ISO-8859-15, Roman 8<br \/>\n CONNECTIVITE<br \/>\n CONNEXIONS<br \/>\n USB 1.1 type B, Parall\u00e8le bidirectionnel, Interface Ethernet<br \/>\n (100 Base-TX\/10 Base-T) (en option), Interface de type B,<br \/>\n Parall\u00e8le<\/p>\n","protected":false},"excerpt":{"rendered":"<p>Epson LQ-590. Vitesse maximale d&rsquo;impression: 658 caract\u00e8res par seconde, Interlignage: 4,23 mm, Codes barres int\u00e9gr\u00e9s: Code 39,POSTNET,UPC-A,UPC-E. Taille du buffer: 128 Ko, Sound pressure level (printing): 49 dB, Page description languages: Epson ESC\/P2. Interfaces standards: USB 1.1. Dur\u00e9e de vie de la t\u00eate d&rsquo;impression: 400 million de caract\u00e8res, Dur\u00e9e de vie du ruban: 5 million de caract\u00e8res, Temps moyen entre pannes: 20000 h. Consommation \u00e9lectrique (typicale): 42 W, Consommation d&rsquo;\u00e9nergie (mode veille): 4,5 W<\/p>\n","protected":false},"featured_media":8696,"template":"","meta":[],"product_cat":[204],"product_tag":[],"class_list":["post-8750","product","type-product","status-publish","has-post-thumbnail","hentry","product_cat-imprimante"],"yoast_head":"<!-- This site is optimized with the Yoast SEO plugin v19.9 - https:\/\/yoast.com\/wordpress\/plugins\/seo\/ -->\n<title>IMPRIMANTE DE MARQUE EPSON DE MODEL LQ 590 PAS CHERE AU CAMEROUN - Dream Millenium Computer<\/title>\n<meta name=\"robots\" content=\"index, follow, max-snippet:-1, max-image-preview:large, max-video-preview:-1\" \/>\n<link rel=\"canonical\" href=\"https:\/\/affectionate-mestorf.212-227-211-20.plesk.page\/index.php\/product\/imprimante-de-marque-epson-de-model-lq-590-pas-chere-au-cameroun\/\" \/>\n<meta property=\"og:locale\" content=\"fr_FR\" \/>\n<meta property=\"og:type\" content=\"article\" \/>\n<meta property=\"og:title\" content=\"IMPRIMANTE DE MARQUE EPSON DE MODEL LQ 590 PAS CHERE AU CAMEROUN - Dream Millenium Computer\" \/>\n<meta property=\"og:description\" content=\"Epson LQ-590. Vitesse maximale d&#039;impression: 658 caract\u00e8res par seconde, Interlignage: 4,23 mm, Codes barres int\u00e9gr\u00e9s: Code 39,POSTNET,UPC-A,UPC-E. Taille du buffer: 128 Ko, Sound pressure level (printing): 49 dB, Page description languages: Epson ESC\/P2. Interfaces standards: USB 1.1. Dur\u00e9e de vie de la t\u00eate d&#039;impression: 400 million de caract\u00e8res, Dur\u00e9e de vie du ruban: 5 million de caract\u00e8res, Temps moyen entre pannes: 20000 h. Consommation \u00e9lectrique (typicale): 42 W, Consommation d&#039;\u00e9nergie (mode veille): 4,5 W\" \/>\n<meta property=\"og:url\" content=\"https:\/\/affectionate-mestorf.212-227-211-20.plesk.page\/index.php\/product\/imprimante-de-marque-epson-de-model-lq-590-pas-chere-au-cameroun\/\" \/>\n<meta property=\"og:site_name\" content=\"Dream Millenium Computer\" \/>\n<meta name=\"twitter:card\" content=\"summary_large_image\" \/>\n<script type=\"application\/ld+json\" class=\"yoast-schema-graph\">{\"@context\":\"https:\/\/schema.org\",\"@graph\":[{\"@type\":\"WebPage\",\"@id\":\"https:\/\/affectionate-mestorf.212-227-211-20.plesk.page\/index.php\/product\/imprimante-de-marque-epson-de-model-lq-590-pas-chere-au-cameroun\/\",\"url\":\"https:\/\/affectionate-mestorf.212-227-211-20.plesk.page\/index.php\/product\/imprimante-de-marque-epson-de-model-lq-590-pas-chere-au-cameroun\/\",\"name\":\"IMPRIMANTE DE MARQUE EPSON DE MODEL LQ 590 PAS CHERE AU CAMEROUN - Dream Millenium Computer\",\"isPartOf\":{\"@id\":\"https:\/\/affectionate-mestorf.212-227-211-20.plesk.page\/#website\"},\"datePublished\":\"2022-05-22T18:33:42+00:00\",\"dateModified\":\"2022-05-22T18:33:42+00:00\",\"breadcrumb\":{\"@id\":\"https:\/\/affectionate-mestorf.212-227-211-20.plesk.page\/index.php\/product\/imprimante-de-marque-epson-de-model-lq-590-pas-chere-au-cameroun\/#breadcrumb\"},\"inLanguage\":\"fr-FR\",\"potentialAction\":[{\"@type\":\"ReadAction\",\"target\":[\"https:\/\/affectionate-mestorf.212-227-211-20.plesk.page\/index.php\/product\/imprimante-de-marque-epson-de-model-lq-590-pas-chere-au-cameroun\/\"]}]},{\"@type\":\"BreadcrumbList\",\"@id\":\"https:\/\/affectionate-mestorf.212-227-211-20.plesk.page\/index.php\/product\/imprimante-de-marque-epson-de-model-lq-590-pas-chere-au-cameroun\/#breadcrumb\",\"itemListElement\":[{\"@type\":\"ListItem\",\"position\":1,\"name\":\"Home\",\"item\":\"https:\/\/affectionate-mestorf.212-227-211-20.plesk.page\/\"},{\"@type\":\"ListItem\",\"position\":2,\"name\":\"Shop\",\"item\":\"https:\/\/affectionate-mestorf.212-227-211-20.plesk.page\/index.php\/shop\/\"},{\"@type\":\"ListItem\",\"position\":3,\"name\":\"IMPRIMANTE DE MARQUE EPSON DE MODEL LQ 590 PAS CHERE AU CAMEROUN\"}]},{\"@type\":\"WebSite\",\"@id\":\"https:\/\/affectionate-mestorf.212-227-211-20.plesk.page\/#website\",\"url\":\"https:\/\/affectionate-mestorf.212-227-211-20.plesk.page\/\",\"name\":\"Dream Millenium Computer\",\"description\":\"Vous servir, Notre R\u00eave\",\"potentialAction\":[{\"@type\":\"SearchAction\",\"target\":{\"@type\":\"EntryPoint\",\"urlTemplate\":\"https:\/\/affectionate-mestorf.212-227-211-20.plesk.page\/?s={search_term_string}\"},\"query-input\":\"required name=search_term_string\"}],\"inLanguage\":\"fr-FR\"}]}<\/script>\n<!-- \/ Yoast SEO plugin. -->","yoast_head_json":{"title":"IMPRIMANTE DE MARQUE EPSON DE MODEL LQ 590 PAS CHERE AU CAMEROUN - Dream Millenium Computer","robots":{"index":"index","follow":"follow","max-snippet":"max-snippet:-1","max-image-preview":"max-image-preview:large","max-video-preview":"max-video-preview:-1"},"canonical":"https:\/\/affectionate-mestorf.212-227-211-20.plesk.page\/index.php\/product\/imprimante-de-marque-epson-de-model-lq-590-pas-chere-au-cameroun\/","og_locale":"fr_FR","og_type":"article","og_title":"IMPRIMANTE DE MARQUE EPSON DE MODEL LQ 590 PAS CHERE AU CAMEROUN - Dream Millenium Computer","og_description":"Epson LQ-590. Vitesse maximale d'impression: 658 caract\u00e8res par seconde, Interlignage: 4,23 mm, Codes barres int\u00e9gr\u00e9s: Code 39,POSTNET,UPC-A,UPC-E. Taille du buffer: 128 Ko, Sound pressure level (printing): 49 dB, Page description languages: Epson ESC\/P2. Interfaces standards: USB 1.1. Dur\u00e9e de vie de la t\u00eate d'impression: 400 million de caract\u00e8res, Dur\u00e9e de vie du ruban: 5 million de caract\u00e8res, Temps moyen entre pannes: 20000 h. Consommation \u00e9lectrique (typicale): 42 W, Consommation d'\u00e9nergie (mode veille): 4,5 W","og_url":"https:\/\/affectionate-mestorf.212-227-211-20.plesk.page\/index.php\/product\/imprimante-de-marque-epson-de-model-lq-590-pas-chere-au-cameroun\/","og_site_name":"Dream Millenium Computer","twitter_card":"summary_large_image","schema":{"@context":"https:\/\/schema.org","@graph":[{"@type":"WebPage","@id":"https:\/\/affectionate-mestorf.212-227-211-20.plesk.page\/index.php\/product\/imprimante-de-marque-epson-de-model-lq-590-pas-chere-au-cameroun\/","url":"https:\/\/affectionate-mestorf.212-227-211-20.plesk.page\/index.php\/product\/imprimante-de-marque-epson-de-model-lq-590-pas-chere-au-cameroun\/","name":"IMPRIMANTE DE MARQUE EPSON DE MODEL LQ 590 PAS CHERE AU CAMEROUN - Dream Millenium Computer","isPartOf":{"@id":"https:\/\/affectionate-mestorf.212-227-211-20.plesk.page\/#website"},"datePublished":"2022-05-22T18:33:42+00:00","dateModified":"2022-05-22T18:33:42+00:00","breadcrumb":{"@id":"https:\/\/affectionate-mestorf.212-227-211-20.plesk.page\/index.php\/product\/imprimante-de-marque-epson-de-model-lq-590-pas-chere-au-cameroun\/#breadcrumb"},"inLanguage":"fr-FR","potentialAction":[{"@type":"ReadAction","target":["https:\/\/affectionate-mestorf.212-227-211-20.plesk.page\/index.php\/product\/imprimante-de-marque-epson-de-model-lq-590-pas-chere-au-cameroun\/"]}]},{"@type":"BreadcrumbList","@id":"https:\/\/affectionate-mestorf.212-227-211-20.plesk.page\/index.php\/product\/imprimante-de-marque-epson-de-model-lq-590-pas-chere-au-cameroun\/#breadcrumb","itemListElement":[{"@type":"ListItem","position":1,"name":"Home","item":"https:\/\/affectionate-mestorf.212-227-211-20.plesk.page\/"},{"@type":"ListItem","position":2,"name":"Shop","item":"https:\/\/affectionate-mestorf.212-227-211-20.plesk.page\/index.php\/shop\/"},{"@type":"ListItem","position":3,"name":"IMPRIMANTE DE MARQUE EPSON DE MODEL LQ 590 PAS CHERE AU CAMEROUN"}]},{"@type":"WebSite","@id":"https:\/\/affectionate-mestorf.212-227-211-20.plesk.page\/#website","url":"https:\/\/affectionate-mestorf.212-227-211-20.plesk.page\/","name":"Dream Millenium Computer","description":"Vous servir, Notre R\u00eave","potentialAction":[{"@type":"SearchAction","target":{"@type":"EntryPoint","urlTemplate":"https:\/\/affectionate-mestorf.212-227-211-20.plesk.page\/?s={search_term_string}"},"query-input":"required name=search_term_string"}],"inLanguage":"fr-FR"}]}},"_links":{"self":[{"href":"https:\/\/affectionate-mestorf.212-227-211-20.plesk.page\/index.php\/wp-json\/wp\/v2\/product\/8750","targetHints":{"allow":["GET"]}}],"collection":[{"href":"https:\/\/affectionate-mestorf.212-227-211-20.plesk.page\/index.php\/wp-json\/wp\/v2\/product"}],"about":[{"href":"https:\/\/affectionate-mestorf.212-227-211-20.plesk.page\/index.php\/wp-json\/wp\/v2\/types\/product"}],"wp:featuredmedia":[{"embeddable":true,"href":"https:\/\/affectionate-mestorf.212-227-211-20.plesk.page\/index.php\/wp-json\/wp\/v2\/media\/8696"}],"wp:attachment":[{"href":"https:\/\/affectionate-mestorf.212-227-211-20.plesk.page\/index.php\/wp-json\/wp\/v2\/media?parent=8750"}],"wp:term":[{"taxonomy":"product_cat","embeddable":true,"href":"https:\/\/affectionate-mestorf.212-227-211-20.plesk.page\/index.php\/wp-json\/wp\/v2\/product_cat?post=8750"},{"taxonomy":"product_tag","embeddable":true,"href":"https:\/\/affectionate-mestorf.212-227-211-20.plesk.page\/index.php\/wp-json\/wp\/v2\/product_tag?post=8750"}],"curies":[{"name":"wp","href":"https:\/\/api.w.org\/{rel}","templated":true}]}}