{"id":8749,"date":"2022-05-22T18:33:42","date_gmt":"2022-05-22T18:33:42","guid":{"rendered":"https:\/\/affectionate-mestorf.212-227-211-20.plesk.page\/index.php\/product\/imprimante-de-marque-epson-de-model-lq-350-pas-chere-au-cameroun\/"},"modified":"2022-05-22T18:33:42","modified_gmt":"2022-05-22T18:33:42","slug":"imprimante-de-marque-epson-de-model-lq-350-pas-chere-au-cameroun","status":"publish","type":"product","link":"https:\/\/affectionate-mestorf.212-227-211-20.plesk.page\/index.php\/product\/imprimante-de-marque-epson-de-model-lq-350-pas-chere-au-cameroun\/","title":{"rendered":"IMPRIMANTE DE MARQUE EPSON DE MODEL LQ 350 PAS CHERE AU CAMEROUN"},"content":{"rendered":"<p>G\u00e9n\u00e9ral<br \/>\n Type d&rsquo;imprimante<br \/>\n Imprimante personnelle &#8211; matricielle &#8211; 24 pin &#8211; monochrome<br \/>\n Imprimante<br \/>\n Vitesse d&rsquo;impression<br \/>\n Vitesse d&rsquo;impression<br \/>\n Technologie de connectivit\u00e9<br \/>\n Filaire<br \/>\n Interface<br \/>\n Parall\u00e8le, USB 2.0, s\u00e9rie<br \/>\n Langage(s) d&rsquo;impression<br \/>\n EPSON ESC\/P 2, IBM 2390 Plus<br \/>\n Polices incluses<br \/>\n 8 x code \u00e0 barres<br \/>\n RAM<br \/>\n RAM install\u00e9e (maximum)<br \/>\n 128 Ko<br \/>\n Technologie \/ Format<br \/>\n Int\u00e9gr\u00e9(e)<br \/>\n Gestion du support<br \/>\n Type de supports<br \/>\n Enveloppes, \u00e9tiquettes, papier uni, papier continu<br \/>\n Entr\u00e9es de m\u00e9dia<br \/>\n 1 x manuel<br \/>\n Nombre maxi de feuilles par liasse<br \/>\n 4<br \/>\n Extension\/connectivit\u00e9<br \/>\n Connexions<br \/>\n Connexions<br \/>\n Divers<br \/>\n Consommables inclus<br \/>\n 1 x ruban (noir) &#8211; jusqu&rsquo;\u00e0 2,5 millions de caract\u00e8res<br \/>\n Fiabilit\u00e9 MTBF<br \/>\n 10,000 heures<br \/>\n Alimentation<br \/>\n P\u00e9riph\u00e9rique d&rsquo;alimentation<br \/>\n Alimentation \u00e9lectrique &#8211; interne<br \/>\n Tension requise<br \/>\n CA 230V<br \/>\n Consommation en fonctionnement<br \/>\n 22 Watt<br \/>\n Consommation en sommeil<br \/>\n 1.3 Watt<\/p>\n","protected":false},"excerpt":{"rendered":"<p>Imprimante 24 aiguilles et 80 colonnes rapide et de qualit\u00e9 sup\u00e9rieure propos\u00e9e par le leader mondial des matricielles \u00e0 impacts.<\/p>\n<p> L&rsquo;Epson LQ-350 est tr\u00e8s fiable et poss\u00e8de un temps de bon fonctionnement moyen sans intervention de 10 000 heures. Elle est id\u00e9ale pour les applications de front-office et de back-office n\u00e9cessitant un papier continu ou plusieurs articles de papeterie.<\/p>\n<p> Grande fiabilit\u00e9<br \/>\n Tps moy. de bon fonctionn. sans intervent. de 10000h<\/p>\n<p> \u00c9conomies d&rsquo;\u00e9nergie<br \/>\n 1,3 W en veille, 22 W en impression<\/p>\n<p> \u00c9conomique<br \/>\n Autonomie du ruban de 2,5 millions de caract\u00e8res<\/p>\n<p> Int\u00e9gration simplifi\u00e9e<br \/>\n Interfaces Parall\u00e8le, S\u00e9rie et USB<\/p>\n<p> Conception compacte<br \/>\n Facile \u00e0 placer sur un bureau<\/p>\n","protected":false},"featured_media":8694,"template":"","meta":[],"product_cat":[204],"product_tag":[],"class_list":["post-8749","product","type-product","status-publish","has-post-thumbnail","hentry","product_cat-imprimante"],"yoast_head":"<!-- This site is optimized with the Yoast SEO plugin v19.9 - https:\/\/yoast.com\/wordpress\/plugins\/seo\/ -->\n<title>IMPRIMANTE DE MARQUE EPSON DE MODEL LQ 350 PAS CHERE AU CAMEROUN - Dream Millenium Computer<\/title>\n<meta name=\"robots\" content=\"index, follow, max-snippet:-1, max-image-preview:large, max-video-preview:-1\" \/>\n<link rel=\"canonical\" href=\"https:\/\/affectionate-mestorf.212-227-211-20.plesk.page\/index.php\/product\/imprimante-de-marque-epson-de-model-lq-350-pas-chere-au-cameroun\/\" \/>\n<meta property=\"og:locale\" content=\"fr_FR\" \/>\n<meta property=\"og:type\" content=\"article\" \/>\n<meta property=\"og:title\" content=\"IMPRIMANTE DE MARQUE EPSON DE MODEL LQ 350 PAS CHERE AU CAMEROUN - Dream Millenium Computer\" \/>\n<meta property=\"og:description\" content=\"Imprimante 24 aiguilles et 80 colonnes rapide et de qualit\u00e9 sup\u00e9rieure propos\u00e9e par le leader mondial des matricielles \u00e0 impacts.   L&#039;Epson LQ-350 est tr\u00e8s fiable et poss\u00e8de un temps de bon fonctionnement moyen sans intervention de 10 000 heures. Elle est id\u00e9ale pour les applications de front-office et de back-office n\u00e9cessitant un papier continu ou plusieurs articles de papeterie.   Grande fiabilit\u00e9  Tps moy. de bon fonctionn. sans intervent. de 10000h   \u00c9conomies d&#039;\u00e9nergie  1,3 W en veille, 22 W en impression   \u00c9conomique  Autonomie du ruban de 2,5 millions de caract\u00e8res   Int\u00e9gration simplifi\u00e9e  Interfaces Parall\u00e8le, S\u00e9rie et USB   Conception compacte  Facile \u00e0 placer sur un bureau\" \/>\n<meta property=\"og:url\" content=\"https:\/\/affectionate-mestorf.212-227-211-20.plesk.page\/index.php\/product\/imprimante-de-marque-epson-de-model-lq-350-pas-chere-au-cameroun\/\" \/>\n<meta property=\"og:site_name\" content=\"Dream Millenium Computer\" \/>\n<meta name=\"twitter:card\" content=\"summary_large_image\" \/>\n<meta name=\"twitter:label1\" content=\"Dur\u00e9e de lecture estim\u00e9e\" \/>\n\t<meta name=\"twitter:data1\" content=\"1 minute\" \/>\n<script type=\"application\/ld+json\" class=\"yoast-schema-graph\">{\"@context\":\"https:\/\/schema.org\",\"@graph\":[{\"@type\":\"WebPage\",\"@id\":\"https:\/\/affectionate-mestorf.212-227-211-20.plesk.page\/index.php\/product\/imprimante-de-marque-epson-de-model-lq-350-pas-chere-au-cameroun\/\",\"url\":\"https:\/\/affectionate-mestorf.212-227-211-20.plesk.page\/index.php\/product\/imprimante-de-marque-epson-de-model-lq-350-pas-chere-au-cameroun\/\",\"name\":\"IMPRIMANTE DE MARQUE EPSON DE MODEL LQ 350 PAS CHERE AU CAMEROUN - Dream Millenium Computer\",\"isPartOf\":{\"@id\":\"https:\/\/affectionate-mestorf.212-227-211-20.plesk.page\/#website\"},\"datePublished\":\"2022-05-22T18:33:42+00:00\",\"dateModified\":\"2022-05-22T18:33:42+00:00\",\"breadcrumb\":{\"@id\":\"https:\/\/affectionate-mestorf.212-227-211-20.plesk.page\/index.php\/product\/imprimante-de-marque-epson-de-model-lq-350-pas-chere-au-cameroun\/#breadcrumb\"},\"inLanguage\":\"fr-FR\",\"potentialAction\":[{\"@type\":\"ReadAction\",\"target\":[\"https:\/\/affectionate-mestorf.212-227-211-20.plesk.page\/index.php\/product\/imprimante-de-marque-epson-de-model-lq-350-pas-chere-au-cameroun\/\"]}]},{\"@type\":\"BreadcrumbList\",\"@id\":\"https:\/\/affectionate-mestorf.212-227-211-20.plesk.page\/index.php\/product\/imprimante-de-marque-epson-de-model-lq-350-pas-chere-au-cameroun\/#breadcrumb\",\"itemListElement\":[{\"@type\":\"ListItem\",\"position\":1,\"name\":\"Home\",\"item\":\"https:\/\/affectionate-mestorf.212-227-211-20.plesk.page\/\"},{\"@type\":\"ListItem\",\"position\":2,\"name\":\"Shop\",\"item\":\"https:\/\/affectionate-mestorf.212-227-211-20.plesk.page\/index.php\/shop\/\"},{\"@type\":\"ListItem\",\"position\":3,\"name\":\"IMPRIMANTE DE MARQUE EPSON DE MODEL LQ 350 PAS CHERE AU CAMEROUN\"}]},{\"@type\":\"WebSite\",\"@id\":\"https:\/\/affectionate-mestorf.212-227-211-20.plesk.page\/#website\",\"url\":\"https:\/\/affectionate-mestorf.212-227-211-20.plesk.page\/\",\"name\":\"Dream Millenium Computer\",\"description\":\"Vous servir, Notre R\u00eave\",\"potentialAction\":[{\"@type\":\"SearchAction\",\"target\":{\"@type\":\"EntryPoint\",\"urlTemplate\":\"https:\/\/affectionate-mestorf.212-227-211-20.plesk.page\/?s={search_term_string}\"},\"query-input\":\"required name=search_term_string\"}],\"inLanguage\":\"fr-FR\"}]}<\/script>\n<!-- \/ Yoast SEO plugin. -->","yoast_head_json":{"title":"IMPRIMANTE DE MARQUE EPSON DE MODEL LQ 350 PAS CHERE AU CAMEROUN - Dream Millenium Computer","robots":{"index":"index","follow":"follow","max-snippet":"max-snippet:-1","max-image-preview":"max-image-preview:large","max-video-preview":"max-video-preview:-1"},"canonical":"https:\/\/affectionate-mestorf.212-227-211-20.plesk.page\/index.php\/product\/imprimante-de-marque-epson-de-model-lq-350-pas-chere-au-cameroun\/","og_locale":"fr_FR","og_type":"article","og_title":"IMPRIMANTE DE MARQUE EPSON DE MODEL LQ 350 PAS CHERE AU CAMEROUN - Dream Millenium Computer","og_description":"Imprimante 24 aiguilles et 80 colonnes rapide et de qualit\u00e9 sup\u00e9rieure propos\u00e9e par le leader mondial des matricielles \u00e0 impacts.   L'Epson LQ-350 est tr\u00e8s fiable et poss\u00e8de un temps de bon fonctionnement moyen sans intervention de 10 000 heures. Elle est id\u00e9ale pour les applications de front-office et de back-office n\u00e9cessitant un papier continu ou plusieurs articles de papeterie.   Grande fiabilit\u00e9  Tps moy. de bon fonctionn. sans intervent. de 10000h   \u00c9conomies d'\u00e9nergie  1,3 W en veille, 22 W en impression   \u00c9conomique  Autonomie du ruban de 2,5 millions de caract\u00e8res   Int\u00e9gration simplifi\u00e9e  Interfaces Parall\u00e8le, S\u00e9rie et USB   Conception compacte  Facile \u00e0 placer sur un bureau","og_url":"https:\/\/affectionate-mestorf.212-227-211-20.plesk.page\/index.php\/product\/imprimante-de-marque-epson-de-model-lq-350-pas-chere-au-cameroun\/","og_site_name":"Dream Millenium Computer","twitter_card":"summary_large_image","twitter_misc":{"Dur\u00e9e de lecture estim\u00e9e":"1 minute"},"schema":{"@context":"https:\/\/schema.org","@graph":[{"@type":"WebPage","@id":"https:\/\/affectionate-mestorf.212-227-211-20.plesk.page\/index.php\/product\/imprimante-de-marque-epson-de-model-lq-350-pas-chere-au-cameroun\/","url":"https:\/\/affectionate-mestorf.212-227-211-20.plesk.page\/index.php\/product\/imprimante-de-marque-epson-de-model-lq-350-pas-chere-au-cameroun\/","name":"IMPRIMANTE DE MARQUE EPSON DE MODEL LQ 350 PAS CHERE AU CAMEROUN - Dream Millenium Computer","isPartOf":{"@id":"https:\/\/affectionate-mestorf.212-227-211-20.plesk.page\/#website"},"datePublished":"2022-05-22T18:33:42+00:00","dateModified":"2022-05-22T18:33:42+00:00","breadcrumb":{"@id":"https:\/\/affectionate-mestorf.212-227-211-20.plesk.page\/index.php\/product\/imprimante-de-marque-epson-de-model-lq-350-pas-chere-au-cameroun\/#breadcrumb"},"inLanguage":"fr-FR","potentialAction":[{"@type":"ReadAction","target":["https:\/\/affectionate-mestorf.212-227-211-20.plesk.page\/index.php\/product\/imprimante-de-marque-epson-de-model-lq-350-pas-chere-au-cameroun\/"]}]},{"@type":"BreadcrumbList","@id":"https:\/\/affectionate-mestorf.212-227-211-20.plesk.page\/index.php\/product\/imprimante-de-marque-epson-de-model-lq-350-pas-chere-au-cameroun\/#breadcrumb","itemListElement":[{"@type":"ListItem","position":1,"name":"Home","item":"https:\/\/affectionate-mestorf.212-227-211-20.plesk.page\/"},{"@type":"ListItem","position":2,"name":"Shop","item":"https:\/\/affectionate-mestorf.212-227-211-20.plesk.page\/index.php\/shop\/"},{"@type":"ListItem","position":3,"name":"IMPRIMANTE DE MARQUE EPSON DE MODEL LQ 350 PAS CHERE AU CAMEROUN"}]},{"@type":"WebSite","@id":"https:\/\/affectionate-mestorf.212-227-211-20.plesk.page\/#website","url":"https:\/\/affectionate-mestorf.212-227-211-20.plesk.page\/","name":"Dream Millenium Computer","description":"Vous servir, Notre R\u00eave","potentialAction":[{"@type":"SearchAction","target":{"@type":"EntryPoint","urlTemplate":"https:\/\/affectionate-mestorf.212-227-211-20.plesk.page\/?s={search_term_string}"},"query-input":"required name=search_term_string"}],"inLanguage":"fr-FR"}]}},"_links":{"self":[{"href":"https:\/\/affectionate-mestorf.212-227-211-20.plesk.page\/index.php\/wp-json\/wp\/v2\/product\/8749","targetHints":{"allow":["GET"]}}],"collection":[{"href":"https:\/\/affectionate-mestorf.212-227-211-20.plesk.page\/index.php\/wp-json\/wp\/v2\/product"}],"about":[{"href":"https:\/\/affectionate-mestorf.212-227-211-20.plesk.page\/index.php\/wp-json\/wp\/v2\/types\/product"}],"wp:featuredmedia":[{"embeddable":true,"href":"https:\/\/affectionate-mestorf.212-227-211-20.plesk.page\/index.php\/wp-json\/wp\/v2\/media\/8694"}],"wp:attachment":[{"href":"https:\/\/affectionate-mestorf.212-227-211-20.plesk.page\/index.php\/wp-json\/wp\/v2\/media?parent=8749"}],"wp:term":[{"taxonomy":"product_cat","embeddable":true,"href":"https:\/\/affectionate-mestorf.212-227-211-20.plesk.page\/index.php\/wp-json\/wp\/v2\/product_cat?post=8749"},{"taxonomy":"product_tag","embeddable":true,"href":"https:\/\/affectionate-mestorf.212-227-211-20.plesk.page\/index.php\/wp-json\/wp\/v2\/product_tag?post=8749"}],"curies":[{"name":"wp","href":"https:\/\/api.w.org\/{rel}","templated":true}]}}