{"id":8746,"date":"2022-05-22T18:33:42","date_gmt":"2022-05-22T18:33:42","guid":{"rendered":"https:\/\/affectionate-mestorf.212-227-211-20.plesk.page\/index.php\/product\/imprimante-de-marque-hp-de-model-404-dn-pas-chere-au-cameroun\/"},"modified":"2022-05-22T18:33:42","modified_gmt":"2022-05-22T18:33:42","slug":"imprimante-de-marque-hp-de-model-404-dn-pas-chere-au-cameroun","status":"publish","type":"product","link":"https:\/\/affectionate-mestorf.212-227-211-20.plesk.page\/index.php\/product\/imprimante-de-marque-hp-de-model-404-dn-pas-chere-au-cameroun\/","title":{"rendered":"IMPRIMANTE DE MARQUE HP DE MODEL 404 DN PAS CHERE AU CAMEROUN"},"content":{"rendered":"<p>Technologie d&rsquo;impression Impression Laser Monochrome<\/p>\n<p> Fonctions Imprime uniquement<br \/>\n Cartouches d&rsquo;impression HP 59A noir (3000 pages)<br \/>\n Vitesse d&rsquo;impression Jusqu&rsquo;\u00e0 38 ppm<br \/>\n Qualit\u00e9 d&rsquo;impression Jusqu&rsquo;\u00e0 4800 x 600 ppp<br \/>\n Cycle d&rsquo;utilisation Jusqu&rsquo;\u00e0 80 000 pages (mensuel, A4)<br \/>\n Connectivit\u00e9 USB 2.0 ; Gigabit Ethernet RJ45<br \/>\n Impression recto\/verso oui<br \/>\n Processeur 1.2 GHz<br \/>\n M\u00e9moire 256 Mo<br \/>\n Capacit\u00e9 bac papier bac multifonction de 250 feuilles<br \/>\n Formats de supports pris en charge Bac universel 1 : A4, A5, A6, B5 (JIS), B6 (JIS), RA4, 10 x 15 cm, enveloppe (ISO DL, ISO C5, ISO C6, ISO B5)<br \/>\n Ecran Ecran LCD noir\/blanc<br \/>\n Types de support pris en charge Enveloppes, papier uni, \u00e9tiquettes, papier recycl\u00e9, papier lourd, papier fin, cartes postales<br \/>\n Poids net 10.2 kg<br \/>\n C\u00e2ble fourni un c\u00e2ble USB non fourni<br \/>\n Consommation 495 w<\/p>\n","protected":false},"excerpt":{"rendered":"<p>Le secret de la r\u00e9ussite <\/p>\n<p> En combinant vitesse, haut rendement et facilit\u00e9 d&rsquo;utilisation, l&rsquo;imprimante HP LaserJet Pro M404dn va grandement am\u00e9liorer votre productivit\u00e9. Pour vos impressions quotidiennes, vous appr\u00e9cierez sa vitesse de 38 ppm, son panneau de commande LCD sur deux lignes et sa connectivit\u00e9 USB 2.0, h\u00f4te USB et Ethernet. Les ports d&rsquo;impression USB vous permettent d&rsquo;imprimer en haut d\u00e9bit et de fa\u00e7on s\u00e9curis\u00e9e mais aussi de stocker vos travaux. Performante, cette imprimante est aussi compacte et vous permettra d&rsquo;\u00e9quiper un espace de travail r\u00e9duit sans l&rsquo;encombrer.<\/p>\n","protected":false},"featured_media":8688,"template":"","meta":[],"product_cat":[204],"product_tag":[],"class_list":["post-8746","product","type-product","status-publish","has-post-thumbnail","hentry","product_cat-imprimante"],"yoast_head":"<!-- This site is optimized with the Yoast SEO plugin v19.9 - https:\/\/yoast.com\/wordpress\/plugins\/seo\/ -->\n<title>IMPRIMANTE DE MARQUE HP DE MODEL 404 DN PAS CHERE AU CAMEROUN - Dream Millenium Computer<\/title>\n<meta name=\"robots\" content=\"index, follow, max-snippet:-1, max-image-preview:large, max-video-preview:-1\" \/>\n<link rel=\"canonical\" href=\"https:\/\/affectionate-mestorf.212-227-211-20.plesk.page\/index.php\/product\/imprimante-de-marque-hp-de-model-404-dn-pas-chere-au-cameroun\/\" \/>\n<meta property=\"og:locale\" content=\"fr_FR\" \/>\n<meta property=\"og:type\" content=\"article\" \/>\n<meta property=\"og:title\" content=\"IMPRIMANTE DE MARQUE HP DE MODEL 404 DN PAS CHERE AU CAMEROUN - Dream Millenium Computer\" \/>\n<meta property=\"og:description\" content=\"Le secret de la r\u00e9ussite    En combinant vitesse, haut rendement et facilit\u00e9 d&#039;utilisation, l&#039;imprimante HP LaserJet Pro M404dn va grandement am\u00e9liorer votre productivit\u00e9. Pour vos impressions quotidiennes, vous appr\u00e9cierez sa vitesse de 38 ppm, son panneau de commande LCD sur deux lignes et sa connectivit\u00e9 USB 2.0, h\u00f4te USB et Ethernet. Les ports d&#039;impression USB vous permettent d&#039;imprimer en haut d\u00e9bit et de fa\u00e7on s\u00e9curis\u00e9e mais aussi de stocker vos travaux. Performante, cette imprimante est aussi compacte et vous permettra d&#039;\u00e9quiper un espace de travail r\u00e9duit sans l&#039;encombrer.\" \/>\n<meta property=\"og:url\" content=\"https:\/\/affectionate-mestorf.212-227-211-20.plesk.page\/index.php\/product\/imprimante-de-marque-hp-de-model-404-dn-pas-chere-au-cameroun\/\" \/>\n<meta property=\"og:site_name\" content=\"Dream Millenium Computer\" \/>\n<meta name=\"twitter:card\" content=\"summary_large_image\" \/>\n<meta name=\"twitter:label1\" content=\"Dur\u00e9e de lecture estim\u00e9e\" \/>\n\t<meta name=\"twitter:data1\" content=\"1 minute\" \/>\n<script type=\"application\/ld+json\" class=\"yoast-schema-graph\">{\"@context\":\"https:\/\/schema.org\",\"@graph\":[{\"@type\":\"WebPage\",\"@id\":\"https:\/\/affectionate-mestorf.212-227-211-20.plesk.page\/index.php\/product\/imprimante-de-marque-hp-de-model-404-dn-pas-chere-au-cameroun\/\",\"url\":\"https:\/\/affectionate-mestorf.212-227-211-20.plesk.page\/index.php\/product\/imprimante-de-marque-hp-de-model-404-dn-pas-chere-au-cameroun\/\",\"name\":\"IMPRIMANTE DE MARQUE HP DE MODEL 404 DN PAS CHERE AU CAMEROUN - Dream Millenium Computer\",\"isPartOf\":{\"@id\":\"https:\/\/affectionate-mestorf.212-227-211-20.plesk.page\/#website\"},\"datePublished\":\"2022-05-22T18:33:42+00:00\",\"dateModified\":\"2022-05-22T18:33:42+00:00\",\"breadcrumb\":{\"@id\":\"https:\/\/affectionate-mestorf.212-227-211-20.plesk.page\/index.php\/product\/imprimante-de-marque-hp-de-model-404-dn-pas-chere-au-cameroun\/#breadcrumb\"},\"inLanguage\":\"fr-FR\",\"potentialAction\":[{\"@type\":\"ReadAction\",\"target\":[\"https:\/\/affectionate-mestorf.212-227-211-20.plesk.page\/index.php\/product\/imprimante-de-marque-hp-de-model-404-dn-pas-chere-au-cameroun\/\"]}]},{\"@type\":\"BreadcrumbList\",\"@id\":\"https:\/\/affectionate-mestorf.212-227-211-20.plesk.page\/index.php\/product\/imprimante-de-marque-hp-de-model-404-dn-pas-chere-au-cameroun\/#breadcrumb\",\"itemListElement\":[{\"@type\":\"ListItem\",\"position\":1,\"name\":\"Home\",\"item\":\"https:\/\/affectionate-mestorf.212-227-211-20.plesk.page\/\"},{\"@type\":\"ListItem\",\"position\":2,\"name\":\"Shop\",\"item\":\"https:\/\/affectionate-mestorf.212-227-211-20.plesk.page\/index.php\/shop\/\"},{\"@type\":\"ListItem\",\"position\":3,\"name\":\"IMPRIMANTE DE MARQUE HP DE MODEL 404 DN PAS CHERE AU CAMEROUN\"}]},{\"@type\":\"WebSite\",\"@id\":\"https:\/\/affectionate-mestorf.212-227-211-20.plesk.page\/#website\",\"url\":\"https:\/\/affectionate-mestorf.212-227-211-20.plesk.page\/\",\"name\":\"Dream Millenium Computer\",\"description\":\"Vous servir, Notre R\u00eave\",\"potentialAction\":[{\"@type\":\"SearchAction\",\"target\":{\"@type\":\"EntryPoint\",\"urlTemplate\":\"https:\/\/affectionate-mestorf.212-227-211-20.plesk.page\/?s={search_term_string}\"},\"query-input\":\"required name=search_term_string\"}],\"inLanguage\":\"fr-FR\"}]}<\/script>\n<!-- \/ Yoast SEO plugin. -->","yoast_head_json":{"title":"IMPRIMANTE DE MARQUE HP DE MODEL 404 DN PAS CHERE AU CAMEROUN - Dream Millenium Computer","robots":{"index":"index","follow":"follow","max-snippet":"max-snippet:-1","max-image-preview":"max-image-preview:large","max-video-preview":"max-video-preview:-1"},"canonical":"https:\/\/affectionate-mestorf.212-227-211-20.plesk.page\/index.php\/product\/imprimante-de-marque-hp-de-model-404-dn-pas-chere-au-cameroun\/","og_locale":"fr_FR","og_type":"article","og_title":"IMPRIMANTE DE MARQUE HP DE MODEL 404 DN PAS CHERE AU CAMEROUN - Dream Millenium Computer","og_description":"Le secret de la r\u00e9ussite    En combinant vitesse, haut rendement et facilit\u00e9 d'utilisation, l'imprimante HP LaserJet Pro M404dn va grandement am\u00e9liorer votre productivit\u00e9. Pour vos impressions quotidiennes, vous appr\u00e9cierez sa vitesse de 38 ppm, son panneau de commande LCD sur deux lignes et sa connectivit\u00e9 USB 2.0, h\u00f4te USB et Ethernet. Les ports d'impression USB vous permettent d'imprimer en haut d\u00e9bit et de fa\u00e7on s\u00e9curis\u00e9e mais aussi de stocker vos travaux. Performante, cette imprimante est aussi compacte et vous permettra d'\u00e9quiper un espace de travail r\u00e9duit sans l'encombrer.","og_url":"https:\/\/affectionate-mestorf.212-227-211-20.plesk.page\/index.php\/product\/imprimante-de-marque-hp-de-model-404-dn-pas-chere-au-cameroun\/","og_site_name":"Dream Millenium Computer","twitter_card":"summary_large_image","twitter_misc":{"Dur\u00e9e de lecture estim\u00e9e":"1 minute"},"schema":{"@context":"https:\/\/schema.org","@graph":[{"@type":"WebPage","@id":"https:\/\/affectionate-mestorf.212-227-211-20.plesk.page\/index.php\/product\/imprimante-de-marque-hp-de-model-404-dn-pas-chere-au-cameroun\/","url":"https:\/\/affectionate-mestorf.212-227-211-20.plesk.page\/index.php\/product\/imprimante-de-marque-hp-de-model-404-dn-pas-chere-au-cameroun\/","name":"IMPRIMANTE DE MARQUE HP DE MODEL 404 DN PAS CHERE AU CAMEROUN - Dream Millenium Computer","isPartOf":{"@id":"https:\/\/affectionate-mestorf.212-227-211-20.plesk.page\/#website"},"datePublished":"2022-05-22T18:33:42+00:00","dateModified":"2022-05-22T18:33:42+00:00","breadcrumb":{"@id":"https:\/\/affectionate-mestorf.212-227-211-20.plesk.page\/index.php\/product\/imprimante-de-marque-hp-de-model-404-dn-pas-chere-au-cameroun\/#breadcrumb"},"inLanguage":"fr-FR","potentialAction":[{"@type":"ReadAction","target":["https:\/\/affectionate-mestorf.212-227-211-20.plesk.page\/index.php\/product\/imprimante-de-marque-hp-de-model-404-dn-pas-chere-au-cameroun\/"]}]},{"@type":"BreadcrumbList","@id":"https:\/\/affectionate-mestorf.212-227-211-20.plesk.page\/index.php\/product\/imprimante-de-marque-hp-de-model-404-dn-pas-chere-au-cameroun\/#breadcrumb","itemListElement":[{"@type":"ListItem","position":1,"name":"Home","item":"https:\/\/affectionate-mestorf.212-227-211-20.plesk.page\/"},{"@type":"ListItem","position":2,"name":"Shop","item":"https:\/\/affectionate-mestorf.212-227-211-20.plesk.page\/index.php\/shop\/"},{"@type":"ListItem","position":3,"name":"IMPRIMANTE DE MARQUE HP DE MODEL 404 DN PAS CHERE AU CAMEROUN"}]},{"@type":"WebSite","@id":"https:\/\/affectionate-mestorf.212-227-211-20.plesk.page\/#website","url":"https:\/\/affectionate-mestorf.212-227-211-20.plesk.page\/","name":"Dream Millenium Computer","description":"Vous servir, Notre R\u00eave","potentialAction":[{"@type":"SearchAction","target":{"@type":"EntryPoint","urlTemplate":"https:\/\/affectionate-mestorf.212-227-211-20.plesk.page\/?s={search_term_string}"},"query-input":"required name=search_term_string"}],"inLanguage":"fr-FR"}]}},"_links":{"self":[{"href":"https:\/\/affectionate-mestorf.212-227-211-20.plesk.page\/index.php\/wp-json\/wp\/v2\/product\/8746","targetHints":{"allow":["GET"]}}],"collection":[{"href":"https:\/\/affectionate-mestorf.212-227-211-20.plesk.page\/index.php\/wp-json\/wp\/v2\/product"}],"about":[{"href":"https:\/\/affectionate-mestorf.212-227-211-20.plesk.page\/index.php\/wp-json\/wp\/v2\/types\/product"}],"wp:featuredmedia":[{"embeddable":true,"href":"https:\/\/affectionate-mestorf.212-227-211-20.plesk.page\/index.php\/wp-json\/wp\/v2\/media\/8688"}],"wp:attachment":[{"href":"https:\/\/affectionate-mestorf.212-227-211-20.plesk.page\/index.php\/wp-json\/wp\/v2\/media?parent=8746"}],"wp:term":[{"taxonomy":"product_cat","embeddable":true,"href":"https:\/\/affectionate-mestorf.212-227-211-20.plesk.page\/index.php\/wp-json\/wp\/v2\/product_cat?post=8746"},{"taxonomy":"product_tag","embeddable":true,"href":"https:\/\/affectionate-mestorf.212-227-211-20.plesk.page\/index.php\/wp-json\/wp\/v2\/product_tag?post=8746"}],"curies":[{"name":"wp","href":"https:\/\/api.w.org\/{rel}","templated":true}]}}