{"id":8742,"date":"2022-05-22T18:33:41","date_gmt":"2022-05-22T18:33:41","guid":{"rendered":"https:\/\/affectionate-mestorf.212-227-211-20.plesk.page\/index.php\/product\/imprimante-de-marque-hp-de-model-107w-pas-chere-au-cameroun\/"},"modified":"2022-05-22T18:33:41","modified_gmt":"2022-05-22T18:33:41","slug":"imprimante-de-marque-hp-de-model-107w-pas-chere-au-cameroun","status":"publish","type":"product","link":"https:\/\/affectionate-mestorf.212-227-211-20.plesk.page\/index.php\/product\/imprimante-de-marque-hp-de-model-107w-pas-chere-au-cameroun\/","title":{"rendered":"IMPRIMANTE DE MARQUE HP DE MODEL 107W PAS CHERE AU CAMEROUN"},"content":{"rendered":"<p>Technologie d&rsquo;impression Impression Laser Monochrome<\/p>\n<p> Fonctions Imprime uniquement<br \/>\n Cartouches d&rsquo;impression HP 160A (1000 pages)<br \/>\n Vitesse d&rsquo;impression Jusqu&rsquo;\u00e0 20 ppm<br \/>\n Qualit\u00e9 d&rsquo;impression Jusqu&rsquo;\u00e0 1200 x 1200 ppp<br \/>\n Cycle d&rsquo;utilisation Jusqu&rsquo;\u00e0 10 000 pages (mensuel, A4)<br \/>\n Connectivit\u00e9 USB 2.0 ; WI-FI<br \/>\n Impression recto\/verso non<br \/>\n Processeur 400 MHz<br \/>\n M\u00e9moire 64 Mo<br \/>\n Capacit\u00e9 bac papier bac multifonction de 150 feuilles<br \/>\n Formats de supports pris en charge Bac universel 1 : A4, A5, A6, B5 (JIS), B6 (JIS), RA4, 10 x 15 cm, enveloppe (ISO DL, ISO C5, ISO C6, ISO B5)<br \/>\n Ecran non<br \/>\n Types de support pris en charge Enveloppes, papier uni, \u00e9tiquettes, papier recycl\u00e9, papier lourd, papier fin, cartes postales<br \/>\n Poids net 4.18 kg<br \/>\n C\u00e2ble fourni un c\u00e2ble USB<br \/>\n Consommation 320 w<\/p>\n","protected":false},"excerpt":{"rendered":"<p>Impressions fiables de qualit\u00e9<\/p>\n<p> Simplicit\u00e9 d&rsquo;utilisation et efficacit\u00e9 au quotidien, voici les qualit\u00e9s de l&rsquo;imprimante laser HP 107w ! Capable d&rsquo;imprimer un document monochrome sur une premi\u00e8re page en seulement 8.3 secondes, ce mod\u00e8le accompagnera parfaitement vos besoins personnels ou professionnels.<\/p>\n<p> Appr\u00e9ciez une capacit\u00e9 d&rsquo;entr\u00e9e de 150 feuilles, un panneau de commande confortable ainsi qu&rsquo;une impression de qualit\u00e9 \u00e0 la hauteur de vos attentes. Cette imprimante laser A4 est compacte pour une int\u00e9gration optimale dans votre environnement. De plus, sa connexion sans fil Wi-Fi int\u00e9gr\u00e9e offre une dose de libert\u00e9 suppl\u00e9mentaire pour accompagner vos objectifs au quotidien.<\/p>\n","protected":false},"featured_media":8681,"template":"","meta":[],"product_cat":[204],"product_tag":[],"class_list":["post-8742","product","type-product","status-publish","has-post-thumbnail","hentry","product_cat-imprimante"],"yoast_head":"<!-- This site is optimized with the Yoast SEO plugin v19.9 - https:\/\/yoast.com\/wordpress\/plugins\/seo\/ -->\n<title>IMPRIMANTE DE MARQUE HP DE MODEL 107W PAS CHERE AU CAMEROUN - Dream Millenium Computer<\/title>\n<meta name=\"robots\" content=\"index, follow, max-snippet:-1, max-image-preview:large, max-video-preview:-1\" \/>\n<link rel=\"canonical\" href=\"https:\/\/affectionate-mestorf.212-227-211-20.plesk.page\/index.php\/product\/imprimante-de-marque-hp-de-model-107w-pas-chere-au-cameroun\/\" \/>\n<meta property=\"og:locale\" content=\"fr_FR\" \/>\n<meta property=\"og:type\" content=\"article\" \/>\n<meta property=\"og:title\" content=\"IMPRIMANTE DE MARQUE HP DE MODEL 107W PAS CHERE AU CAMEROUN - Dream Millenium Computer\" \/>\n<meta property=\"og:description\" content=\"Impressions fiables de qualit\u00e9   Simplicit\u00e9 d&#039;utilisation et efficacit\u00e9 au quotidien, voici les qualit\u00e9s de l&#039;imprimante laser HP 107w ! Capable d&#039;imprimer un document monochrome sur une premi\u00e8re page en seulement 8.3 secondes, ce mod\u00e8le accompagnera parfaitement vos besoins personnels ou professionnels.   Appr\u00e9ciez une capacit\u00e9 d&#039;entr\u00e9e de 150 feuilles, un panneau de commande confortable ainsi qu&#039;une impression de qualit\u00e9 \u00e0 la hauteur de vos attentes. Cette imprimante laser A4 est compacte pour une int\u00e9gration optimale dans votre environnement. De plus, sa connexion sans fil Wi-Fi int\u00e9gr\u00e9e offre une dose de libert\u00e9 suppl\u00e9mentaire pour accompagner vos objectifs au quotidien.\" \/>\n<meta property=\"og:url\" content=\"https:\/\/affectionate-mestorf.212-227-211-20.plesk.page\/index.php\/product\/imprimante-de-marque-hp-de-model-107w-pas-chere-au-cameroun\/\" \/>\n<meta property=\"og:site_name\" content=\"Dream Millenium Computer\" \/>\n<meta name=\"twitter:card\" content=\"summary_large_image\" \/>\n<meta name=\"twitter:label1\" content=\"Dur\u00e9e de lecture estim\u00e9e\" \/>\n\t<meta name=\"twitter:data1\" content=\"1 minute\" \/>\n<script type=\"application\/ld+json\" class=\"yoast-schema-graph\">{\"@context\":\"https:\/\/schema.org\",\"@graph\":[{\"@type\":\"WebPage\",\"@id\":\"https:\/\/affectionate-mestorf.212-227-211-20.plesk.page\/index.php\/product\/imprimante-de-marque-hp-de-model-107w-pas-chere-au-cameroun\/\",\"url\":\"https:\/\/affectionate-mestorf.212-227-211-20.plesk.page\/index.php\/product\/imprimante-de-marque-hp-de-model-107w-pas-chere-au-cameroun\/\",\"name\":\"IMPRIMANTE DE MARQUE HP DE MODEL 107W PAS CHERE AU CAMEROUN - Dream Millenium Computer\",\"isPartOf\":{\"@id\":\"https:\/\/affectionate-mestorf.212-227-211-20.plesk.page\/#website\"},\"datePublished\":\"2022-05-22T18:33:41+00:00\",\"dateModified\":\"2022-05-22T18:33:41+00:00\",\"breadcrumb\":{\"@id\":\"https:\/\/affectionate-mestorf.212-227-211-20.plesk.page\/index.php\/product\/imprimante-de-marque-hp-de-model-107w-pas-chere-au-cameroun\/#breadcrumb\"},\"inLanguage\":\"fr-FR\",\"potentialAction\":[{\"@type\":\"ReadAction\",\"target\":[\"https:\/\/affectionate-mestorf.212-227-211-20.plesk.page\/index.php\/product\/imprimante-de-marque-hp-de-model-107w-pas-chere-au-cameroun\/\"]}]},{\"@type\":\"BreadcrumbList\",\"@id\":\"https:\/\/affectionate-mestorf.212-227-211-20.plesk.page\/index.php\/product\/imprimante-de-marque-hp-de-model-107w-pas-chere-au-cameroun\/#breadcrumb\",\"itemListElement\":[{\"@type\":\"ListItem\",\"position\":1,\"name\":\"Home\",\"item\":\"https:\/\/affectionate-mestorf.212-227-211-20.plesk.page\/\"},{\"@type\":\"ListItem\",\"position\":2,\"name\":\"Shop\",\"item\":\"https:\/\/affectionate-mestorf.212-227-211-20.plesk.page\/index.php\/shop\/\"},{\"@type\":\"ListItem\",\"position\":3,\"name\":\"IMPRIMANTE DE MARQUE HP DE MODEL 107W PAS CHERE AU CAMEROUN\"}]},{\"@type\":\"WebSite\",\"@id\":\"https:\/\/affectionate-mestorf.212-227-211-20.plesk.page\/#website\",\"url\":\"https:\/\/affectionate-mestorf.212-227-211-20.plesk.page\/\",\"name\":\"Dream Millenium Computer\",\"description\":\"Vous servir, Notre R\u00eave\",\"potentialAction\":[{\"@type\":\"SearchAction\",\"target\":{\"@type\":\"EntryPoint\",\"urlTemplate\":\"https:\/\/affectionate-mestorf.212-227-211-20.plesk.page\/?s={search_term_string}\"},\"query-input\":\"required name=search_term_string\"}],\"inLanguage\":\"fr-FR\"}]}<\/script>\n<!-- \/ Yoast SEO plugin. -->","yoast_head_json":{"title":"IMPRIMANTE DE MARQUE HP DE MODEL 107W PAS CHERE AU CAMEROUN - Dream Millenium Computer","robots":{"index":"index","follow":"follow","max-snippet":"max-snippet:-1","max-image-preview":"max-image-preview:large","max-video-preview":"max-video-preview:-1"},"canonical":"https:\/\/affectionate-mestorf.212-227-211-20.plesk.page\/index.php\/product\/imprimante-de-marque-hp-de-model-107w-pas-chere-au-cameroun\/","og_locale":"fr_FR","og_type":"article","og_title":"IMPRIMANTE DE MARQUE HP DE MODEL 107W PAS CHERE AU CAMEROUN - Dream Millenium Computer","og_description":"Impressions fiables de qualit\u00e9   Simplicit\u00e9 d'utilisation et efficacit\u00e9 au quotidien, voici les qualit\u00e9s de l'imprimante laser HP 107w ! Capable d'imprimer un document monochrome sur une premi\u00e8re page en seulement 8.3 secondes, ce mod\u00e8le accompagnera parfaitement vos besoins personnels ou professionnels.   Appr\u00e9ciez une capacit\u00e9 d'entr\u00e9e de 150 feuilles, un panneau de commande confortable ainsi qu'une impression de qualit\u00e9 \u00e0 la hauteur de vos attentes. Cette imprimante laser A4 est compacte pour une int\u00e9gration optimale dans votre environnement. De plus, sa connexion sans fil Wi-Fi int\u00e9gr\u00e9e offre une dose de libert\u00e9 suppl\u00e9mentaire pour accompagner vos objectifs au quotidien.","og_url":"https:\/\/affectionate-mestorf.212-227-211-20.plesk.page\/index.php\/product\/imprimante-de-marque-hp-de-model-107w-pas-chere-au-cameroun\/","og_site_name":"Dream Millenium Computer","twitter_card":"summary_large_image","twitter_misc":{"Dur\u00e9e de lecture estim\u00e9e":"1 minute"},"schema":{"@context":"https:\/\/schema.org","@graph":[{"@type":"WebPage","@id":"https:\/\/affectionate-mestorf.212-227-211-20.plesk.page\/index.php\/product\/imprimante-de-marque-hp-de-model-107w-pas-chere-au-cameroun\/","url":"https:\/\/affectionate-mestorf.212-227-211-20.plesk.page\/index.php\/product\/imprimante-de-marque-hp-de-model-107w-pas-chere-au-cameroun\/","name":"IMPRIMANTE DE MARQUE HP DE MODEL 107W PAS CHERE AU CAMEROUN - Dream Millenium Computer","isPartOf":{"@id":"https:\/\/affectionate-mestorf.212-227-211-20.plesk.page\/#website"},"datePublished":"2022-05-22T18:33:41+00:00","dateModified":"2022-05-22T18:33:41+00:00","breadcrumb":{"@id":"https:\/\/affectionate-mestorf.212-227-211-20.plesk.page\/index.php\/product\/imprimante-de-marque-hp-de-model-107w-pas-chere-au-cameroun\/#breadcrumb"},"inLanguage":"fr-FR","potentialAction":[{"@type":"ReadAction","target":["https:\/\/affectionate-mestorf.212-227-211-20.plesk.page\/index.php\/product\/imprimante-de-marque-hp-de-model-107w-pas-chere-au-cameroun\/"]}]},{"@type":"BreadcrumbList","@id":"https:\/\/affectionate-mestorf.212-227-211-20.plesk.page\/index.php\/product\/imprimante-de-marque-hp-de-model-107w-pas-chere-au-cameroun\/#breadcrumb","itemListElement":[{"@type":"ListItem","position":1,"name":"Home","item":"https:\/\/affectionate-mestorf.212-227-211-20.plesk.page\/"},{"@type":"ListItem","position":2,"name":"Shop","item":"https:\/\/affectionate-mestorf.212-227-211-20.plesk.page\/index.php\/shop\/"},{"@type":"ListItem","position":3,"name":"IMPRIMANTE DE MARQUE HP DE MODEL 107W PAS CHERE AU CAMEROUN"}]},{"@type":"WebSite","@id":"https:\/\/affectionate-mestorf.212-227-211-20.plesk.page\/#website","url":"https:\/\/affectionate-mestorf.212-227-211-20.plesk.page\/","name":"Dream Millenium Computer","description":"Vous servir, Notre R\u00eave","potentialAction":[{"@type":"SearchAction","target":{"@type":"EntryPoint","urlTemplate":"https:\/\/affectionate-mestorf.212-227-211-20.plesk.page\/?s={search_term_string}"},"query-input":"required name=search_term_string"}],"inLanguage":"fr-FR"}]}},"_links":{"self":[{"href":"https:\/\/affectionate-mestorf.212-227-211-20.plesk.page\/index.php\/wp-json\/wp\/v2\/product\/8742","targetHints":{"allow":["GET"]}}],"collection":[{"href":"https:\/\/affectionate-mestorf.212-227-211-20.plesk.page\/index.php\/wp-json\/wp\/v2\/product"}],"about":[{"href":"https:\/\/affectionate-mestorf.212-227-211-20.plesk.page\/index.php\/wp-json\/wp\/v2\/types\/product"}],"wp:featuredmedia":[{"embeddable":true,"href":"https:\/\/affectionate-mestorf.212-227-211-20.plesk.page\/index.php\/wp-json\/wp\/v2\/media\/8681"}],"wp:attachment":[{"href":"https:\/\/affectionate-mestorf.212-227-211-20.plesk.page\/index.php\/wp-json\/wp\/v2\/media?parent=8742"}],"wp:term":[{"taxonomy":"product_cat","embeddable":true,"href":"https:\/\/affectionate-mestorf.212-227-211-20.plesk.page\/index.php\/wp-json\/wp\/v2\/product_cat?post=8742"},{"taxonomy":"product_tag","embeddable":true,"href":"https:\/\/affectionate-mestorf.212-227-211-20.plesk.page\/index.php\/wp-json\/wp\/v2\/product_tag?post=8742"}],"curies":[{"name":"wp","href":"https:\/\/api.w.org\/{rel}","templated":true}]}}