{"id":8740,"date":"2022-05-22T18:33:41","date_gmt":"2022-05-22T18:33:41","guid":{"rendered":"https:\/\/affectionate-mestorf.212-227-211-20.plesk.page\/index.php\/product\/imprimante-de-marque-ricoh-de-model-sp-211-su-pas-chere-au-cameroun\/"},"modified":"2022-05-28T17:00:27","modified_gmt":"2022-05-28T17:00:27","slug":"imprimante-de-marque-ricoh-de-model-sp-211-su-pas-chere-au-cameroun","status":"publish","type":"product","link":"https:\/\/affectionate-mestorf.212-227-211-20.plesk.page\/index.php\/product\/imprimante-de-marque-ricoh-de-model-sp-211-su-pas-chere-au-cameroun\/","title":{"rendered":"IMPRIMANTE DE MARQUE RICOH DE MODEL SP 211 SU PAS CHERE AU CAMEROUN"},"content":{"rendered":"<p>Gr\u00e2ce \u00e0 son panneau de commande LCD 4 lignes simple d&rsquo;utilisation, le SP 211SU est un appareil convivial, compact et multifonction. Gr\u00e2ce \u00e0 sa vitesse d&rsquo;impression de 22 pages par minute, cette imprimante multifonction est id\u00e9ale pour les bureaux n\u00e9cessitant une haute productivit\u00e9. La fonction de copie de carte d&rsquo;identit\u00e9 vous permet \u00e9galement de gagner du temps en copiant le recto et le verso d&rsquo;une carte d&rsquo;identit\u00e9 sur une m\u00eame page. Sa r\u00e9solution de 1 200 x 600 ppp garantit une impression de haute qualit\u00e9. La compacit\u00e9 du SP 211SU s&rsquo;ajoute \u00e0 ses fonctions perfectionn\u00e9es !<\/p>\n<p>&nbsp;<\/p>\n","protected":false},"excerpt":{"rendered":"<p>Technologie d&rsquo;impression Impression Laser Monochrome<\/p>\n<p>Fonctions Imprime ; Scan ; Copie<br \/>\nCartouches d&rsquo;impression Ricoh SP 201E (1000 pages)<br \/>\nVitesse d&rsquo;impression Jusqu&rsquo;\u00e0 22 ppm<br \/>\nQualit\u00e9 d&rsquo;impression Jusqu&rsquo;\u00e0 1200 x 600 ppp<br \/>\nCycle d&rsquo;utilisation Jusqu&rsquo;\u00e0 20 000 pages (mensuel, A4)<br \/>\nConnectivit\u00e9 USB 2.0<br \/>\nImpression recto\/verso non<br \/>\nProcesseur 360 MHz<br \/>\nM\u00e9moire 128 Mo<br \/>\nCapacit\u00e9 bac papier bac multifonction de 150 feuilles<br \/>\nFormats de supports pris en charge Bac universel 1 : A4, A5, A6, B5 (JIS), B6 (JIS), RA4, 10 x 15 cm, enveloppe (ISO DL, ISO C5, ISO C6, ISO B5)<br \/>\nEcran Ecran tactique couleur LCD 2.7\u2019\u2019<br \/>\nTypes de support pris en charge Enveloppes, papier uni, \u00e9tiquettes, papier recycl\u00e9, papier lourd, papier fin, cartes postales<br \/>\nPoids net 9.9 kg<br \/>\nC\u00e2ble fourni un c\u00e2ble USB<br \/>\nConsommation 379 w<\/p>\n","protected":false},"featured_media":8673,"template":"","meta":[],"product_cat":[204],"product_tag":[],"class_list":["post-8740","product","type-product","status-publish","has-post-thumbnail","hentry","product_cat-imprimante"],"yoast_head":"<!-- This site is optimized with the Yoast SEO plugin v19.9 - https:\/\/yoast.com\/wordpress\/plugins\/seo\/ -->\n<title>IMPRIMANTE DE MARQUE RICOH DE MODEL SP 211 SU PAS CHERE AU CAMEROUN - Dream Millenium Computer<\/title>\n<meta name=\"description\" content=\"Gr\u00e2ce \u00e0 son panneau de commande LCD 4 lignes simple d&#039;utilisation, le SP 211SU est un appareil convivial, compact et multifonction.\" \/>\n<meta name=\"robots\" content=\"index, follow, max-snippet:-1, max-image-preview:large, max-video-preview:-1\" \/>\n<link rel=\"canonical\" href=\"https:\/\/affectionate-mestorf.212-227-211-20.plesk.page\/index.php\/product\/imprimante-de-marque-ricoh-de-model-sp-211-su-pas-chere-au-cameroun\/\" \/>\n<meta property=\"og:locale\" content=\"fr_FR\" \/>\n<meta property=\"og:type\" content=\"article\" \/>\n<meta property=\"og:title\" content=\"IMPRIMANTE DE MARQUE RICOH DE MODEL SP 211 SU PAS CHERE AU CAMEROUN - Dream Millenium Computer\" \/>\n<meta property=\"og:description\" content=\"Gr\u00e2ce \u00e0 son panneau de commande LCD 4 lignes simple d&#039;utilisation, le SP 211SU est un appareil convivial, compact et multifonction.\" \/>\n<meta property=\"og:url\" content=\"https:\/\/affectionate-mestorf.212-227-211-20.plesk.page\/index.php\/product\/imprimante-de-marque-ricoh-de-model-sp-211-su-pas-chere-au-cameroun\/\" \/>\n<meta property=\"og:site_name\" content=\"Dream Millenium Computer\" \/>\n<meta property=\"article:modified_time\" content=\"2022-05-28T17:00:27+00:00\" \/>\n<meta property=\"og:image\" content=\"https:\/\/affectionate-mestorf.212-227-211-20.plesk.page\/wp-content\/uploads\/2022\/05\/imprimante-ricoh-sp-211-su-1.jpg\" \/>\n\t<meta property=\"og:image:width\" content=\"500\" \/>\n\t<meta property=\"og:image:height\" content=\"500\" \/>\n\t<meta property=\"og:image:type\" content=\"image\/jpeg\" \/>\n<meta name=\"twitter:card\" content=\"summary_large_image\" \/>\n<meta name=\"twitter:label1\" content=\"Dur\u00e9e de lecture estim\u00e9e\" \/>\n\t<meta name=\"twitter:data1\" content=\"1 minute\" \/>\n<script type=\"application\/ld+json\" class=\"yoast-schema-graph\">{\"@context\":\"https:\/\/schema.org\",\"@graph\":[{\"@type\":\"WebPage\",\"@id\":\"https:\/\/affectionate-mestorf.212-227-211-20.plesk.page\/index.php\/product\/imprimante-de-marque-ricoh-de-model-sp-211-su-pas-chere-au-cameroun\/\",\"url\":\"https:\/\/affectionate-mestorf.212-227-211-20.plesk.page\/index.php\/product\/imprimante-de-marque-ricoh-de-model-sp-211-su-pas-chere-au-cameroun\/\",\"name\":\"IMPRIMANTE DE MARQUE RICOH DE MODEL SP 211 SU PAS CHERE AU CAMEROUN - Dream Millenium Computer\",\"isPartOf\":{\"@id\":\"https:\/\/affectionate-mestorf.212-227-211-20.plesk.page\/#website\"},\"datePublished\":\"2022-05-22T18:33:41+00:00\",\"dateModified\":\"2022-05-28T17:00:27+00:00\",\"description\":\"Gr\u00e2ce \u00e0 son panneau de commande LCD 4 lignes simple d'utilisation, le SP 211SU est un appareil convivial, compact et multifonction.\",\"breadcrumb\":{\"@id\":\"https:\/\/affectionate-mestorf.212-227-211-20.plesk.page\/index.php\/product\/imprimante-de-marque-ricoh-de-model-sp-211-su-pas-chere-au-cameroun\/#breadcrumb\"},\"inLanguage\":\"fr-FR\",\"potentialAction\":[{\"@type\":\"ReadAction\",\"target\":[\"https:\/\/affectionate-mestorf.212-227-211-20.plesk.page\/index.php\/product\/imprimante-de-marque-ricoh-de-model-sp-211-su-pas-chere-au-cameroun\/\"]}]},{\"@type\":\"BreadcrumbList\",\"@id\":\"https:\/\/affectionate-mestorf.212-227-211-20.plesk.page\/index.php\/product\/imprimante-de-marque-ricoh-de-model-sp-211-su-pas-chere-au-cameroun\/#breadcrumb\",\"itemListElement\":[{\"@type\":\"ListItem\",\"position\":1,\"name\":\"Home\",\"item\":\"https:\/\/affectionate-mestorf.212-227-211-20.plesk.page\/\"},{\"@type\":\"ListItem\",\"position\":2,\"name\":\"Shop\",\"item\":\"https:\/\/affectionate-mestorf.212-227-211-20.plesk.page\/index.php\/shop\/\"},{\"@type\":\"ListItem\",\"position\":3,\"name\":\"IMPRIMANTE DE MARQUE RICOH DE MODEL SP 211 SU PAS CHERE AU CAMEROUN\"}]},{\"@type\":\"WebSite\",\"@id\":\"https:\/\/affectionate-mestorf.212-227-211-20.plesk.page\/#website\",\"url\":\"https:\/\/affectionate-mestorf.212-227-211-20.plesk.page\/\",\"name\":\"Dream Millenium Computer\",\"description\":\"Vous servir, Notre R\u00eave\",\"potentialAction\":[{\"@type\":\"SearchAction\",\"target\":{\"@type\":\"EntryPoint\",\"urlTemplate\":\"https:\/\/affectionate-mestorf.212-227-211-20.plesk.page\/?s={search_term_string}\"},\"query-input\":\"required name=search_term_string\"}],\"inLanguage\":\"fr-FR\"}]}<\/script>\n<!-- \/ Yoast SEO plugin. -->","yoast_head_json":{"title":"IMPRIMANTE DE MARQUE RICOH DE MODEL SP 211 SU PAS CHERE AU CAMEROUN - Dream Millenium Computer","description":"Gr\u00e2ce \u00e0 son panneau de commande LCD 4 lignes simple d'utilisation, le SP 211SU est un appareil convivial, compact et multifonction.","robots":{"index":"index","follow":"follow","max-snippet":"max-snippet:-1","max-image-preview":"max-image-preview:large","max-video-preview":"max-video-preview:-1"},"canonical":"https:\/\/affectionate-mestorf.212-227-211-20.plesk.page\/index.php\/product\/imprimante-de-marque-ricoh-de-model-sp-211-su-pas-chere-au-cameroun\/","og_locale":"fr_FR","og_type":"article","og_title":"IMPRIMANTE DE MARQUE RICOH DE MODEL SP 211 SU PAS CHERE AU CAMEROUN - Dream Millenium Computer","og_description":"Gr\u00e2ce \u00e0 son panneau de commande LCD 4 lignes simple d'utilisation, le SP 211SU est un appareil convivial, compact et multifonction.","og_url":"https:\/\/affectionate-mestorf.212-227-211-20.plesk.page\/index.php\/product\/imprimante-de-marque-ricoh-de-model-sp-211-su-pas-chere-au-cameroun\/","og_site_name":"Dream Millenium Computer","article_modified_time":"2022-05-28T17:00:27+00:00","og_image":[{"width":500,"height":500,"url":"https:\/\/affectionate-mestorf.212-227-211-20.plesk.page\/wp-content\/uploads\/2022\/05\/imprimante-ricoh-sp-211-su-1.jpg","type":"image\/jpeg"}],"twitter_card":"summary_large_image","twitter_misc":{"Dur\u00e9e de lecture estim\u00e9e":"1 minute"},"schema":{"@context":"https:\/\/schema.org","@graph":[{"@type":"WebPage","@id":"https:\/\/affectionate-mestorf.212-227-211-20.plesk.page\/index.php\/product\/imprimante-de-marque-ricoh-de-model-sp-211-su-pas-chere-au-cameroun\/","url":"https:\/\/affectionate-mestorf.212-227-211-20.plesk.page\/index.php\/product\/imprimante-de-marque-ricoh-de-model-sp-211-su-pas-chere-au-cameroun\/","name":"IMPRIMANTE DE MARQUE RICOH DE MODEL SP 211 SU PAS CHERE AU CAMEROUN - Dream Millenium Computer","isPartOf":{"@id":"https:\/\/affectionate-mestorf.212-227-211-20.plesk.page\/#website"},"datePublished":"2022-05-22T18:33:41+00:00","dateModified":"2022-05-28T17:00:27+00:00","description":"Gr\u00e2ce \u00e0 son panneau de commande LCD 4 lignes simple d'utilisation, le SP 211SU est un appareil convivial, compact et multifonction.","breadcrumb":{"@id":"https:\/\/affectionate-mestorf.212-227-211-20.plesk.page\/index.php\/product\/imprimante-de-marque-ricoh-de-model-sp-211-su-pas-chere-au-cameroun\/#breadcrumb"},"inLanguage":"fr-FR","potentialAction":[{"@type":"ReadAction","target":["https:\/\/affectionate-mestorf.212-227-211-20.plesk.page\/index.php\/product\/imprimante-de-marque-ricoh-de-model-sp-211-su-pas-chere-au-cameroun\/"]}]},{"@type":"BreadcrumbList","@id":"https:\/\/affectionate-mestorf.212-227-211-20.plesk.page\/index.php\/product\/imprimante-de-marque-ricoh-de-model-sp-211-su-pas-chere-au-cameroun\/#breadcrumb","itemListElement":[{"@type":"ListItem","position":1,"name":"Home","item":"https:\/\/affectionate-mestorf.212-227-211-20.plesk.page\/"},{"@type":"ListItem","position":2,"name":"Shop","item":"https:\/\/affectionate-mestorf.212-227-211-20.plesk.page\/index.php\/shop\/"},{"@type":"ListItem","position":3,"name":"IMPRIMANTE DE MARQUE RICOH DE MODEL SP 211 SU PAS CHERE AU CAMEROUN"}]},{"@type":"WebSite","@id":"https:\/\/affectionate-mestorf.212-227-211-20.plesk.page\/#website","url":"https:\/\/affectionate-mestorf.212-227-211-20.plesk.page\/","name":"Dream Millenium Computer","description":"Vous servir, Notre R\u00eave","potentialAction":[{"@type":"SearchAction","target":{"@type":"EntryPoint","urlTemplate":"https:\/\/affectionate-mestorf.212-227-211-20.plesk.page\/?s={search_term_string}"},"query-input":"required name=search_term_string"}],"inLanguage":"fr-FR"}]}},"_links":{"self":[{"href":"https:\/\/affectionate-mestorf.212-227-211-20.plesk.page\/index.php\/wp-json\/wp\/v2\/product\/8740","targetHints":{"allow":["GET"]}}],"collection":[{"href":"https:\/\/affectionate-mestorf.212-227-211-20.plesk.page\/index.php\/wp-json\/wp\/v2\/product"}],"about":[{"href":"https:\/\/affectionate-mestorf.212-227-211-20.plesk.page\/index.php\/wp-json\/wp\/v2\/types\/product"}],"wp:featuredmedia":[{"embeddable":true,"href":"https:\/\/affectionate-mestorf.212-227-211-20.plesk.page\/index.php\/wp-json\/wp\/v2\/media\/8673"}],"wp:attachment":[{"href":"https:\/\/affectionate-mestorf.212-227-211-20.plesk.page\/index.php\/wp-json\/wp\/v2\/media?parent=8740"}],"wp:term":[{"taxonomy":"product_cat","embeddable":true,"href":"https:\/\/affectionate-mestorf.212-227-211-20.plesk.page\/index.php\/wp-json\/wp\/v2\/product_cat?post=8740"},{"taxonomy":"product_tag","embeddable":true,"href":"https:\/\/affectionate-mestorf.212-227-211-20.plesk.page\/index.php\/wp-json\/wp\/v2\/product_tag?post=8740"}],"curies":[{"name":"wp","href":"https:\/\/api.w.org\/{rel}","templated":true}]}}