{"id":8738,"date":"2022-05-22T18:33:41","date_gmt":"2022-05-22T18:33:41","guid":{"rendered":"https:\/\/affectionate-mestorf.212-227-211-20.plesk.page\/index.php\/product\/imprimante-de-marque-ricoh-de-model-sp211-pas-chere-au-cameroun\/"},"modified":"2022-05-22T18:33:41","modified_gmt":"2022-05-22T18:33:41","slug":"imprimante-de-marque-ricoh-de-model-sp211-pas-chere-au-cameroun","status":"publish","type":"product","link":"https:\/\/affectionate-mestorf.212-227-211-20.plesk.page\/index.php\/product\/imprimante-de-marque-ricoh-de-model-sp211-pas-chere-au-cameroun\/","title":{"rendered":"IMPRIMANTE DE MARQUE RICOH DE MODEL SP211 PAS CHERE AU CAMEROUN"},"content":{"rendered":"<p>Technologie d&rsquo;impression Impression Laser Monochrome<\/p>\n<p> Fonctions Imprime uniquement<br \/>\n Cartouches d&rsquo;impression Ricoh SP 201E (1000 pages)<br \/>\n Vitesse d&rsquo;impression Jusqu&rsquo;\u00e0 22 ppm<br \/>\n Qualit\u00e9 d&rsquo;impression Jusqu&rsquo;\u00e0 1200 x 600 ppp<br \/>\n Cycle d&rsquo;utilisation Jusqu&rsquo;\u00e0 20 000 pages (mensuel, A4)<br \/>\n Connectivit\u00e9 USB 2.0<br \/>\n Impression recto\/verso non<br \/>\n Processeur 360 MHz<br \/>\n Memoire 4 Mo<br \/>\n Capacit\u00e9 bac papier bac multifonction de 150 feuilles<br \/>\n Formats de supports pris en charge Bac universel 1 : A4, A5, A6, B5 (JIS), B6 (JIS), RA4, 10 x 15 cm, enveloppe (ISO DL, ISO C5, ISO C6, ISO B5)<br \/>\n Ecran Ecran tactique couleur LCD 2.7\u2019\u2019<br \/>\n Types de support pris en charge Enveloppes, papier uni, \u00e9tiquettes, papier recycl\u00e9, papier lourd, papier fin, cartes postales<br \/>\n Poids net 7.2 kg<br \/>\n C\u00e2ble fourni un c\u00e2ble USB<br \/>\n Consommation 400 w<\/p>\n","protected":false},"excerpt":{"rendered":"<p>Suffisamment compact pour tenir sur un bureau et tellement silencieux qu&rsquo;il passe inaper\u00e7u, le est l&rsquo;imprimante A4 noir et blanc id\u00e9ale pour les petits espaces de travail au bureau et \u00e0 domicile. Toutes les op\u00e9rations s&rsquo;effectuent depuis l&rsquo;avant de l&rsquo;appareil, ce qui le rend remarquablement simple d&rsquo;utilisation. Gr\u00e2ce \u00e0 sa vitesse d&rsquo;impression de 22 pages par minute, vous profitez sans attendre d&rsquo;impressions nettes et de qualit\u00e9 professionnelle. Pour couronner le tout, sa cartouche d&rsquo;impression longue dur\u00e9e tout-en-un, qui allie une faible consommation d&rsquo;\u00e9nergie \u00e0 un rendement \u00e9lev\u00e9, permet de r\u00e9duire consid\u00e9rablement les co\u00fbts.<\/p>\n<p> \u2022 Peu encombrante gr\u00e2ce \u00e0 sa petite taille<br \/>\n \u2022 Excellente r\u00e9solution de 1 200 x 600 ppp<br \/>\n \u2022 Capacit\u00e9 de 150 feuilles de papier<br \/>\n \u2022 Impression manuelle recto-verso<\/p>\n","protected":false},"featured_media":8673,"template":"","meta":[],"product_cat":[204],"product_tag":[],"class_list":["post-8738","product","type-product","status-publish","has-post-thumbnail","hentry","product_cat-imprimante"],"yoast_head":"<!-- This site is optimized with the Yoast SEO plugin v19.9 - https:\/\/yoast.com\/wordpress\/plugins\/seo\/ -->\n<title>IMPRIMANTE DE MARQUE RICOH DE MODEL SP211 PAS CHERE AU CAMEROUN - Dream Millenium Computer<\/title>\n<meta name=\"robots\" content=\"index, follow, max-snippet:-1, max-image-preview:large, max-video-preview:-1\" \/>\n<link rel=\"canonical\" href=\"https:\/\/affectionate-mestorf.212-227-211-20.plesk.page\/index.php\/product\/imprimante-de-marque-ricoh-de-model-sp211-pas-chere-au-cameroun\/\" \/>\n<meta property=\"og:locale\" content=\"fr_FR\" \/>\n<meta property=\"og:type\" content=\"article\" \/>\n<meta property=\"og:title\" content=\"IMPRIMANTE DE MARQUE RICOH DE MODEL SP211 PAS CHERE AU CAMEROUN - Dream Millenium Computer\" \/>\n<meta property=\"og:description\" content=\"Suffisamment compact pour tenir sur un bureau et tellement silencieux qu&#039;il passe inaper\u00e7u, le est l&#039;imprimante A4 noir et blanc id\u00e9ale pour les petits espaces de travail au bureau et \u00e0 domicile. Toutes les op\u00e9rations s&#039;effectuent depuis l&#039;avant de l&#039;appareil, ce qui le rend remarquablement simple d&#039;utilisation. Gr\u00e2ce \u00e0 sa vitesse d&#039;impression de 22 pages par minute, vous profitez sans attendre d&#039;impressions nettes et de qualit\u00e9 professionnelle. Pour couronner le tout, sa cartouche d&#039;impression longue dur\u00e9e tout-en-un, qui allie une faible consommation d&#039;\u00e9nergie \u00e0 un rendement \u00e9lev\u00e9, permet de r\u00e9duire consid\u00e9rablement les co\u00fbts.   \u2022 Peu encombrante gr\u00e2ce \u00e0 sa petite taille  \u2022 Excellente r\u00e9solution de 1 200 x 600 ppp  \u2022 Capacit\u00e9 de 150 feuilles de papier  \u2022 Impression manuelle recto-verso\" \/>\n<meta property=\"og:url\" content=\"https:\/\/affectionate-mestorf.212-227-211-20.plesk.page\/index.php\/product\/imprimante-de-marque-ricoh-de-model-sp211-pas-chere-au-cameroun\/\" \/>\n<meta property=\"og:site_name\" content=\"Dream Millenium Computer\" \/>\n<meta name=\"twitter:card\" content=\"summary_large_image\" \/>\n<meta name=\"twitter:label1\" content=\"Dur\u00e9e de lecture estim\u00e9e\" \/>\n\t<meta name=\"twitter:data1\" content=\"1 minute\" \/>\n<script type=\"application\/ld+json\" class=\"yoast-schema-graph\">{\"@context\":\"https:\/\/schema.org\",\"@graph\":[{\"@type\":\"WebPage\",\"@id\":\"https:\/\/affectionate-mestorf.212-227-211-20.plesk.page\/index.php\/product\/imprimante-de-marque-ricoh-de-model-sp211-pas-chere-au-cameroun\/\",\"url\":\"https:\/\/affectionate-mestorf.212-227-211-20.plesk.page\/index.php\/product\/imprimante-de-marque-ricoh-de-model-sp211-pas-chere-au-cameroun\/\",\"name\":\"IMPRIMANTE DE MARQUE RICOH DE MODEL SP211 PAS CHERE AU CAMEROUN - Dream Millenium Computer\",\"isPartOf\":{\"@id\":\"https:\/\/affectionate-mestorf.212-227-211-20.plesk.page\/#website\"},\"datePublished\":\"2022-05-22T18:33:41+00:00\",\"dateModified\":\"2022-05-22T18:33:41+00:00\",\"breadcrumb\":{\"@id\":\"https:\/\/affectionate-mestorf.212-227-211-20.plesk.page\/index.php\/product\/imprimante-de-marque-ricoh-de-model-sp211-pas-chere-au-cameroun\/#breadcrumb\"},\"inLanguage\":\"fr-FR\",\"potentialAction\":[{\"@type\":\"ReadAction\",\"target\":[\"https:\/\/affectionate-mestorf.212-227-211-20.plesk.page\/index.php\/product\/imprimante-de-marque-ricoh-de-model-sp211-pas-chere-au-cameroun\/\"]}]},{\"@type\":\"BreadcrumbList\",\"@id\":\"https:\/\/affectionate-mestorf.212-227-211-20.plesk.page\/index.php\/product\/imprimante-de-marque-ricoh-de-model-sp211-pas-chere-au-cameroun\/#breadcrumb\",\"itemListElement\":[{\"@type\":\"ListItem\",\"position\":1,\"name\":\"Home\",\"item\":\"https:\/\/affectionate-mestorf.212-227-211-20.plesk.page\/\"},{\"@type\":\"ListItem\",\"position\":2,\"name\":\"Shop\",\"item\":\"https:\/\/affectionate-mestorf.212-227-211-20.plesk.page\/index.php\/shop\/\"},{\"@type\":\"ListItem\",\"position\":3,\"name\":\"IMPRIMANTE DE MARQUE RICOH DE MODEL SP211 PAS CHERE AU CAMEROUN\"}]},{\"@type\":\"WebSite\",\"@id\":\"https:\/\/affectionate-mestorf.212-227-211-20.plesk.page\/#website\",\"url\":\"https:\/\/affectionate-mestorf.212-227-211-20.plesk.page\/\",\"name\":\"Dream Millenium Computer\",\"description\":\"Vous servir, Notre R\u00eave\",\"potentialAction\":[{\"@type\":\"SearchAction\",\"target\":{\"@type\":\"EntryPoint\",\"urlTemplate\":\"https:\/\/affectionate-mestorf.212-227-211-20.plesk.page\/?s={search_term_string}\"},\"query-input\":\"required name=search_term_string\"}],\"inLanguage\":\"fr-FR\"}]}<\/script>\n<!-- \/ Yoast SEO plugin. -->","yoast_head_json":{"title":"IMPRIMANTE DE MARQUE RICOH DE MODEL SP211 PAS CHERE AU CAMEROUN - Dream Millenium Computer","robots":{"index":"index","follow":"follow","max-snippet":"max-snippet:-1","max-image-preview":"max-image-preview:large","max-video-preview":"max-video-preview:-1"},"canonical":"https:\/\/affectionate-mestorf.212-227-211-20.plesk.page\/index.php\/product\/imprimante-de-marque-ricoh-de-model-sp211-pas-chere-au-cameroun\/","og_locale":"fr_FR","og_type":"article","og_title":"IMPRIMANTE DE MARQUE RICOH DE MODEL SP211 PAS CHERE AU CAMEROUN - Dream Millenium Computer","og_description":"Suffisamment compact pour tenir sur un bureau et tellement silencieux qu'il passe inaper\u00e7u, le est l'imprimante A4 noir et blanc id\u00e9ale pour les petits espaces de travail au bureau et \u00e0 domicile. Toutes les op\u00e9rations s'effectuent depuis l'avant de l'appareil, ce qui le rend remarquablement simple d'utilisation. Gr\u00e2ce \u00e0 sa vitesse d'impression de 22 pages par minute, vous profitez sans attendre d'impressions nettes et de qualit\u00e9 professionnelle. Pour couronner le tout, sa cartouche d'impression longue dur\u00e9e tout-en-un, qui allie une faible consommation d'\u00e9nergie \u00e0 un rendement \u00e9lev\u00e9, permet de r\u00e9duire consid\u00e9rablement les co\u00fbts.   \u2022 Peu encombrante gr\u00e2ce \u00e0 sa petite taille  \u2022 Excellente r\u00e9solution de 1 200 x 600 ppp  \u2022 Capacit\u00e9 de 150 feuilles de papier  \u2022 Impression manuelle recto-verso","og_url":"https:\/\/affectionate-mestorf.212-227-211-20.plesk.page\/index.php\/product\/imprimante-de-marque-ricoh-de-model-sp211-pas-chere-au-cameroun\/","og_site_name":"Dream Millenium Computer","twitter_card":"summary_large_image","twitter_misc":{"Dur\u00e9e de lecture estim\u00e9e":"1 minute"},"schema":{"@context":"https:\/\/schema.org","@graph":[{"@type":"WebPage","@id":"https:\/\/affectionate-mestorf.212-227-211-20.plesk.page\/index.php\/product\/imprimante-de-marque-ricoh-de-model-sp211-pas-chere-au-cameroun\/","url":"https:\/\/affectionate-mestorf.212-227-211-20.plesk.page\/index.php\/product\/imprimante-de-marque-ricoh-de-model-sp211-pas-chere-au-cameroun\/","name":"IMPRIMANTE DE MARQUE RICOH DE MODEL SP211 PAS CHERE AU CAMEROUN - Dream Millenium Computer","isPartOf":{"@id":"https:\/\/affectionate-mestorf.212-227-211-20.plesk.page\/#website"},"datePublished":"2022-05-22T18:33:41+00:00","dateModified":"2022-05-22T18:33:41+00:00","breadcrumb":{"@id":"https:\/\/affectionate-mestorf.212-227-211-20.plesk.page\/index.php\/product\/imprimante-de-marque-ricoh-de-model-sp211-pas-chere-au-cameroun\/#breadcrumb"},"inLanguage":"fr-FR","potentialAction":[{"@type":"ReadAction","target":["https:\/\/affectionate-mestorf.212-227-211-20.plesk.page\/index.php\/product\/imprimante-de-marque-ricoh-de-model-sp211-pas-chere-au-cameroun\/"]}]},{"@type":"BreadcrumbList","@id":"https:\/\/affectionate-mestorf.212-227-211-20.plesk.page\/index.php\/product\/imprimante-de-marque-ricoh-de-model-sp211-pas-chere-au-cameroun\/#breadcrumb","itemListElement":[{"@type":"ListItem","position":1,"name":"Home","item":"https:\/\/affectionate-mestorf.212-227-211-20.plesk.page\/"},{"@type":"ListItem","position":2,"name":"Shop","item":"https:\/\/affectionate-mestorf.212-227-211-20.plesk.page\/index.php\/shop\/"},{"@type":"ListItem","position":3,"name":"IMPRIMANTE DE MARQUE RICOH DE MODEL SP211 PAS CHERE AU CAMEROUN"}]},{"@type":"WebSite","@id":"https:\/\/affectionate-mestorf.212-227-211-20.plesk.page\/#website","url":"https:\/\/affectionate-mestorf.212-227-211-20.plesk.page\/","name":"Dream Millenium Computer","description":"Vous servir, Notre R\u00eave","potentialAction":[{"@type":"SearchAction","target":{"@type":"EntryPoint","urlTemplate":"https:\/\/affectionate-mestorf.212-227-211-20.plesk.page\/?s={search_term_string}"},"query-input":"required name=search_term_string"}],"inLanguage":"fr-FR"}]}},"_links":{"self":[{"href":"https:\/\/affectionate-mestorf.212-227-211-20.plesk.page\/index.php\/wp-json\/wp\/v2\/product\/8738","targetHints":{"allow":["GET"]}}],"collection":[{"href":"https:\/\/affectionate-mestorf.212-227-211-20.plesk.page\/index.php\/wp-json\/wp\/v2\/product"}],"about":[{"href":"https:\/\/affectionate-mestorf.212-227-211-20.plesk.page\/index.php\/wp-json\/wp\/v2\/types\/product"}],"wp:featuredmedia":[{"embeddable":true,"href":"https:\/\/affectionate-mestorf.212-227-211-20.plesk.page\/index.php\/wp-json\/wp\/v2\/media\/8673"}],"wp:attachment":[{"href":"https:\/\/affectionate-mestorf.212-227-211-20.plesk.page\/index.php\/wp-json\/wp\/v2\/media?parent=8738"}],"wp:term":[{"taxonomy":"product_cat","embeddable":true,"href":"https:\/\/affectionate-mestorf.212-227-211-20.plesk.page\/index.php\/wp-json\/wp\/v2\/product_cat?post=8738"},{"taxonomy":"product_tag","embeddable":true,"href":"https:\/\/affectionate-mestorf.212-227-211-20.plesk.page\/index.php\/wp-json\/wp\/v2\/product_tag?post=8738"}],"curies":[{"name":"wp","href":"https:\/\/api.w.org\/{rel}","templated":true}]}}