{"id":8736,"date":"2022-05-22T18:33:40","date_gmt":"2022-05-22T18:33:40","guid":{"rendered":"https:\/\/affectionate-mestorf.212-227-211-20.plesk.page\/index.php\/product\/imprimante-de-marque-hp-de-model-8023-pas-chere-au-cameroun\/"},"modified":"2022-05-22T18:33:40","modified_gmt":"2022-05-22T18:33:40","slug":"imprimante-de-marque-hp-de-model-8023-pas-chere-au-cameroun","status":"publish","type":"product","link":"https:\/\/affectionate-mestorf.212-227-211-20.plesk.page\/index.php\/product\/imprimante-de-marque-hp-de-model-8023-pas-chere-au-cameroun\/","title":{"rendered":"IMPRIMANTE DE MARQUE HP DE MODEL 8023 PAS CHERE AU CAMEROUN"},"content":{"rendered":"<p>Technologie d&rsquo;impression Impression Officejet<\/p>\n<p> Fonctions Imprime ; Scan ; Copie ; Fax<br \/>\n Cartouches d&rsquo;impression HP 912 noir (300 pages) , HP 921 Cyan, Magenta, Yellow (315 pages)<br \/>\n Vitesse d&rsquo;impression Jusqu&rsquo;\u00e0 20 ppm<br \/>\n Qualit\u00e9 d&rsquo;impression Jusqu&rsquo;\u00e0 1200 x 1200 ppp<br \/>\n Cycle d&rsquo;utilisation Jusqu&rsquo;\u00e0 20 000 pages (mensuel, A4)<br \/>\n Connectivit\u00e9 USB 2.0, Gigabit LAN, WI-FI<br \/>\n Impression recto\/verso oui<br \/>\n Processeur 1200 MHz<br \/>\n Memoire 256 Mo<br \/>\n Capacit\u00e9 bac papier bac multifonction de 225 feuilles<br \/>\n Formats de supports pris en charge Bac universel 1 : A4, A5, A6, B5 (JIS), B6 (JIS), RA4, 10 x 15 cm, enveloppe (ISO DL, ISO C5, ISO C6, ISO B5)<br \/>\n Ecran Ecran tactique couleur LCD 2.7\u2019\u2019<br \/>\n Types de support pris en charge Enveloppes, papier uni, \u00e9tiquettes, papier recycl\u00e9, papier lourd, papier fin, cartes postales<br \/>\n Dimensions (l x p x h) 460 x 341 x 134 mm<br \/>\n Poids net 8,2 kg<br \/>\n C\u00e2ble fourni Non, acheter un c\u00e2ble USB s\u00e9par\u00e9ment<br \/>\n Consommation 21 w<\/p>\n","protected":false},"excerpt":{"rendered":"<p>Multifonction jet d&rsquo;encre HP OfficeJet Pro 8023<br \/>\n \u2022 Vitesse d&rsquo;impression : Jusqu&rsquo;\u00e0 20 ppm mono et 10 ppm couleur<br \/>\n \u2022 R\u00e9solution d&rsquo;impression monochrome : 1200 x 1200 ppp<br \/>\n \u2022 R\u00e9solution d&rsquo;impression couleur : 4800 x 1200 ppp<br \/>\n \u2022 Interface standard : 1 port Ethernet; 1 port sans fil 802.11b\/g\/n; 1 RJ-11 Fax<br \/>\n \u2022 Langages d\u2019impression : GUI HP PCL 3<br \/>\n \u2022 M\u00e9moire (std\/max) : 256 Mo \/ 256 Mo<br \/>\n \u2022 Format max. du papier : A4<br \/>\n \u2022 Alimentation papier (std) : 225 feuilles bac multiformat<br \/>\n \u2022 Alimentation papier (max): 225 feuilles<br \/>\n \u2022 Indication utilisateur : \u00c9cran tactile LCD (couleur) d&rsquo;une taille de 6,86 cm (2,7&Prime;)<br \/>\n \u2022 R\u00e9solution optique : 1200 x 1200 ppp<br \/>\n \u2022 Vitesse copieur : 13 cpm mono et 7 cpm en couleurs<br \/>\n \u2022 Fax autonome : Oui \/ 33,6 Kb\/s<br \/>\n \u2022 Dimensions (L x P x H) : 460 x 341,2 x 234 mm pour un poids de 8,2 Kg<\/p>\n","protected":false},"featured_media":8669,"template":"","meta":[],"product_cat":[204],"product_tag":[],"class_list":["post-8736","product","type-product","status-publish","has-post-thumbnail","hentry","product_cat-imprimante"],"yoast_head":"<!-- This site is optimized with the Yoast SEO plugin v19.9 - https:\/\/yoast.com\/wordpress\/plugins\/seo\/ -->\n<title>IMPRIMANTE DE MARQUE HP DE MODEL 8023 PAS CHERE AU CAMEROUN - Dream Millenium Computer<\/title>\n<meta name=\"robots\" content=\"index, follow, max-snippet:-1, max-image-preview:large, max-video-preview:-1\" \/>\n<link rel=\"canonical\" href=\"https:\/\/affectionate-mestorf.212-227-211-20.plesk.page\/index.php\/product\/imprimante-de-marque-hp-de-model-8023-pas-chere-au-cameroun\/\" \/>\n<meta property=\"og:locale\" content=\"fr_FR\" \/>\n<meta property=\"og:type\" content=\"article\" \/>\n<meta property=\"og:title\" content=\"IMPRIMANTE DE MARQUE HP DE MODEL 8023 PAS CHERE AU CAMEROUN - Dream Millenium Computer\" \/>\n<meta property=\"og:description\" content=\"Multifonction jet d&#039;encre HP OfficeJet Pro 8023  \u2022 Vitesse d&#039;impression : Jusqu&#039;\u00e0 20 ppm mono et 10 ppm couleur  \u2022 R\u00e9solution d&#039;impression monochrome : 1200 x 1200 ppp  \u2022 R\u00e9solution d&#039;impression couleur : 4800 x 1200 ppp  \u2022 Interface standard : 1 port Ethernet; 1 port sans fil 802.11b\/g\/n; 1 RJ-11 Fax  \u2022 Langages d\u2019impression : GUI HP PCL 3  \u2022 M\u00e9moire (std\/max) : 256 Mo \/ 256 Mo  \u2022 Format max. du papier : A4  \u2022 Alimentation papier (std) : 225 feuilles bac multiformat  \u2022 Alimentation papier (max): 225 feuilles  \u2022 Indication utilisateur : \u00c9cran tactile LCD (couleur) d&#039;une taille de 6,86 cm (2,7&quot;)  \u2022 R\u00e9solution optique : 1200 x 1200 ppp  \u2022 Vitesse copieur : 13 cpm mono et 7 cpm en couleurs  \u2022 Fax autonome : Oui \/ 33,6 Kb\/s  \u2022 Dimensions (L x P x H) : 460 x 341,2 x 234 mm pour un poids de 8,2 Kg\" \/>\n<meta property=\"og:url\" content=\"https:\/\/affectionate-mestorf.212-227-211-20.plesk.page\/index.php\/product\/imprimante-de-marque-hp-de-model-8023-pas-chere-au-cameroun\/\" \/>\n<meta property=\"og:site_name\" content=\"Dream Millenium Computer\" \/>\n<meta name=\"twitter:card\" content=\"summary_large_image\" \/>\n<meta name=\"twitter:label1\" content=\"Dur\u00e9e de lecture estim\u00e9e\" \/>\n\t<meta name=\"twitter:data1\" content=\"1 minute\" \/>\n<script type=\"application\/ld+json\" class=\"yoast-schema-graph\">{\"@context\":\"https:\/\/schema.org\",\"@graph\":[{\"@type\":\"WebPage\",\"@id\":\"https:\/\/affectionate-mestorf.212-227-211-20.plesk.page\/index.php\/product\/imprimante-de-marque-hp-de-model-8023-pas-chere-au-cameroun\/\",\"url\":\"https:\/\/affectionate-mestorf.212-227-211-20.plesk.page\/index.php\/product\/imprimante-de-marque-hp-de-model-8023-pas-chere-au-cameroun\/\",\"name\":\"IMPRIMANTE DE MARQUE HP DE MODEL 8023 PAS CHERE AU CAMEROUN - Dream Millenium Computer\",\"isPartOf\":{\"@id\":\"https:\/\/affectionate-mestorf.212-227-211-20.plesk.page\/#website\"},\"datePublished\":\"2022-05-22T18:33:40+00:00\",\"dateModified\":\"2022-05-22T18:33:40+00:00\",\"breadcrumb\":{\"@id\":\"https:\/\/affectionate-mestorf.212-227-211-20.plesk.page\/index.php\/product\/imprimante-de-marque-hp-de-model-8023-pas-chere-au-cameroun\/#breadcrumb\"},\"inLanguage\":\"fr-FR\",\"potentialAction\":[{\"@type\":\"ReadAction\",\"target\":[\"https:\/\/affectionate-mestorf.212-227-211-20.plesk.page\/index.php\/product\/imprimante-de-marque-hp-de-model-8023-pas-chere-au-cameroun\/\"]}]},{\"@type\":\"BreadcrumbList\",\"@id\":\"https:\/\/affectionate-mestorf.212-227-211-20.plesk.page\/index.php\/product\/imprimante-de-marque-hp-de-model-8023-pas-chere-au-cameroun\/#breadcrumb\",\"itemListElement\":[{\"@type\":\"ListItem\",\"position\":1,\"name\":\"Home\",\"item\":\"https:\/\/affectionate-mestorf.212-227-211-20.plesk.page\/\"},{\"@type\":\"ListItem\",\"position\":2,\"name\":\"Shop\",\"item\":\"https:\/\/affectionate-mestorf.212-227-211-20.plesk.page\/index.php\/shop\/\"},{\"@type\":\"ListItem\",\"position\":3,\"name\":\"IMPRIMANTE DE MARQUE HP DE MODEL 8023 PAS CHERE AU CAMEROUN\"}]},{\"@type\":\"WebSite\",\"@id\":\"https:\/\/affectionate-mestorf.212-227-211-20.plesk.page\/#website\",\"url\":\"https:\/\/affectionate-mestorf.212-227-211-20.plesk.page\/\",\"name\":\"Dream Millenium Computer\",\"description\":\"Vous servir, Notre R\u00eave\",\"potentialAction\":[{\"@type\":\"SearchAction\",\"target\":{\"@type\":\"EntryPoint\",\"urlTemplate\":\"https:\/\/affectionate-mestorf.212-227-211-20.plesk.page\/?s={search_term_string}\"},\"query-input\":\"required name=search_term_string\"}],\"inLanguage\":\"fr-FR\"}]}<\/script>\n<!-- \/ Yoast SEO plugin. -->","yoast_head_json":{"title":"IMPRIMANTE DE MARQUE HP DE MODEL 8023 PAS CHERE AU CAMEROUN - Dream Millenium Computer","robots":{"index":"index","follow":"follow","max-snippet":"max-snippet:-1","max-image-preview":"max-image-preview:large","max-video-preview":"max-video-preview:-1"},"canonical":"https:\/\/affectionate-mestorf.212-227-211-20.plesk.page\/index.php\/product\/imprimante-de-marque-hp-de-model-8023-pas-chere-au-cameroun\/","og_locale":"fr_FR","og_type":"article","og_title":"IMPRIMANTE DE MARQUE HP DE MODEL 8023 PAS CHERE AU CAMEROUN - Dream Millenium Computer","og_description":"Multifonction jet d'encre HP OfficeJet Pro 8023  \u2022 Vitesse d'impression : Jusqu'\u00e0 20 ppm mono et 10 ppm couleur  \u2022 R\u00e9solution d'impression monochrome : 1200 x 1200 ppp  \u2022 R\u00e9solution d'impression couleur : 4800 x 1200 ppp  \u2022 Interface standard : 1 port Ethernet; 1 port sans fil 802.11b\/g\/n; 1 RJ-11 Fax  \u2022 Langages d\u2019impression : GUI HP PCL 3  \u2022 M\u00e9moire (std\/max) : 256 Mo \/ 256 Mo  \u2022 Format max. du papier : A4  \u2022 Alimentation papier (std) : 225 feuilles bac multiformat  \u2022 Alimentation papier (max): 225 feuilles  \u2022 Indication utilisateur : \u00c9cran tactile LCD (couleur) d'une taille de 6,86 cm (2,7\")  \u2022 R\u00e9solution optique : 1200 x 1200 ppp  \u2022 Vitesse copieur : 13 cpm mono et 7 cpm en couleurs  \u2022 Fax autonome : Oui \/ 33,6 Kb\/s  \u2022 Dimensions (L x P x H) : 460 x 341,2 x 234 mm pour un poids de 8,2 Kg","og_url":"https:\/\/affectionate-mestorf.212-227-211-20.plesk.page\/index.php\/product\/imprimante-de-marque-hp-de-model-8023-pas-chere-au-cameroun\/","og_site_name":"Dream Millenium Computer","twitter_card":"summary_large_image","twitter_misc":{"Dur\u00e9e de lecture estim\u00e9e":"1 minute"},"schema":{"@context":"https:\/\/schema.org","@graph":[{"@type":"WebPage","@id":"https:\/\/affectionate-mestorf.212-227-211-20.plesk.page\/index.php\/product\/imprimante-de-marque-hp-de-model-8023-pas-chere-au-cameroun\/","url":"https:\/\/affectionate-mestorf.212-227-211-20.plesk.page\/index.php\/product\/imprimante-de-marque-hp-de-model-8023-pas-chere-au-cameroun\/","name":"IMPRIMANTE DE MARQUE HP DE MODEL 8023 PAS CHERE AU CAMEROUN - Dream Millenium Computer","isPartOf":{"@id":"https:\/\/affectionate-mestorf.212-227-211-20.plesk.page\/#website"},"datePublished":"2022-05-22T18:33:40+00:00","dateModified":"2022-05-22T18:33:40+00:00","breadcrumb":{"@id":"https:\/\/affectionate-mestorf.212-227-211-20.plesk.page\/index.php\/product\/imprimante-de-marque-hp-de-model-8023-pas-chere-au-cameroun\/#breadcrumb"},"inLanguage":"fr-FR","potentialAction":[{"@type":"ReadAction","target":["https:\/\/affectionate-mestorf.212-227-211-20.plesk.page\/index.php\/product\/imprimante-de-marque-hp-de-model-8023-pas-chere-au-cameroun\/"]}]},{"@type":"BreadcrumbList","@id":"https:\/\/affectionate-mestorf.212-227-211-20.plesk.page\/index.php\/product\/imprimante-de-marque-hp-de-model-8023-pas-chere-au-cameroun\/#breadcrumb","itemListElement":[{"@type":"ListItem","position":1,"name":"Home","item":"https:\/\/affectionate-mestorf.212-227-211-20.plesk.page\/"},{"@type":"ListItem","position":2,"name":"Shop","item":"https:\/\/affectionate-mestorf.212-227-211-20.plesk.page\/index.php\/shop\/"},{"@type":"ListItem","position":3,"name":"IMPRIMANTE DE MARQUE HP DE MODEL 8023 PAS CHERE AU CAMEROUN"}]},{"@type":"WebSite","@id":"https:\/\/affectionate-mestorf.212-227-211-20.plesk.page\/#website","url":"https:\/\/affectionate-mestorf.212-227-211-20.plesk.page\/","name":"Dream Millenium Computer","description":"Vous servir, Notre R\u00eave","potentialAction":[{"@type":"SearchAction","target":{"@type":"EntryPoint","urlTemplate":"https:\/\/affectionate-mestorf.212-227-211-20.plesk.page\/?s={search_term_string}"},"query-input":"required name=search_term_string"}],"inLanguage":"fr-FR"}]}},"_links":{"self":[{"href":"https:\/\/affectionate-mestorf.212-227-211-20.plesk.page\/index.php\/wp-json\/wp\/v2\/product\/8736","targetHints":{"allow":["GET"]}}],"collection":[{"href":"https:\/\/affectionate-mestorf.212-227-211-20.plesk.page\/index.php\/wp-json\/wp\/v2\/product"}],"about":[{"href":"https:\/\/affectionate-mestorf.212-227-211-20.plesk.page\/index.php\/wp-json\/wp\/v2\/types\/product"}],"wp:featuredmedia":[{"embeddable":true,"href":"https:\/\/affectionate-mestorf.212-227-211-20.plesk.page\/index.php\/wp-json\/wp\/v2\/media\/8669"}],"wp:attachment":[{"href":"https:\/\/affectionate-mestorf.212-227-211-20.plesk.page\/index.php\/wp-json\/wp\/v2\/media?parent=8736"}],"wp:term":[{"taxonomy":"product_cat","embeddable":true,"href":"https:\/\/affectionate-mestorf.212-227-211-20.plesk.page\/index.php\/wp-json\/wp\/v2\/product_cat?post=8736"},{"taxonomy":"product_tag","embeddable":true,"href":"https:\/\/affectionate-mestorf.212-227-211-20.plesk.page\/index.php\/wp-json\/wp\/v2\/product_tag?post=8736"}],"curies":[{"name":"wp","href":"https:\/\/api.w.org\/{rel}","templated":true}]}}