{"id":8734,"date":"2022-05-22T18:33:40","date_gmt":"2022-05-22T18:33:40","guid":{"rendered":"https:\/\/affectionate-mestorf.212-227-211-20.plesk.page\/index.php\/product\/imprimante-de-marque-canon-de-model-2540s-pas-chere-au-cameroun\/"},"modified":"2022-05-22T18:33:40","modified_gmt":"2022-05-22T18:33:40","slug":"imprimante-de-marque-canon-de-model-2540s-pas-chere-au-cameroun","status":"publish","type":"product","link":"https:\/\/affectionate-mestorf.212-227-211-20.plesk.page\/index.php\/product\/imprimante-de-marque-canon-de-model-2540s-pas-chere-au-cameroun\/","title":{"rendered":"IMPRIMANTE DE MARQUE CANON DE MODEL 2540S PAS CHERE AU CAMEROUN"},"content":{"rendered":"<p>Technologie d&rsquo;impression Impression Jet d\u2019encre<br \/>\n Fonctions Imprime ; Scan ; Copie<br \/>\n Cartouches d&rsquo;impression 445 noir (180 pages) ; 446 couleur (180 pages)<br \/>\n Vitesse d&rsquo;impression Jusqu&rsquo;\u00e0 8 ppm<br \/>\n Qualit\u00e9 d&rsquo;impression Jusqu&rsquo;\u00e0 4800 x 600 ppp<br \/>\n Cycle d&rsquo;utilisation Jusqu&rsquo;\u00e0 1000 pages (mensuel, A4)<br \/>\n Connectivit\u00e9 1 port USB haut d\u00e9bit 2.0<br \/>\n Impression recto\/verso Non<br \/>\n Processeur non<br \/>\n Memoire non<br \/>\n Capacit\u00e9 bac papier bac multifonction de 60 feuilles<br \/>\n Formats de supports pris en charge Bac universel 1 : A4, A5, A6, B5 (JIS), B6 (JIS), RA4, 10 x 15 cm, enveloppe (ISO DL, ISO C5, ISO C6, ISO B5)<br \/>\n Types de support pris en charge Papier uni, papier photo<br \/>\n Dimensions (l x p x h) 426 x 145 x 306 mm<br \/>\n Poids net 35 kg<br \/>\n C\u00e2ble fourni Non, acheter un c\u00e2ble USB s\u00e9par\u00e9ment<\/p>\n","protected":false},"excerpt":{"rendered":"<p>mpression, copie et scan<br \/>\n Vitesse d&rsquo;impression noir: 8 pages\/min en norme ISO<br \/>\n Vitesse d&rsquo;impression couleur: 4 pages\/min en norme ISO<br \/>\n Qualit\u00e9 d&rsquo;impression noire: Jusqu&rsquo;\u00e0 4800 \u00d7 600 DPI (ppp)<br \/>\n Qualit\u00e9 d&rsquo;impression couleur: Jusqu&rsquo;\u00e0 4800 \u00d7 600 DPI (ppp)<br \/>\n Impression recto\/verso: Manuelle<br \/>\n Fonctionne avec: 2 Cartouches (1 noir, 1 couleur : cyan, magenta, jaune)<br \/>\n Connectivit\u00e9: 1 port USB 2.0<\/p>\n","protected":false},"featured_media":8665,"template":"","meta":[],"product_cat":[204],"product_tag":[],"class_list":["post-8734","product","type-product","status-publish","has-post-thumbnail","hentry","product_cat-imprimante"],"yoast_head":"<!-- This site is optimized with the Yoast SEO plugin v19.9 - https:\/\/yoast.com\/wordpress\/plugins\/seo\/ -->\n<title>IMPRIMANTE DE MARQUE CANON DE MODEL 2540S PAS CHERE AU CAMEROUN - Dream Millenium Computer<\/title>\n<meta name=\"robots\" content=\"index, follow, max-snippet:-1, max-image-preview:large, max-video-preview:-1\" \/>\n<link rel=\"canonical\" href=\"https:\/\/affectionate-mestorf.212-227-211-20.plesk.page\/index.php\/product\/imprimante-de-marque-canon-de-model-2540s-pas-chere-au-cameroun\/\" \/>\n<meta property=\"og:locale\" content=\"fr_FR\" \/>\n<meta property=\"og:type\" content=\"article\" \/>\n<meta property=\"og:title\" content=\"IMPRIMANTE DE MARQUE CANON DE MODEL 2540S PAS CHERE AU CAMEROUN - Dream Millenium Computer\" \/>\n<meta property=\"og:description\" content=\"mpression, copie et scan  Vitesse d&#039;impression noir: 8 pages\/min en norme ISO  Vitesse d&#039;impression couleur: 4 pages\/min en norme ISO  Qualit\u00e9 d&#039;impression noire: Jusqu&#039;\u00e0 4800 \u00d7 600 DPI (ppp)  Qualit\u00e9 d&#039;impression couleur: Jusqu&#039;\u00e0 4800 \u00d7 600 DPI (ppp)  Impression recto\/verso: Manuelle  Fonctionne avec: 2 Cartouches (1 noir, 1 couleur : cyan, magenta, jaune)  Connectivit\u00e9: 1 port USB 2.0\" \/>\n<meta property=\"og:url\" content=\"https:\/\/affectionate-mestorf.212-227-211-20.plesk.page\/index.php\/product\/imprimante-de-marque-canon-de-model-2540s-pas-chere-au-cameroun\/\" \/>\n<meta property=\"og:site_name\" content=\"Dream Millenium Computer\" \/>\n<meta name=\"twitter:card\" content=\"summary_large_image\" \/>\n<meta name=\"twitter:label1\" content=\"Dur\u00e9e de lecture estim\u00e9e\" \/>\n\t<meta name=\"twitter:data1\" content=\"1 minute\" \/>\n<script type=\"application\/ld+json\" class=\"yoast-schema-graph\">{\"@context\":\"https:\/\/schema.org\",\"@graph\":[{\"@type\":\"WebPage\",\"@id\":\"https:\/\/affectionate-mestorf.212-227-211-20.plesk.page\/index.php\/product\/imprimante-de-marque-canon-de-model-2540s-pas-chere-au-cameroun\/\",\"url\":\"https:\/\/affectionate-mestorf.212-227-211-20.plesk.page\/index.php\/product\/imprimante-de-marque-canon-de-model-2540s-pas-chere-au-cameroun\/\",\"name\":\"IMPRIMANTE DE MARQUE CANON DE MODEL 2540S PAS CHERE AU CAMEROUN - Dream Millenium Computer\",\"isPartOf\":{\"@id\":\"https:\/\/affectionate-mestorf.212-227-211-20.plesk.page\/#website\"},\"datePublished\":\"2022-05-22T18:33:40+00:00\",\"dateModified\":\"2022-05-22T18:33:40+00:00\",\"breadcrumb\":{\"@id\":\"https:\/\/affectionate-mestorf.212-227-211-20.plesk.page\/index.php\/product\/imprimante-de-marque-canon-de-model-2540s-pas-chere-au-cameroun\/#breadcrumb\"},\"inLanguage\":\"fr-FR\",\"potentialAction\":[{\"@type\":\"ReadAction\",\"target\":[\"https:\/\/affectionate-mestorf.212-227-211-20.plesk.page\/index.php\/product\/imprimante-de-marque-canon-de-model-2540s-pas-chere-au-cameroun\/\"]}]},{\"@type\":\"BreadcrumbList\",\"@id\":\"https:\/\/affectionate-mestorf.212-227-211-20.plesk.page\/index.php\/product\/imprimante-de-marque-canon-de-model-2540s-pas-chere-au-cameroun\/#breadcrumb\",\"itemListElement\":[{\"@type\":\"ListItem\",\"position\":1,\"name\":\"Home\",\"item\":\"https:\/\/affectionate-mestorf.212-227-211-20.plesk.page\/\"},{\"@type\":\"ListItem\",\"position\":2,\"name\":\"Shop\",\"item\":\"https:\/\/affectionate-mestorf.212-227-211-20.plesk.page\/index.php\/shop\/\"},{\"@type\":\"ListItem\",\"position\":3,\"name\":\"IMPRIMANTE DE MARQUE CANON DE MODEL 2540S PAS CHERE AU CAMEROUN\"}]},{\"@type\":\"WebSite\",\"@id\":\"https:\/\/affectionate-mestorf.212-227-211-20.plesk.page\/#website\",\"url\":\"https:\/\/affectionate-mestorf.212-227-211-20.plesk.page\/\",\"name\":\"Dream Millenium Computer\",\"description\":\"Vous servir, Notre R\u00eave\",\"potentialAction\":[{\"@type\":\"SearchAction\",\"target\":{\"@type\":\"EntryPoint\",\"urlTemplate\":\"https:\/\/affectionate-mestorf.212-227-211-20.plesk.page\/?s={search_term_string}\"},\"query-input\":\"required name=search_term_string\"}],\"inLanguage\":\"fr-FR\"}]}<\/script>\n<!-- \/ Yoast SEO plugin. -->","yoast_head_json":{"title":"IMPRIMANTE DE MARQUE CANON DE MODEL 2540S PAS CHERE AU CAMEROUN - Dream Millenium Computer","robots":{"index":"index","follow":"follow","max-snippet":"max-snippet:-1","max-image-preview":"max-image-preview:large","max-video-preview":"max-video-preview:-1"},"canonical":"https:\/\/affectionate-mestorf.212-227-211-20.plesk.page\/index.php\/product\/imprimante-de-marque-canon-de-model-2540s-pas-chere-au-cameroun\/","og_locale":"fr_FR","og_type":"article","og_title":"IMPRIMANTE DE MARQUE CANON DE MODEL 2540S PAS CHERE AU CAMEROUN - Dream Millenium Computer","og_description":"mpression, copie et scan  Vitesse d'impression noir: 8 pages\/min en norme ISO  Vitesse d'impression couleur: 4 pages\/min en norme ISO  Qualit\u00e9 d'impression noire: Jusqu'\u00e0 4800 \u00d7 600 DPI (ppp)  Qualit\u00e9 d'impression couleur: Jusqu'\u00e0 4800 \u00d7 600 DPI (ppp)  Impression recto\/verso: Manuelle  Fonctionne avec: 2 Cartouches (1 noir, 1 couleur : cyan, magenta, jaune)  Connectivit\u00e9: 1 port USB 2.0","og_url":"https:\/\/affectionate-mestorf.212-227-211-20.plesk.page\/index.php\/product\/imprimante-de-marque-canon-de-model-2540s-pas-chere-au-cameroun\/","og_site_name":"Dream Millenium Computer","twitter_card":"summary_large_image","twitter_misc":{"Dur\u00e9e de lecture estim\u00e9e":"1 minute"},"schema":{"@context":"https:\/\/schema.org","@graph":[{"@type":"WebPage","@id":"https:\/\/affectionate-mestorf.212-227-211-20.plesk.page\/index.php\/product\/imprimante-de-marque-canon-de-model-2540s-pas-chere-au-cameroun\/","url":"https:\/\/affectionate-mestorf.212-227-211-20.plesk.page\/index.php\/product\/imprimante-de-marque-canon-de-model-2540s-pas-chere-au-cameroun\/","name":"IMPRIMANTE DE MARQUE CANON DE MODEL 2540S PAS CHERE AU CAMEROUN - Dream Millenium Computer","isPartOf":{"@id":"https:\/\/affectionate-mestorf.212-227-211-20.plesk.page\/#website"},"datePublished":"2022-05-22T18:33:40+00:00","dateModified":"2022-05-22T18:33:40+00:00","breadcrumb":{"@id":"https:\/\/affectionate-mestorf.212-227-211-20.plesk.page\/index.php\/product\/imprimante-de-marque-canon-de-model-2540s-pas-chere-au-cameroun\/#breadcrumb"},"inLanguage":"fr-FR","potentialAction":[{"@type":"ReadAction","target":["https:\/\/affectionate-mestorf.212-227-211-20.plesk.page\/index.php\/product\/imprimante-de-marque-canon-de-model-2540s-pas-chere-au-cameroun\/"]}]},{"@type":"BreadcrumbList","@id":"https:\/\/affectionate-mestorf.212-227-211-20.plesk.page\/index.php\/product\/imprimante-de-marque-canon-de-model-2540s-pas-chere-au-cameroun\/#breadcrumb","itemListElement":[{"@type":"ListItem","position":1,"name":"Home","item":"https:\/\/affectionate-mestorf.212-227-211-20.plesk.page\/"},{"@type":"ListItem","position":2,"name":"Shop","item":"https:\/\/affectionate-mestorf.212-227-211-20.plesk.page\/index.php\/shop\/"},{"@type":"ListItem","position":3,"name":"IMPRIMANTE DE MARQUE CANON DE MODEL 2540S PAS CHERE AU CAMEROUN"}]},{"@type":"WebSite","@id":"https:\/\/affectionate-mestorf.212-227-211-20.plesk.page\/#website","url":"https:\/\/affectionate-mestorf.212-227-211-20.plesk.page\/","name":"Dream Millenium Computer","description":"Vous servir, Notre R\u00eave","potentialAction":[{"@type":"SearchAction","target":{"@type":"EntryPoint","urlTemplate":"https:\/\/affectionate-mestorf.212-227-211-20.plesk.page\/?s={search_term_string}"},"query-input":"required name=search_term_string"}],"inLanguage":"fr-FR"}]}},"_links":{"self":[{"href":"https:\/\/affectionate-mestorf.212-227-211-20.plesk.page\/index.php\/wp-json\/wp\/v2\/product\/8734","targetHints":{"allow":["GET"]}}],"collection":[{"href":"https:\/\/affectionate-mestorf.212-227-211-20.plesk.page\/index.php\/wp-json\/wp\/v2\/product"}],"about":[{"href":"https:\/\/affectionate-mestorf.212-227-211-20.plesk.page\/index.php\/wp-json\/wp\/v2\/types\/product"}],"wp:featuredmedia":[{"embeddable":true,"href":"https:\/\/affectionate-mestorf.212-227-211-20.plesk.page\/index.php\/wp-json\/wp\/v2\/media\/8665"}],"wp:attachment":[{"href":"https:\/\/affectionate-mestorf.212-227-211-20.plesk.page\/index.php\/wp-json\/wp\/v2\/media?parent=8734"}],"wp:term":[{"taxonomy":"product_cat","embeddable":true,"href":"https:\/\/affectionate-mestorf.212-227-211-20.plesk.page\/index.php\/wp-json\/wp\/v2\/product_cat?post=8734"},{"taxonomy":"product_tag","embeddable":true,"href":"https:\/\/affectionate-mestorf.212-227-211-20.plesk.page\/index.php\/wp-json\/wp\/v2\/product_tag?post=8734"}],"curies":[{"name":"wp","href":"https:\/\/api.w.org\/{rel}","templated":true}]}}