{"id":8733,"date":"2022-05-22T18:33:40","date_gmt":"2022-05-22T18:33:40","guid":{"rendered":"https:\/\/affectionate-mestorf.212-227-211-20.plesk.page\/index.php\/product\/imprimante-de-marque-hp-de-model-283-fdw-pas-chere-au-cameroun\/"},"modified":"2022-05-22T18:33:40","modified_gmt":"2022-05-22T18:33:40","slug":"imprimante-de-marque-hp-de-model-283-fdw-pas-chere-au-cameroun","status":"publish","type":"product","link":"https:\/\/affectionate-mestorf.212-227-211-20.plesk.page\/index.php\/product\/imprimante-de-marque-hp-de-model-283-fdw-pas-chere-au-cameroun\/","title":{"rendered":"IMPRIMANTE DE MARQUE HP DE MODEL 283 FDW PAS CHERE AU CAMEROUN"},"content":{"rendered":"<p>Technologie d&rsquo;impression Impression laser couleur<br \/>\n Fonctions Imprime ; Scan ; Copie ; Fax<br \/>\n Cartouches d&rsquo;impression HP 207A noir (1350 pages) ; HP 207A Cyan, Magenta, Yellow (1250 pages)<br \/>\n Vitesse d&rsquo;impression Jusqu&rsquo;\u00e0 21 ppm<br \/>\n Qualit\u00e9 d&rsquo;impression Jusqu&rsquo;\u00e0 600 x 600 ppp<br \/>\n Cycle d&rsquo;utilisation Jusqu&rsquo;\u00e0 40 000 pages (mensuel, A4)<br \/>\n Connectivit\u00e9 USB 2.0, Gigabit LAN, Wi-Fi(n), h\u00f4te USB 2.0<br \/>\n Impression recto\/verso oui<br \/>\n Memoire 256 Mo<br \/>\n Capacit\u00e9 bac papier bac multifonction de 250 feuilles<br \/>\n Formats de supports pris en charge Bac universel 1 : A4, A5, A6, B5 (JIS), B6 (JIS), RA4, 10 x 15 cm, enveloppe (ISO DL, ISO C5, ISO C6, ISO B5)<br \/>\n Ecran Ecran tactique couleur LCD 2.7\u2019\u2019<br \/>\n Types de support pris en charge Enveloppes, papier uni, \u00e9tiquettes, papier recycl\u00e9, papier lourd, papier fin, cartes postales<br \/>\n Dimensions (l x p x h) 334 x 421 x 420 mm<br \/>\n Poids net 18,7 kg<br \/>\n C\u00e2ble fourni Non, acheter un c\u00e2ble USB s\u00e9par\u00e9ment<br \/>\n Consommation 361 w<\/p>\n","protected":false},"excerpt":{"rendered":"<p>Avec la HP Color LaserJet Pro M283fdw, imprimez des documents couleur de grande qualit\u00e9, page apr\u00e8s page, et effectuez des t\u00e2ches d\u2019impression en toute confiance afin d&rsquo;augmenter votre productivit\u00e9.<\/p>\n<p>  Offrez-vous l&rsquo;impression recto-verso automatique, et traitez les t\u00e2ches en un clin d&rsquo;\u0153il avec le chargeur automatique de documents (ADF) de 50 pages<br \/>\n  Num\u00e9risez des fichiers num\u00e9riques directement vers un e-mail, des dossiers r\u00e9seau, et plus encore. Prot\u00e9gez vos donn\u00e9es, vos p\u00e9riph\u00e9riques et vos documents<br \/>\n  Restez productif et ajoutez du papier moins souvent gr\u00e2ce \u00e0 un bac de 250 feuilles<br \/>\n  Rapidit\u00e9 gr\u00e2ce \u00e0 des documents de plusieurs pages avec impression recto-verso automatique<\/p>\n","protected":false},"featured_media":8663,"template":"","meta":[],"product_cat":[204],"product_tag":[],"class_list":["post-8733","product","type-product","status-publish","has-post-thumbnail","hentry","product_cat-imprimante"],"yoast_head":"<!-- This site is optimized with the Yoast SEO plugin v19.9 - https:\/\/yoast.com\/wordpress\/plugins\/seo\/ -->\n<title>IMPRIMANTE DE MARQUE HP DE MODEL 283 FDW PAS CHERE AU CAMEROUN - Dream Millenium Computer<\/title>\n<meta name=\"robots\" content=\"index, follow, max-snippet:-1, max-image-preview:large, max-video-preview:-1\" \/>\n<link rel=\"canonical\" href=\"https:\/\/affectionate-mestorf.212-227-211-20.plesk.page\/index.php\/product\/imprimante-de-marque-hp-de-model-283-fdw-pas-chere-au-cameroun\/\" \/>\n<meta property=\"og:locale\" content=\"fr_FR\" \/>\n<meta property=\"og:type\" content=\"article\" \/>\n<meta property=\"og:title\" content=\"IMPRIMANTE DE MARQUE HP DE MODEL 283 FDW PAS CHERE AU CAMEROUN - Dream Millenium Computer\" \/>\n<meta property=\"og:description\" content=\"Avec la HP Color LaserJet Pro M283fdw, imprimez des documents couleur de grande qualit\u00e9, page apr\u00e8s page, et effectuez des t\u00e2ches d\u2019impression en toute confiance afin d&#039;augmenter votre productivit\u00e9.      Offrez-vous l&#039;impression recto-verso automatique, et traitez les t\u00e2ches en un clin d&#039;\u0153il avec le chargeur automatique de documents (ADF) de 50 pages  Num\u00e9risez des fichiers num\u00e9riques directement vers un e-mail, des dossiers r\u00e9seau, et plus encore. Prot\u00e9gez vos donn\u00e9es, vos p\u00e9riph\u00e9riques et vos documents  Restez productif et ajoutez du papier moins souvent gr\u00e2ce \u00e0 un bac de 250 feuilles  Rapidit\u00e9 gr\u00e2ce \u00e0 des documents de plusieurs pages avec impression recto-verso automatique\" \/>\n<meta property=\"og:url\" content=\"https:\/\/affectionate-mestorf.212-227-211-20.plesk.page\/index.php\/product\/imprimante-de-marque-hp-de-model-283-fdw-pas-chere-au-cameroun\/\" \/>\n<meta property=\"og:site_name\" content=\"Dream Millenium Computer\" \/>\n<meta name=\"twitter:card\" content=\"summary_large_image\" \/>\n<meta name=\"twitter:label1\" content=\"Dur\u00e9e de lecture estim\u00e9e\" \/>\n\t<meta name=\"twitter:data1\" content=\"1 minute\" \/>\n<script type=\"application\/ld+json\" class=\"yoast-schema-graph\">{\"@context\":\"https:\/\/schema.org\",\"@graph\":[{\"@type\":\"WebPage\",\"@id\":\"https:\/\/affectionate-mestorf.212-227-211-20.plesk.page\/index.php\/product\/imprimante-de-marque-hp-de-model-283-fdw-pas-chere-au-cameroun\/\",\"url\":\"https:\/\/affectionate-mestorf.212-227-211-20.plesk.page\/index.php\/product\/imprimante-de-marque-hp-de-model-283-fdw-pas-chere-au-cameroun\/\",\"name\":\"IMPRIMANTE DE MARQUE HP DE MODEL 283 FDW PAS CHERE AU CAMEROUN - Dream Millenium Computer\",\"isPartOf\":{\"@id\":\"https:\/\/affectionate-mestorf.212-227-211-20.plesk.page\/#website\"},\"datePublished\":\"2022-05-22T18:33:40+00:00\",\"dateModified\":\"2022-05-22T18:33:40+00:00\",\"breadcrumb\":{\"@id\":\"https:\/\/affectionate-mestorf.212-227-211-20.plesk.page\/index.php\/product\/imprimante-de-marque-hp-de-model-283-fdw-pas-chere-au-cameroun\/#breadcrumb\"},\"inLanguage\":\"fr-FR\",\"potentialAction\":[{\"@type\":\"ReadAction\",\"target\":[\"https:\/\/affectionate-mestorf.212-227-211-20.plesk.page\/index.php\/product\/imprimante-de-marque-hp-de-model-283-fdw-pas-chere-au-cameroun\/\"]}]},{\"@type\":\"BreadcrumbList\",\"@id\":\"https:\/\/affectionate-mestorf.212-227-211-20.plesk.page\/index.php\/product\/imprimante-de-marque-hp-de-model-283-fdw-pas-chere-au-cameroun\/#breadcrumb\",\"itemListElement\":[{\"@type\":\"ListItem\",\"position\":1,\"name\":\"Home\",\"item\":\"https:\/\/affectionate-mestorf.212-227-211-20.plesk.page\/\"},{\"@type\":\"ListItem\",\"position\":2,\"name\":\"Shop\",\"item\":\"https:\/\/affectionate-mestorf.212-227-211-20.plesk.page\/index.php\/shop\/\"},{\"@type\":\"ListItem\",\"position\":3,\"name\":\"IMPRIMANTE DE MARQUE HP DE MODEL 283 FDW PAS CHERE AU CAMEROUN\"}]},{\"@type\":\"WebSite\",\"@id\":\"https:\/\/affectionate-mestorf.212-227-211-20.plesk.page\/#website\",\"url\":\"https:\/\/affectionate-mestorf.212-227-211-20.plesk.page\/\",\"name\":\"Dream Millenium Computer\",\"description\":\"Vous servir, Notre R\u00eave\",\"potentialAction\":[{\"@type\":\"SearchAction\",\"target\":{\"@type\":\"EntryPoint\",\"urlTemplate\":\"https:\/\/affectionate-mestorf.212-227-211-20.plesk.page\/?s={search_term_string}\"},\"query-input\":\"required name=search_term_string\"}],\"inLanguage\":\"fr-FR\"}]}<\/script>\n<!-- \/ Yoast SEO plugin. -->","yoast_head_json":{"title":"IMPRIMANTE DE MARQUE HP DE MODEL 283 FDW PAS CHERE AU CAMEROUN - Dream Millenium Computer","robots":{"index":"index","follow":"follow","max-snippet":"max-snippet:-1","max-image-preview":"max-image-preview:large","max-video-preview":"max-video-preview:-1"},"canonical":"https:\/\/affectionate-mestorf.212-227-211-20.plesk.page\/index.php\/product\/imprimante-de-marque-hp-de-model-283-fdw-pas-chere-au-cameroun\/","og_locale":"fr_FR","og_type":"article","og_title":"IMPRIMANTE DE MARQUE HP DE MODEL 283 FDW PAS CHERE AU CAMEROUN - Dream Millenium Computer","og_description":"Avec la HP Color LaserJet Pro M283fdw, imprimez des documents couleur de grande qualit\u00e9, page apr\u00e8s page, et effectuez des t\u00e2ches d\u2019impression en toute confiance afin d'augmenter votre productivit\u00e9.      Offrez-vous l'impression recto-verso automatique, et traitez les t\u00e2ches en un clin d'\u0153il avec le chargeur automatique de documents (ADF) de 50 pages  Num\u00e9risez des fichiers num\u00e9riques directement vers un e-mail, des dossiers r\u00e9seau, et plus encore. Prot\u00e9gez vos donn\u00e9es, vos p\u00e9riph\u00e9riques et vos documents  Restez productif et ajoutez du papier moins souvent gr\u00e2ce \u00e0 un bac de 250 feuilles  Rapidit\u00e9 gr\u00e2ce \u00e0 des documents de plusieurs pages avec impression recto-verso automatique","og_url":"https:\/\/affectionate-mestorf.212-227-211-20.plesk.page\/index.php\/product\/imprimante-de-marque-hp-de-model-283-fdw-pas-chere-au-cameroun\/","og_site_name":"Dream Millenium Computer","twitter_card":"summary_large_image","twitter_misc":{"Dur\u00e9e de lecture estim\u00e9e":"1 minute"},"schema":{"@context":"https:\/\/schema.org","@graph":[{"@type":"WebPage","@id":"https:\/\/affectionate-mestorf.212-227-211-20.plesk.page\/index.php\/product\/imprimante-de-marque-hp-de-model-283-fdw-pas-chere-au-cameroun\/","url":"https:\/\/affectionate-mestorf.212-227-211-20.plesk.page\/index.php\/product\/imprimante-de-marque-hp-de-model-283-fdw-pas-chere-au-cameroun\/","name":"IMPRIMANTE DE MARQUE HP DE MODEL 283 FDW PAS CHERE AU CAMEROUN - Dream Millenium Computer","isPartOf":{"@id":"https:\/\/affectionate-mestorf.212-227-211-20.plesk.page\/#website"},"datePublished":"2022-05-22T18:33:40+00:00","dateModified":"2022-05-22T18:33:40+00:00","breadcrumb":{"@id":"https:\/\/affectionate-mestorf.212-227-211-20.plesk.page\/index.php\/product\/imprimante-de-marque-hp-de-model-283-fdw-pas-chere-au-cameroun\/#breadcrumb"},"inLanguage":"fr-FR","potentialAction":[{"@type":"ReadAction","target":["https:\/\/affectionate-mestorf.212-227-211-20.plesk.page\/index.php\/product\/imprimante-de-marque-hp-de-model-283-fdw-pas-chere-au-cameroun\/"]}]},{"@type":"BreadcrumbList","@id":"https:\/\/affectionate-mestorf.212-227-211-20.plesk.page\/index.php\/product\/imprimante-de-marque-hp-de-model-283-fdw-pas-chere-au-cameroun\/#breadcrumb","itemListElement":[{"@type":"ListItem","position":1,"name":"Home","item":"https:\/\/affectionate-mestorf.212-227-211-20.plesk.page\/"},{"@type":"ListItem","position":2,"name":"Shop","item":"https:\/\/affectionate-mestorf.212-227-211-20.plesk.page\/index.php\/shop\/"},{"@type":"ListItem","position":3,"name":"IMPRIMANTE DE MARQUE HP DE MODEL 283 FDW PAS CHERE AU CAMEROUN"}]},{"@type":"WebSite","@id":"https:\/\/affectionate-mestorf.212-227-211-20.plesk.page\/#website","url":"https:\/\/affectionate-mestorf.212-227-211-20.plesk.page\/","name":"Dream Millenium Computer","description":"Vous servir, Notre R\u00eave","potentialAction":[{"@type":"SearchAction","target":{"@type":"EntryPoint","urlTemplate":"https:\/\/affectionate-mestorf.212-227-211-20.plesk.page\/?s={search_term_string}"},"query-input":"required name=search_term_string"}],"inLanguage":"fr-FR"}]}},"_links":{"self":[{"href":"https:\/\/affectionate-mestorf.212-227-211-20.plesk.page\/index.php\/wp-json\/wp\/v2\/product\/8733","targetHints":{"allow":["GET"]}}],"collection":[{"href":"https:\/\/affectionate-mestorf.212-227-211-20.plesk.page\/index.php\/wp-json\/wp\/v2\/product"}],"about":[{"href":"https:\/\/affectionate-mestorf.212-227-211-20.plesk.page\/index.php\/wp-json\/wp\/v2\/types\/product"}],"wp:featuredmedia":[{"embeddable":true,"href":"https:\/\/affectionate-mestorf.212-227-211-20.plesk.page\/index.php\/wp-json\/wp\/v2\/media\/8663"}],"wp:attachment":[{"href":"https:\/\/affectionate-mestorf.212-227-211-20.plesk.page\/index.php\/wp-json\/wp\/v2\/media?parent=8733"}],"wp:term":[{"taxonomy":"product_cat","embeddable":true,"href":"https:\/\/affectionate-mestorf.212-227-211-20.plesk.page\/index.php\/wp-json\/wp\/v2\/product_cat?post=8733"},{"taxonomy":"product_tag","embeddable":true,"href":"https:\/\/affectionate-mestorf.212-227-211-20.plesk.page\/index.php\/wp-json\/wp\/v2\/product_tag?post=8733"}],"curies":[{"name":"wp","href":"https:\/\/api.w.org\/{rel}","templated":true}]}}