{"id":8731,"date":"2022-05-22T18:33:40","date_gmt":"2022-05-22T18:33:40","guid":{"rendered":"https:\/\/affectionate-mestorf.212-227-211-20.plesk.page\/index.php\/product\/imprimante-de-marque-hp-de-modele-4120-tres-moins-chere-au-camerouni\/"},"modified":"2022-05-22T18:33:40","modified_gmt":"2022-05-22T18:33:40","slug":"imprimante-de-marque-hp-de-modele-4120-tres-moins-chere-au-camerouni","status":"publish","type":"product","link":"https:\/\/affectionate-mestorf.212-227-211-20.plesk.page\/index.php\/product\/imprimante-de-marque-hp-de-modele-4120-tres-moins-chere-au-camerouni\/","title":{"rendered":"IMPRIMANTE DE MARQUE HP DE MODELE 4120 TRES MOINS CHERE AU CAMEROUNI"},"content":{"rendered":"<p>Technologie d&rsquo;impression Impression Jet d\u2019encre<br \/>\n Fonctions Imprime ; Scan ; Copie<br \/>\n Cartouches d&rsquo;impression 305 noir (1200 pages) ; 305 couleur (100 pages)<br \/>\n Vitesse d&rsquo;impression Jusqu&rsquo;\u00e0 20 ppm<br \/>\n Qualit\u00e9 d&rsquo;impression Jusqu&rsquo;\u00e0 1200 x 1200 ppp<br \/>\n Cycle d&rsquo;utilisation Jusqu&rsquo;\u00e0 1000 pages (mensuel, A4)<br \/>\n Connectivit\u00e9 1 port USB haut d\u00e9bit 2.0, WIFI<br \/>\n Impression recto\/verso Non<br \/>\n Processeur 180 MHz<br \/>\n Memoire 86 Mo<br \/>\n Capacit\u00e9 bac papier bac multifonction de 25 feuilles<br \/>\n Formats de supports pris en charge Bac universel 1 : A4, A5, A6, B5 (JIS), B6 (JIS), RA4, 10 x 15 cm, enveloppe (ISO DL, ISO C5, ISO C6, ISO B5)<br \/>\n Types de support pris en charge Papier uni, papier photo<br \/>\n Dimensions (l x p x h) 47.5 x 19.1 x 35.4 mm<br \/>\n Poids net 3,42 kg<br \/>\n C\u00e2ble fourni Non, acheter un c\u00e2ble USB s\u00e9par\u00e9ment<\/p>\n","protected":false},"excerpt":{"rendered":"<p>s\u00e9ries DeskJet Plus 4120<br \/>\n Caract\u00e9ristique sp\u00e9ciale Pr\u00eat \u00e0 l&#8217;emploi<br \/>\n Marque HP<br \/>\n Couleur Ciment<br \/>\n Presse \u00e9crite Envelopes, Paper (plain)<br \/>\n Style Sans HP+<br \/>\n Composants inclus HP DeskJet 4120 All-in-One Printer (cement), HP 305 Setup Black Cartouche d&rsquo;encre, HP 305 Setup Tri-Color, manuel de configuration, c\u00e2ble d&rsquo;alimentation, mode d&#8217;emploi, instructions de r\u00e9glementationHP DeskJet 4120 All-in-One Printer (cement), HP 305 Setup Black Cartouche d&rsquo;encre, HP 305 Setup Tri-Color, manuel d\u2026 Voir plus<br \/>\n Type de connecteur USB 2.0 und Wi-Fi 802.11a\/b\/g\/n<br \/>\n Technologie d&rsquo;impression Jet d&rsquo;Encre<br \/>\n Sortie d&rsquo;imprimante Couleur<\/p>\n","protected":false},"featured_media":8659,"template":"","meta":[],"product_cat":[204],"product_tag":[],"class_list":["post-8731","product","type-product","status-publish","has-post-thumbnail","hentry","product_cat-imprimante"],"yoast_head":"<!-- This site is optimized with the Yoast SEO plugin v19.9 - https:\/\/yoast.com\/wordpress\/plugins\/seo\/ -->\n<title>IMPRIMANTE DE MARQUE HP DE MODELE 4120 TRES MOINS CHERE AU CAMEROUNI - Dream Millenium Computer<\/title>\n<meta name=\"robots\" content=\"index, follow, max-snippet:-1, max-image-preview:large, max-video-preview:-1\" \/>\n<link rel=\"canonical\" href=\"https:\/\/affectionate-mestorf.212-227-211-20.plesk.page\/index.php\/product\/imprimante-de-marque-hp-de-modele-4120-tres-moins-chere-au-camerouni\/\" \/>\n<meta property=\"og:locale\" content=\"fr_FR\" \/>\n<meta property=\"og:type\" content=\"article\" \/>\n<meta property=\"og:title\" content=\"IMPRIMANTE DE MARQUE HP DE MODELE 4120 TRES MOINS CHERE AU CAMEROUNI - Dream Millenium Computer\" \/>\n<meta property=\"og:description\" content=\"s\u00e9ries DeskJet Plus 4120  Caract\u00e9ristique sp\u00e9ciale Pr\u00eat \u00e0 l&#039;emploi  Marque HP  Couleur Ciment  Presse \u00e9crite Envelopes, Paper (plain)  Style Sans HP+  Composants inclus HP DeskJet 4120 All-in-One Printer (cement), HP 305 Setup Black Cartouche d&#039;encre, HP 305 Setup Tri-Color, manuel de configuration, c\u00e2ble d&#039;alimentation, mode d&#039;emploi, instructions de r\u00e9glementationHP DeskJet 4120 All-in-One Printer (cement), HP 305 Setup Black Cartouche d&#039;encre, HP 305 Setup Tri-Color, manuel d\u2026 Voir plus  Type de connecteur USB 2.0 und Wi-Fi 802.11a\/b\/g\/n  Technologie d&#039;impression Jet d&#039;Encre  Sortie d&#039;imprimante Couleur\" \/>\n<meta property=\"og:url\" content=\"https:\/\/affectionate-mestorf.212-227-211-20.plesk.page\/index.php\/product\/imprimante-de-marque-hp-de-modele-4120-tres-moins-chere-au-camerouni\/\" \/>\n<meta property=\"og:site_name\" content=\"Dream Millenium Computer\" \/>\n<meta name=\"twitter:card\" content=\"summary_large_image\" \/>\n<meta name=\"twitter:label1\" content=\"Dur\u00e9e de lecture estim\u00e9e\" \/>\n\t<meta name=\"twitter:data1\" content=\"1 minute\" \/>\n<script type=\"application\/ld+json\" class=\"yoast-schema-graph\">{\"@context\":\"https:\/\/schema.org\",\"@graph\":[{\"@type\":\"WebPage\",\"@id\":\"https:\/\/affectionate-mestorf.212-227-211-20.plesk.page\/index.php\/product\/imprimante-de-marque-hp-de-modele-4120-tres-moins-chere-au-camerouni\/\",\"url\":\"https:\/\/affectionate-mestorf.212-227-211-20.plesk.page\/index.php\/product\/imprimante-de-marque-hp-de-modele-4120-tres-moins-chere-au-camerouni\/\",\"name\":\"IMPRIMANTE DE MARQUE HP DE MODELE 4120 TRES MOINS CHERE AU CAMEROUNI - Dream Millenium Computer\",\"isPartOf\":{\"@id\":\"https:\/\/affectionate-mestorf.212-227-211-20.plesk.page\/#website\"},\"datePublished\":\"2022-05-22T18:33:40+00:00\",\"dateModified\":\"2022-05-22T18:33:40+00:00\",\"breadcrumb\":{\"@id\":\"https:\/\/affectionate-mestorf.212-227-211-20.plesk.page\/index.php\/product\/imprimante-de-marque-hp-de-modele-4120-tres-moins-chere-au-camerouni\/#breadcrumb\"},\"inLanguage\":\"fr-FR\",\"potentialAction\":[{\"@type\":\"ReadAction\",\"target\":[\"https:\/\/affectionate-mestorf.212-227-211-20.plesk.page\/index.php\/product\/imprimante-de-marque-hp-de-modele-4120-tres-moins-chere-au-camerouni\/\"]}]},{\"@type\":\"BreadcrumbList\",\"@id\":\"https:\/\/affectionate-mestorf.212-227-211-20.plesk.page\/index.php\/product\/imprimante-de-marque-hp-de-modele-4120-tres-moins-chere-au-camerouni\/#breadcrumb\",\"itemListElement\":[{\"@type\":\"ListItem\",\"position\":1,\"name\":\"Home\",\"item\":\"https:\/\/affectionate-mestorf.212-227-211-20.plesk.page\/\"},{\"@type\":\"ListItem\",\"position\":2,\"name\":\"Shop\",\"item\":\"https:\/\/affectionate-mestorf.212-227-211-20.plesk.page\/index.php\/shop\/\"},{\"@type\":\"ListItem\",\"position\":3,\"name\":\"IMPRIMANTE DE MARQUE HP DE MODELE 4120 TRES MOINS CHERE AU CAMEROUNI\"}]},{\"@type\":\"WebSite\",\"@id\":\"https:\/\/affectionate-mestorf.212-227-211-20.plesk.page\/#website\",\"url\":\"https:\/\/affectionate-mestorf.212-227-211-20.plesk.page\/\",\"name\":\"Dream Millenium Computer\",\"description\":\"Vous servir, Notre R\u00eave\",\"potentialAction\":[{\"@type\":\"SearchAction\",\"target\":{\"@type\":\"EntryPoint\",\"urlTemplate\":\"https:\/\/affectionate-mestorf.212-227-211-20.plesk.page\/?s={search_term_string}\"},\"query-input\":\"required name=search_term_string\"}],\"inLanguage\":\"fr-FR\"}]}<\/script>\n<!-- \/ Yoast SEO plugin. -->","yoast_head_json":{"title":"IMPRIMANTE DE MARQUE HP DE MODELE 4120 TRES MOINS CHERE AU CAMEROUNI - Dream Millenium Computer","robots":{"index":"index","follow":"follow","max-snippet":"max-snippet:-1","max-image-preview":"max-image-preview:large","max-video-preview":"max-video-preview:-1"},"canonical":"https:\/\/affectionate-mestorf.212-227-211-20.plesk.page\/index.php\/product\/imprimante-de-marque-hp-de-modele-4120-tres-moins-chere-au-camerouni\/","og_locale":"fr_FR","og_type":"article","og_title":"IMPRIMANTE DE MARQUE HP DE MODELE 4120 TRES MOINS CHERE AU CAMEROUNI - Dream Millenium Computer","og_description":"s\u00e9ries DeskJet Plus 4120  Caract\u00e9ristique sp\u00e9ciale Pr\u00eat \u00e0 l'emploi  Marque HP  Couleur Ciment  Presse \u00e9crite Envelopes, Paper (plain)  Style Sans HP+  Composants inclus HP DeskJet 4120 All-in-One Printer (cement), HP 305 Setup Black Cartouche d'encre, HP 305 Setup Tri-Color, manuel de configuration, c\u00e2ble d'alimentation, mode d'emploi, instructions de r\u00e9glementationHP DeskJet 4120 All-in-One Printer (cement), HP 305 Setup Black Cartouche d'encre, HP 305 Setup Tri-Color, manuel d\u2026 Voir plus  Type de connecteur USB 2.0 und Wi-Fi 802.11a\/b\/g\/n  Technologie d'impression Jet d'Encre  Sortie d'imprimante Couleur","og_url":"https:\/\/affectionate-mestorf.212-227-211-20.plesk.page\/index.php\/product\/imprimante-de-marque-hp-de-modele-4120-tres-moins-chere-au-camerouni\/","og_site_name":"Dream Millenium Computer","twitter_card":"summary_large_image","twitter_misc":{"Dur\u00e9e de lecture estim\u00e9e":"1 minute"},"schema":{"@context":"https:\/\/schema.org","@graph":[{"@type":"WebPage","@id":"https:\/\/affectionate-mestorf.212-227-211-20.plesk.page\/index.php\/product\/imprimante-de-marque-hp-de-modele-4120-tres-moins-chere-au-camerouni\/","url":"https:\/\/affectionate-mestorf.212-227-211-20.plesk.page\/index.php\/product\/imprimante-de-marque-hp-de-modele-4120-tres-moins-chere-au-camerouni\/","name":"IMPRIMANTE DE MARQUE HP DE MODELE 4120 TRES MOINS CHERE AU CAMEROUNI - Dream Millenium Computer","isPartOf":{"@id":"https:\/\/affectionate-mestorf.212-227-211-20.plesk.page\/#website"},"datePublished":"2022-05-22T18:33:40+00:00","dateModified":"2022-05-22T18:33:40+00:00","breadcrumb":{"@id":"https:\/\/affectionate-mestorf.212-227-211-20.plesk.page\/index.php\/product\/imprimante-de-marque-hp-de-modele-4120-tres-moins-chere-au-camerouni\/#breadcrumb"},"inLanguage":"fr-FR","potentialAction":[{"@type":"ReadAction","target":["https:\/\/affectionate-mestorf.212-227-211-20.plesk.page\/index.php\/product\/imprimante-de-marque-hp-de-modele-4120-tres-moins-chere-au-camerouni\/"]}]},{"@type":"BreadcrumbList","@id":"https:\/\/affectionate-mestorf.212-227-211-20.plesk.page\/index.php\/product\/imprimante-de-marque-hp-de-modele-4120-tres-moins-chere-au-camerouni\/#breadcrumb","itemListElement":[{"@type":"ListItem","position":1,"name":"Home","item":"https:\/\/affectionate-mestorf.212-227-211-20.plesk.page\/"},{"@type":"ListItem","position":2,"name":"Shop","item":"https:\/\/affectionate-mestorf.212-227-211-20.plesk.page\/index.php\/shop\/"},{"@type":"ListItem","position":3,"name":"IMPRIMANTE DE MARQUE HP DE MODELE 4120 TRES MOINS CHERE AU CAMEROUNI"}]},{"@type":"WebSite","@id":"https:\/\/affectionate-mestorf.212-227-211-20.plesk.page\/#website","url":"https:\/\/affectionate-mestorf.212-227-211-20.plesk.page\/","name":"Dream Millenium Computer","description":"Vous servir, Notre R\u00eave","potentialAction":[{"@type":"SearchAction","target":{"@type":"EntryPoint","urlTemplate":"https:\/\/affectionate-mestorf.212-227-211-20.plesk.page\/?s={search_term_string}"},"query-input":"required name=search_term_string"}],"inLanguage":"fr-FR"}]}},"_links":{"self":[{"href":"https:\/\/affectionate-mestorf.212-227-211-20.plesk.page\/index.php\/wp-json\/wp\/v2\/product\/8731","targetHints":{"allow":["GET"]}}],"collection":[{"href":"https:\/\/affectionate-mestorf.212-227-211-20.plesk.page\/index.php\/wp-json\/wp\/v2\/product"}],"about":[{"href":"https:\/\/affectionate-mestorf.212-227-211-20.plesk.page\/index.php\/wp-json\/wp\/v2\/types\/product"}],"wp:featuredmedia":[{"embeddable":true,"href":"https:\/\/affectionate-mestorf.212-227-211-20.plesk.page\/index.php\/wp-json\/wp\/v2\/media\/8659"}],"wp:attachment":[{"href":"https:\/\/affectionate-mestorf.212-227-211-20.plesk.page\/index.php\/wp-json\/wp\/v2\/media?parent=8731"}],"wp:term":[{"taxonomy":"product_cat","embeddable":true,"href":"https:\/\/affectionate-mestorf.212-227-211-20.plesk.page\/index.php\/wp-json\/wp\/v2\/product_cat?post=8731"},{"taxonomy":"product_tag","embeddable":true,"href":"https:\/\/affectionate-mestorf.212-227-211-20.plesk.page\/index.php\/wp-json\/wp\/v2\/product_tag?post=8731"}],"curies":[{"name":"wp","href":"https:\/\/api.w.org\/{rel}","templated":true}]}}