{"id":6575,"date":"2015-07-17T08:31:59","date_gmt":"2015-07-17T08:31:59","guid":{"rendered":"https:\/\/demo.wpthemego.com\/themes\/sw_maxshop\/?page_id=6575"},"modified":"2022-05-24T14:08:30","modified_gmt":"2022-05-24T14:08:30","slug":"contact-v1","status":"publish","type":"page","link":"https:\/\/affectionate-mestorf.212-227-211-20.plesk.page\/index.php\/contact-v1\/","title":{"rendered":"Contact v1"},"content":{"rendered":"\t\t<div data-elementor-type=\"wp-page\" data-elementor-id=\"6575\" class=\"elementor elementor-6575\">\n\t\t\t\t\t\t\t\t\t<section class=\"elementor-section elementor-top-section elementor-element elementor-element-3aca512 elementor-section-stretched elementor-section-boxed elementor-section-height-default elementor-section-height-default\" data-id=\"3aca512\" data-element_type=\"section\" data-settings=\"{&quot;stretch_section&quot;:&quot;section-stretched&quot;}\">\n\t\t\t\t\t\t<div class=\"elementor-container elementor-column-gap-no\">\n\t\t\t\t\t<div class=\"elementor-column elementor-col-100 elementor-top-column elementor-element elementor-element-fe0efd0\" data-id=\"fe0efd0\" data-element_type=\"column\">\n\t\t\t<div class=\"elementor-widget-wrap elementor-element-populated\">\n\t\t\t\t\t\t\t\t<div class=\"elementor-element elementor-element-da07923 elementor-widget elementor-widget-google_maps\" data-id=\"da07923\" data-element_type=\"widget\" data-widget_type=\"google_maps.default\">\n\t\t\t\t<div class=\"elementor-widget-container\">\n\t\t\t<style>\/*! elementor - v3.8.0 - 30-10-2022 *\/\n.elementor-widget-google_maps .elementor-widget-container{overflow:hidden}.elementor-widget-google_maps iframe{height:300px}<\/style>\t\t<div class=\"elementor-custom-embed\">\n\t\t\t<iframe frameborder=\"0\" scrolling=\"no\" marginheight=\"0\" marginwidth=\"0\"\n\t\t\t\t\tsrc=\"https:\/\/maps.google.com\/maps?q=2MXV%2B46%20Douala&#038;t=m&#038;z=20&#038;output=embed&#038;iwloc=near\"\n\t\t\t\t\ttitle=\"2MXV+46 Douala\"\n\t\t\t\t\taria-label=\"2MXV+46 Douala\"\n\t\t\t><\/iframe>\n\t\t<\/div>\n\t\t\t\t<\/div>\n\t\t\t\t<\/div>\n\t\t\t\t\t<\/div>\n\t\t<\/div>\n\t\t\t\t\t\t\t<\/div>\n\t\t<\/section>\n\t\t\t\t<section class=\"elementor-section elementor-top-section elementor-element elementor-element-2900bc1 elementor-section-stretched contact-bonus elementor-section-boxed elementor-section-height-default elementor-section-height-default\" data-id=\"2900bc1\" data-element_type=\"section\" data-settings=\"{&quot;stretch_section&quot;:&quot;section-stretched&quot;}\">\n\t\t\t\t\t\t<div class=\"elementor-container elementor-column-gap-extended\">\n\t\t\t\t\t<div class=\"elementor-column elementor-col-50 elementor-top-column elementor-element elementor-element-8002b6e\" data-id=\"8002b6e\" data-element_type=\"column\">\n\t\t\t<div class=\"elementor-widget-wrap elementor-element-populated\">\n\t\t\t\t\t\t\t\t<div class=\"elementor-element elementor-element-10817f2 elementor-widget elementor-widget-text-editor\" data-id=\"10817f2\" data-element_type=\"widget\" data-widget_type=\"text-editor.default\">\n\t\t\t\t<div class=\"elementor-widget-container\">\n\t\t\t<style>\/*! elementor - v3.8.0 - 30-10-2022 *\/\n.elementor-widget-text-editor.elementor-drop-cap-view-stacked .elementor-drop-cap{background-color:#818a91;color:#fff}.elementor-widget-text-editor.elementor-drop-cap-view-framed .elementor-drop-cap{color:#818a91;border:3px solid;background-color:transparent}.elementor-widget-text-editor:not(.elementor-drop-cap-view-default) .elementor-drop-cap{margin-top:8px}.elementor-widget-text-editor:not(.elementor-drop-cap-view-default) .elementor-drop-cap-letter{width:1em;height:1em}.elementor-widget-text-editor .elementor-drop-cap{float:left;text-align:center;line-height:1;font-size:50px}.elementor-widget-text-editor .elementor-drop-cap-letter{display:inline-block}<\/style>\t\t\t\t<div class=\"page-title\"><h3>CONTACTEZ NOUS<\/h3><\/div><p>Lorem ipsum dolor sit amet conse ctetur adipisicing elit, sed do eiusmod tempor incididunt ut labore et dolore magna aliqua. Ut enim ad minim veniam<\/p><p>Quis nostrud exercitation ullamco laboris nisi ut aliquip ex ea commodo consequat sed do eiusmod tempor incididunt ut labore dolore<\/p><p class=\"ct ct-street\">Derri\u00e8re l&rsquo;h\u00f4tel R\u00e9sidence la Falaise AKWA<\/p><p class=\"ct ct-email\">Email : <a title=\"contact@dmc-computer.com\" href=\"mailto:contact@dmc-computer.com\">contact@dmc-computer.com<\/a><\/p><p class=\"ct ct-hotline\">Hotline : <a title=\"Call:+237 233 423 904\" href=\"tel:+84123456789\">+237 233 423 904 \/ +237 695 340 488<\/a><\/p><div id=\"socials\" class=\"socials-style5\" ><a href=\"#\" title=\"facebook\"><i class=\"fa fa-facebook\"><\/i><\/a><\/div><div id=\"socials\" class=\"socials-style5\" ><a href=\"#\" title=\"instagram\"><i class=\"fa fa-instagram\"><\/i><\/a><\/div> <div id=\"socials\" class=\"socials-style5\" ><a href=\"#\" title=\"linkedin\"><i class=\"fa fa-linkedin\"><\/i><\/a><\/div>\t\t\t\t\t\t<\/div>\n\t\t\t\t<\/div>\n\t\t\t\t\t<\/div>\n\t\t<\/div>\n\t\t\t\t<div class=\"elementor-column elementor-col-50 elementor-top-column elementor-element elementor-element-e6bc800\" data-id=\"e6bc800\" data-element_type=\"column\">\n\t\t\t<div class=\"elementor-widget-wrap elementor-element-populated\">\n\t\t\t\t\t\t\t\t<div class=\"elementor-element elementor-element-3e7a1f9 elementor-widget elementor-widget-text-editor\" data-id=\"3e7a1f9\" data-element_type=\"widget\" data-widget_type=\"text-editor.default\">\n\t\t\t\t<div class=\"elementor-widget-container\">\n\t\t\t\t\t\t\t<div class=\"page-title\"><h3>ENVOYEZ VOS COMMENTAIRES ET RECLAMATIONS ICI<\/h3><\/div><div role=\"form\" class=\"wpcf7\" id=\"wpcf7-f6581-o1\" lang=\"en-US\" dir=\"ltr\">\n<div class=\"screen-reader-response\"><p role=\"status\" aria-live=\"polite\" aria-atomic=\"true\"><\/p> <ul><\/ul><\/div>\n<form action=\"\/index.php\/wp-json\/wp\/v2\/pages\/6575#wpcf7-f6581-o1\" method=\"post\" class=\"wpcf7-form init\" novalidate=\"novalidate\" data-status=\"init\">\n<div style=\"display: none;\">\n<input type=\"hidden\" name=\"_wpcf7\" value=\"6581\" \/>\n<input type=\"hidden\" name=\"_wpcf7_version\" value=\"5.6.4\" \/>\n<input type=\"hidden\" name=\"_wpcf7_locale\" value=\"en_US\" \/>\n<input type=\"hidden\" name=\"_wpcf7_unit_tag\" value=\"wpcf7-f6581-o1\" \/>\n<input type=\"hidden\" name=\"_wpcf7_container_post\" value=\"0\" \/>\n<input type=\"hidden\" name=\"_wpcf7_posted_data_hash\" value=\"\" \/>\n<\/div>\n<p class=\"border-dashed\">Votre nom :<span class=\"wpcf7-form-control-wrap\" data-name=\"your-name\"><input type=\"text\" name=\"your-name\" value=\"\" size=\"40\" class=\"wpcf7-form-control wpcf7-text wpcf7-validates-as-required\" aria-required=\"true\" aria-invalid=\"false\" \/><\/span> <\/p>\n<p class=\"border-dashed\"> Votre E-mail :<span class=\"wpcf7-form-control-wrap\" data-name=\"your-email\"><input type=\"email\" name=\"your-email\" value=\"\" size=\"40\" class=\"wpcf7-form-control wpcf7-text wpcf7-email wpcf7-validates-as-required wpcf7-validates-as-email\" aria-required=\"true\" aria-invalid=\"false\" \/><\/span> <\/p>\n<p class=\"border-dashed\">Sujet :<span class=\"wpcf7-form-control-wrap\" data-name=\"your-subject\"><input type=\"text\" name=\"your-subject\" value=\"\" size=\"40\" class=\"wpcf7-form-control wpcf7-text\" aria-invalid=\"false\" \/><\/span> <\/p>\n<p>Your Comments :<br \/>\n    <span class=\"wpcf7-form-control-wrap\" data-name=\"your-message\"><textarea name=\"your-message\" cols=\"40\" rows=\"10\" class=\"wpcf7-form-control wpcf7-textarea\" aria-invalid=\"false\"><\/textarea><\/span><br \/>\n<input type=\"submit\" value=\"ENVOYEZ\" class=\"wpcf7-form-control has-spinner wpcf7-submit\" \/><\/p>\n<div class=\"wpcf7-response-output\" aria-hidden=\"true\"><\/div><\/form><\/div>\t\t\t\t\t\t<\/div>\n\t\t\t\t<\/div>\n\t\t\t\t\t<\/div>\n\t\t<\/div>\n\t\t\t\t\t\t\t<\/div>\n\t\t<\/section>\n\t\t\t\t\t\t\t<\/div>\n\t\t","protected":false},"excerpt":{"rendered":"<p>CONTACTEZ NOUS Lorem ipsum dolor sit amet conse ctetur adipisicing elit, sed do eiusmod tempor incididunt ut labore et dolore magna aliqua. Ut enim ad minim veniam Quis nostrud exercitation ullamco laboris nisi ut aliquip ex ea commodo consequat sed &hellip; <a href=\"https:\/\/affectionate-mestorf.212-227-211-20.plesk.page\/index.php\/contact-v1\/\">Readmore<\/a><\/p>\n","protected":false},"author":1,"featured_media":0,"parent":0,"menu_order":0,"comment_status":"closed","ping_status":"closed","template":"no-title.php","meta":{"footnotes":""},"class_list":["post-6575","page","type-page","status-publish","hentry"],"yoast_head":"<!-- This site is optimized with the Yoast SEO plugin v19.9 - https:\/\/yoast.com\/wordpress\/plugins\/seo\/ -->\n<title>Contact v1 - Dream Millenium Computer<\/title>\n<meta name=\"robots\" content=\"index, follow, max-snippet:-1, max-image-preview:large, max-video-preview:-1\" \/>\n<link rel=\"canonical\" href=\"https:\/\/affectionate-mestorf.212-227-211-20.plesk.page\/index.php\/contact-v1\/\" \/>\n<meta property=\"og:locale\" content=\"fr_FR\" \/>\n<meta property=\"og:type\" content=\"article\" \/>\n<meta property=\"og:title\" content=\"Contact v1 - Dream Millenium Computer\" \/>\n<meta property=\"og:description\" content=\"CONTACTEZ NOUS Lorem ipsum dolor sit amet conse ctetur adipisicing elit, sed do eiusmod tempor incididunt ut labore et dolore magna aliqua. Ut enim ad minim veniam Quis nostrud exercitation ullamco laboris nisi ut aliquip ex ea commodo consequat sed &hellip; Readmore\" \/>\n<meta property=\"og:url\" content=\"https:\/\/affectionate-mestorf.212-227-211-20.plesk.page\/index.php\/contact-v1\/\" \/>\n<meta property=\"og:site_name\" content=\"Dream Millenium Computer\" \/>\n<meta property=\"article:modified_time\" content=\"2022-05-24T14:08:30+00:00\" \/>\n<meta name=\"twitter:card\" content=\"summary_large_image\" \/>\n<meta name=\"twitter:label1\" content=\"Dur\u00e9e de lecture estim\u00e9e\" \/>\n\t<meta name=\"twitter:data1\" content=\"1 minute\" \/>\n<script type=\"application\/ld+json\" class=\"yoast-schema-graph\">{\"@context\":\"https:\/\/schema.org\",\"@graph\":[{\"@type\":\"WebPage\",\"@id\":\"https:\/\/affectionate-mestorf.212-227-211-20.plesk.page\/index.php\/contact-v1\/\",\"url\":\"https:\/\/affectionate-mestorf.212-227-211-20.plesk.page\/index.php\/contact-v1\/\",\"name\":\"Contact v1 - Dream Millenium Computer\",\"isPartOf\":{\"@id\":\"https:\/\/affectionate-mestorf.212-227-211-20.plesk.page\/#website\"},\"datePublished\":\"2015-07-17T08:31:59+00:00\",\"dateModified\":\"2022-05-24T14:08:30+00:00\",\"breadcrumb\":{\"@id\":\"https:\/\/affectionate-mestorf.212-227-211-20.plesk.page\/index.php\/contact-v1\/#breadcrumb\"},\"inLanguage\":\"fr-FR\",\"potentialAction\":[{\"@type\":\"ReadAction\",\"target\":[\"https:\/\/affectionate-mestorf.212-227-211-20.plesk.page\/index.php\/contact-v1\/\"]}]},{\"@type\":\"BreadcrumbList\",\"@id\":\"https:\/\/affectionate-mestorf.212-227-211-20.plesk.page\/index.php\/contact-v1\/#breadcrumb\",\"itemListElement\":[{\"@type\":\"ListItem\",\"position\":1,\"name\":\"Home\",\"item\":\"https:\/\/affectionate-mestorf.212-227-211-20.plesk.page\/\"},{\"@type\":\"ListItem\",\"position\":2,\"name\":\"Contact v1\"}]},{\"@type\":\"WebSite\",\"@id\":\"https:\/\/affectionate-mestorf.212-227-211-20.plesk.page\/#website\",\"url\":\"https:\/\/affectionate-mestorf.212-227-211-20.plesk.page\/\",\"name\":\"Dream Millenium Computer\",\"description\":\"Vous servir, Notre R\u00eave\",\"potentialAction\":[{\"@type\":\"SearchAction\",\"target\":{\"@type\":\"EntryPoint\",\"urlTemplate\":\"https:\/\/affectionate-mestorf.212-227-211-20.plesk.page\/?s={search_term_string}\"},\"query-input\":\"required name=search_term_string\"}],\"inLanguage\":\"fr-FR\"}]}<\/script>\n<!-- \/ Yoast SEO plugin. -->","yoast_head_json":{"title":"Contact v1 - Dream Millenium Computer","robots":{"index":"index","follow":"follow","max-snippet":"max-snippet:-1","max-image-preview":"max-image-preview:large","max-video-preview":"max-video-preview:-1"},"canonical":"https:\/\/affectionate-mestorf.212-227-211-20.plesk.page\/index.php\/contact-v1\/","og_locale":"fr_FR","og_type":"article","og_title":"Contact v1 - Dream Millenium Computer","og_description":"CONTACTEZ NOUS Lorem ipsum dolor sit amet conse ctetur adipisicing elit, sed do eiusmod tempor incididunt ut labore et dolore magna aliqua. Ut enim ad minim veniam Quis nostrud exercitation ullamco laboris nisi ut aliquip ex ea commodo consequat sed &hellip; Readmore","og_url":"https:\/\/affectionate-mestorf.212-227-211-20.plesk.page\/index.php\/contact-v1\/","og_site_name":"Dream Millenium Computer","article_modified_time":"2022-05-24T14:08:30+00:00","twitter_card":"summary_large_image","twitter_misc":{"Dur\u00e9e de lecture estim\u00e9e":"1 minute"},"schema":{"@context":"https:\/\/schema.org","@graph":[{"@type":"WebPage","@id":"https:\/\/affectionate-mestorf.212-227-211-20.plesk.page\/index.php\/contact-v1\/","url":"https:\/\/affectionate-mestorf.212-227-211-20.plesk.page\/index.php\/contact-v1\/","name":"Contact v1 - Dream Millenium Computer","isPartOf":{"@id":"https:\/\/affectionate-mestorf.212-227-211-20.plesk.page\/#website"},"datePublished":"2015-07-17T08:31:59+00:00","dateModified":"2022-05-24T14:08:30+00:00","breadcrumb":{"@id":"https:\/\/affectionate-mestorf.212-227-211-20.plesk.page\/index.php\/contact-v1\/#breadcrumb"},"inLanguage":"fr-FR","potentialAction":[{"@type":"ReadAction","target":["https:\/\/affectionate-mestorf.212-227-211-20.plesk.page\/index.php\/contact-v1\/"]}]},{"@type":"BreadcrumbList","@id":"https:\/\/affectionate-mestorf.212-227-211-20.plesk.page\/index.php\/contact-v1\/#breadcrumb","itemListElement":[{"@type":"ListItem","position":1,"name":"Home","item":"https:\/\/affectionate-mestorf.212-227-211-20.plesk.page\/"},{"@type":"ListItem","position":2,"name":"Contact v1"}]},{"@type":"WebSite","@id":"https:\/\/affectionate-mestorf.212-227-211-20.plesk.page\/#website","url":"https:\/\/affectionate-mestorf.212-227-211-20.plesk.page\/","name":"Dream Millenium Computer","description":"Vous servir, Notre R\u00eave","potentialAction":[{"@type":"SearchAction","target":{"@type":"EntryPoint","urlTemplate":"https:\/\/affectionate-mestorf.212-227-211-20.plesk.page\/?s={search_term_string}"},"query-input":"required name=search_term_string"}],"inLanguage":"fr-FR"}]}},"_links":{"self":[{"href":"https:\/\/affectionate-mestorf.212-227-211-20.plesk.page\/index.php\/wp-json\/wp\/v2\/pages\/6575","targetHints":{"allow":["GET"]}}],"collection":[{"href":"https:\/\/affectionate-mestorf.212-227-211-20.plesk.page\/index.php\/wp-json\/wp\/v2\/pages"}],"about":[{"href":"https:\/\/affectionate-mestorf.212-227-211-20.plesk.page\/index.php\/wp-json\/wp\/v2\/types\/page"}],"author":[{"embeddable":true,"href":"https:\/\/affectionate-mestorf.212-227-211-20.plesk.page\/index.php\/wp-json\/wp\/v2\/users\/1"}],"replies":[{"embeddable":true,"href":"https:\/\/affectionate-mestorf.212-227-211-20.plesk.page\/index.php\/wp-json\/wp\/v2\/comments?post=6575"}],"version-history":[{"count":10,"href":"https:\/\/affectionate-mestorf.212-227-211-20.plesk.page\/index.php\/wp-json\/wp\/v2\/pages\/6575\/revisions"}],"predecessor-version":[{"id":9003,"href":"https:\/\/affectionate-mestorf.212-227-211-20.plesk.page\/index.php\/wp-json\/wp\/v2\/pages\/6575\/revisions\/9003"}],"wp:attachment":[{"href":"https:\/\/affectionate-mestorf.212-227-211-20.plesk.page\/index.php\/wp-json\/wp\/v2\/media?parent=6575"}],"curies":[{"name":"wp","href":"https:\/\/api.w.org\/{rel}","templated":true}]}}